{"id":80,"date":"2014-12-10T18:44:48","date_gmt":"2014-12-10T18:44:48","guid":{"rendered":"https:\/\/uenf.br\/graduacao\/licenciatura-biologia\/?page_id=80"},"modified":"2022-07-06T18:22:02","modified_gmt":"2022-07-06T21:22:02","slug":"procuracao-modelo","status":"publish","type":"page","link":"https:\/\/uenf.br\/graduacao\/licenciatura-biologia\/procuracao-modelo\/","title":{"rendered":"Procura\u00e7\u00e3o (modelo)"},"content":{"rendered":"<p><a href=\"https:\/\/uenf.br\/graduacao\/licenciatura-biologia\/wp-content\/uploads\/sites\/6\/2018\/11\/Procura\u00e7\u00e3o-para-matr\u00edcula-1\u00ba-sem-2019-Modelo.doc\">Procura\u00e7\u00e3o para matr\u00edcula &#8211; Modelo<\/a><\/p>\n","protected":false},"excerpt":{"rendered":"<p>Procura\u00e7\u00e3o para matr\u00edcula &#8211; Modelo<\/p>\n","protected":false},"author":11,"featured_media":0,"parent":0,"menu_order":19,"comment_status":"open","ping_status":"open","template":"","meta":{"footnotes":""},"class_list":["post-80","page","type-page","status-publish","hentry"],"_links":{"self":[{"href":"https:\/\/uenf.br\/graduacao\/licenciatura-biologia\/wp-json\/wp\/v2\/pages\/80","targetHints":{"allow":["GET"]}}],"collection":[{"href":"https:\/\/uenf.br\/graduacao\/licenciatura-biologia\/wp-json\/wp\/v2\/pages"}],"about":[{"href":"https:\/\/uenf.br\/graduacao\/licenciatura-biologia\/wp-json\/wp\/v2\/types\/page"}],"author":[{"embeddable":true,"href":"https:\/\/uenf.br\/graduacao\/licenciatura-biologia\/wp-json\/wp\/v2\/users\/11"}],"replies":[{"embeddable":true,"href":"https:\/\/uenf.br\/graduacao\/licenciatura-biologia\/wp-json\/wp\/v2\/comments?post=80"}],"version-history":[{"count":0,"href":"https:\/\/uenf.br\/graduacao\/licenciatura-biologia\/wp-json\/wp\/v2\/pages\/80\/revisions"}],"wp:attachment":[{"href":"https:\/\/uenf.br\/graduacao\/licenciatura-biologia\/wp-json\/wp\/v2\/media?parent=80"}],"curies":[{"name":"wp","href":"https:\/\/api.w.org\/{rel}","templated":true}]}}