{"id":867,"date":"2019-07-08T23:11:49","date_gmt":"2019-07-08T23:11:49","guid":{"rendered":"https:\/\/uenf.br\/graduacao\/licenciatura-biologia\/?page_id=867"},"modified":"2022-03-29T17:16:30","modified_gmt":"2022-03-29T20:16:30","slug":"atividades-academico-cientifico-culturais","status":"publish","type":"page","link":"https:\/\/uenf.br\/graduacao\/licenciatura-biologia\/atividades-academico-cientifico-culturais\/","title":{"rendered":"Atividades Acad\u00eamico-Cient\u00edfico-Culturais"},"content":{"rendered":"<p><a href=\"https:\/\/uenf.br\/graduacao\/licenciatura-biologia\/wp-content\/uploads\/sites\/6\/2019\/07\/Formul\u00e1rio-p-solic-aproveitamento.doc\">Formul\u00e1rio para solicita\u00e7\u00e3o de aproveitamento<\/a><\/p>\n<p>&nbsp;<\/p>\n<p><a href=\"https:\/\/uenf.br\/graduacao\/licenciatura-biologia\/wp-content\/uploads\/sites\/6\/2022\/03\/Tabela-de-Carga-Horaria.pdf\">Tabela de Carga Hor\u00e1ria<\/a><\/p>\n<p>&nbsp;<\/p>\n<p><a href=\"https:\/\/uenf.br\/graduacao\/licenciatura-biologia\/wp-content\/uploads\/sites\/6\/2019\/07\/REGULAMENTA\u00c7\u00c3O-PARA-AS-ATIVIDADES-ACAD\u00caMICO.docx\">Regulamenta\u00e7\u00e3o para AACC<\/a><\/p>\n<div id=\"wrapper\">\n<div id=\"container\"><\/div>\n<\/div>\n","protected":false},"excerpt":{"rendered":"<p>Formul\u00e1rio para solicita\u00e7\u00e3o de aproveitamento &nbsp; Tabela de Carga Hor\u00e1ria &nbsp; Regulamenta\u00e7\u00e3o para AACC<\/p>\n","protected":false},"author":11,"featured_media":0,"parent":0,"menu_order":11,"comment_status":"closed","ping_status":"closed","template":"","meta":{"footnotes":""},"class_list":["post-867","page","type-page","status-publish","hentry"],"_links":{"self":[{"href":"https:\/\/uenf.br\/graduacao\/licenciatura-biologia\/wp-json\/wp\/v2\/pages\/867","targetHints":{"allow":["GET"]}}],"collection":[{"href":"https:\/\/uenf.br\/graduacao\/licenciatura-biologia\/wp-json\/wp\/v2\/pages"}],"about":[{"href":"https:\/\/uenf.br\/graduacao\/licenciatura-biologia\/wp-json\/wp\/v2\/types\/page"}],"author":[{"embeddable":true,"href":"https:\/\/uenf.br\/graduacao\/licenciatura-biologia\/wp-json\/wp\/v2\/users\/11"}],"replies":[{"embeddable":true,"href":"https:\/\/uenf.br\/graduacao\/licenciatura-biologia\/wp-json\/wp\/v2\/comments?post=867"}],"version-history":[{"count":0,"href":"https:\/\/uenf.br\/graduacao\/licenciatura-biologia\/wp-json\/wp\/v2\/pages\/867\/revisions"}],"wp:attachment":[{"href":"https:\/\/uenf.br\/graduacao\/licenciatura-biologia\/wp-json\/wp\/v2\/media?parent=867"}],"curies":[{"name":"wp","href":"https:\/\/api.w.org\/{rel}","templated":true}]}}