{"id":90,"date":"2014-12-10T18:52:38","date_gmt":"2014-12-10T18:52:38","guid":{"rendered":"https:\/\/uenf.br\/graduacao\/licenciatura-biologia\/?page_id=90"},"modified":"2020-01-29T16:35:53","modified_gmt":"2020-01-29T19:35:53","slug":"estagios-supervisionados","status":"publish","type":"page","link":"https:\/\/uenf.br\/graduacao\/licenciatura-biologia\/estagios-supervisionados\/","title":{"rendered":"Est\u00e1gio Supervisionado"},"content":{"rendered":"<p>&nbsp;<\/p>\n<p>Conforme o Regimento Geral da Gradua\u00e7\u00e3o \u201ca atividade de est\u00e1gio \u00e9 de natureza exclusivamente discente e ter\u00e1 como finalidade geral inserir o estudante no mundo laboral e na pr\u00e1tica social, de forma a promover o aprimoramento e a prepara\u00e7\u00e3o profissional e, mais especificamente, propiciar a complementa\u00e7\u00e3o do ensino e da aprendizagem, minimizar os impactos causados pela passagem da vida estudantil para a profissional e propiciar maior dinamismo \u00e0 integra\u00e7\u00e3o e interc\u00e2mbio t\u00e9cnico entre a Universidade, o mundo laboral e outras institui\u00e7\u00f5es de ensino.<\/p>\n<p>O est\u00e1gio, como procedimento did\u00e1tico-pedag\u00f3gico e Ato Educativo, \u00e9 essencialmente uma atividade curricular de compet\u00eancia da Institui\u00e7\u00e3o de Ensino, que deve integrar o Projeto Pedag\u00f3gico do Curso e o Projeto Pedag\u00f3gico da Institui\u00e7\u00e3o.\u201d<\/p>\n<p>&nbsp;<\/p>\n<p>&nbsp;<\/p>\n","protected":false},"excerpt":{"rendered":"<p>&nbsp; Conforme o Regimento Geral da Gradua\u00e7\u00e3o \u201ca atividade de est\u00e1gio \u00e9 de natureza exclusivamente discente e ter\u00e1 como finalidade&#8230;<\/p>\n","protected":false},"author":11,"featured_media":0,"parent":0,"menu_order":12,"comment_status":"open","ping_status":"closed","template":"","meta":{"footnotes":""},"class_list":["post-90","page","type-page","status-publish","hentry"],"_links":{"self":[{"href":"https:\/\/uenf.br\/graduacao\/licenciatura-biologia\/wp-json\/wp\/v2\/pages\/90","targetHints":{"allow":["GET"]}}],"collection":[{"href":"https:\/\/uenf.br\/graduacao\/licenciatura-biologia\/wp-json\/wp\/v2\/pages"}],"about":[{"href":"https:\/\/uenf.br\/graduacao\/licenciatura-biologia\/wp-json\/wp\/v2\/types\/page"}],"author":[{"embeddable":true,"href":"https:\/\/uenf.br\/graduacao\/licenciatura-biologia\/wp-json\/wp\/v2\/users\/11"}],"replies":[{"embeddable":true,"href":"https:\/\/uenf.br\/graduacao\/licenciatura-biologia\/wp-json\/wp\/v2\/comments?post=90"}],"version-history":[{"count":0,"href":"https:\/\/uenf.br\/graduacao\/licenciatura-biologia\/wp-json\/wp\/v2\/pages\/90\/revisions"}],"wp:attachment":[{"href":"https:\/\/uenf.br\/graduacao\/licenciatura-biologia\/wp-json\/wp\/v2\/media?parent=90"}],"curies":[{"name":"wp","href":"https:\/\/api.w.org\/{rel}","templated":true}]}}