{"id":95,"date":"2014-12-10T19:13:54","date_gmt":"2014-12-10T19:13:54","guid":{"rendered":"https:\/\/uenf.br\/graduacao\/licenciatura-biologia\/?page_id=95"},"modified":"2020-01-29T16:21:27","modified_gmt":"2020-01-29T19:21:27","slug":"ementas","status":"publish","type":"page","link":"https:\/\/uenf.br\/graduacao\/licenciatura-biologia\/ementas\/","title":{"rendered":"Ementas"},"content":{"rendered":"<p>As ementas das disciplinas de conte\u00fado espec\u00edfico s\u00e3o de responsabilidade dos laborat\u00f3rios do CBB. As disciplinas de Instrumenta\u00e7\u00e3o para o Ensino, que apresentam perfil misto, podem ser desenvolvidas em parcerias entre os professores das \u00e1reas de concentra\u00e7\u00e3o espec\u00edfica \u2013 CBB, podendo haver a participa\u00e7\u00e3o de um ou mais laborat\u00f3rios, dependendo do conte\u00fado a ser trabalhado. As ementas das disciplinas de forma\u00e7\u00e3o geral como F\u00edsica e Qu\u00edmica est\u00e3o sob a responsabilidade do Centro de Ci\u00eancias e Tecnologias (CCT); a da disciplina Bioestat\u00edstica est\u00e1 sob a responsabilidade do Centro de Ci\u00eancias e Tecnologias Agropecu\u00e1rias (CCTA) e as ementas das disciplinas de forma\u00e7\u00e3o pedag\u00f3gica est\u00e3o sob a responsabilidade do Centro de Ci\u00eancias do Homem (CCH)<\/p>\n","protected":false},"excerpt":{"rendered":"<p>As ementas das disciplinas de conte\u00fado espec\u00edfico s\u00e3o de responsabilidade dos laborat\u00f3rios do CBB. As disciplinas de Instrumenta\u00e7\u00e3o para o&#8230;<\/p>\n","protected":false},"author":11,"featured_media":0,"parent":0,"menu_order":7,"comment_status":"open","ping_status":"closed","template":"","meta":{"footnotes":""},"class_list":["post-95","page","type-page","status-publish","hentry"],"_links":{"self":[{"href":"https:\/\/uenf.br\/graduacao\/licenciatura-biologia\/wp-json\/wp\/v2\/pages\/95","targetHints":{"allow":["GET"]}}],"collection":[{"href":"https:\/\/uenf.br\/graduacao\/licenciatura-biologia\/wp-json\/wp\/v2\/pages"}],"about":[{"href":"https:\/\/uenf.br\/graduacao\/licenciatura-biologia\/wp-json\/wp\/v2\/types\/page"}],"author":[{"embeddable":true,"href":"https:\/\/uenf.br\/graduacao\/licenciatura-biologia\/wp-json\/wp\/v2\/users\/11"}],"replies":[{"embeddable":true,"href":"https:\/\/uenf.br\/graduacao\/licenciatura-biologia\/wp-json\/wp\/v2\/comments?post=95"}],"version-history":[{"count":0,"href":"https:\/\/uenf.br\/graduacao\/licenciatura-biologia\/wp-json\/wp\/v2\/pages\/95\/revisions"}],"wp:attachment":[{"href":"https:\/\/uenf.br\/graduacao\/licenciatura-biologia\/wp-json\/wp\/v2\/media?parent=95"}],"curies":[{"name":"wp","href":"https:\/\/api.w.org\/{rel}","templated":true}]}}