{"id":120,"date":"2018-07-19T18:14:31","date_gmt":"2018-07-19T21:14:31","guid":{"rendered":"https:\/\/uenf.br\/graduacao\/licenciatura-fisica\/?page_id=120"},"modified":"2020-07-02T19:12:59","modified_gmt":"2020-07-02T22:12:59","slug":"colegiado","status":"publish","type":"page","link":"https:\/\/uenf.br\/graduacao\/licenciatura-fisica\/o-curso\/colegiado\/","title":{"rendered":"Colegiado do Curso"},"content":{"rendered":"<p>Gest\u00e3o 01 de mar\u00e7o de 2020 a 28 de fevereiro de 2022<\/p>\n<p>Roberto da Trindade Faria J\u00fanior \u2013 Coordenador \u2013 fisica@uenf.br<\/p>\n<p>Andr\u00e9 Oliveira Guimar\u00e3es<\/p>\n<p>Denise Ribeiro dos Santos<\/p>\n<p>Leonardo Mota de Oliveira<\/p>\n<p>Ana Maria Silva de Senna \u2013 LCMAT<\/p>\n<p>Arthur George Tissi Batista \u2013 Representante Discente (<em>pr\u00f3-tempore<\/em>)<\/p>\n","protected":false},"excerpt":{"rendered":"<p>Gest\u00e3o 01 de mar\u00e7o de 2020 a 28 de fevereiro de 2022 Roberto da Trindade Faria J\u00fanior \u2013 Coordenador \u2013&#8230;<\/p>\n","protected":false},"author":17,"featured_media":0,"parent":126,"menu_order":3,"comment_status":"closed","ping_status":"closed","template":"","meta":{"footnotes":""},"class_list":["post-120","page","type-page","status-publish","hentry"],"_links":{"self":[{"href":"https:\/\/uenf.br\/graduacao\/licenciatura-fisica\/wp-json\/wp\/v2\/pages\/120","targetHints":{"allow":["GET"]}}],"collection":[{"href":"https:\/\/uenf.br\/graduacao\/licenciatura-fisica\/wp-json\/wp\/v2\/pages"}],"about":[{"href":"https:\/\/uenf.br\/graduacao\/licenciatura-fisica\/wp-json\/wp\/v2\/types\/page"}],"author":[{"embeddable":true,"href":"https:\/\/uenf.br\/graduacao\/licenciatura-fisica\/wp-json\/wp\/v2\/users\/17"}],"replies":[{"embeddable":true,"href":"https:\/\/uenf.br\/graduacao\/licenciatura-fisica\/wp-json\/wp\/v2\/comments?post=120"}],"version-history":[{"count":0,"href":"https:\/\/uenf.br\/graduacao\/licenciatura-fisica\/wp-json\/wp\/v2\/pages\/120\/revisions"}],"up":[{"embeddable":true,"href":"https:\/\/uenf.br\/graduacao\/licenciatura-fisica\/wp-json\/wp\/v2\/pages\/126"}],"wp:attachment":[{"href":"https:\/\/uenf.br\/graduacao\/licenciatura-fisica\/wp-json\/wp\/v2\/media?parent=120"}],"curies":[{"name":"wp","href":"https:\/\/api.w.org\/{rel}","templated":true}]}}