{"id":126,"date":"2018-07-19T18:29:31","date_gmt":"2018-07-19T21:29:31","guid":{"rendered":"https:\/\/uenf.br\/graduacao\/licenciatura-fisica\/?page_id=126"},"modified":"2020-07-03T12:19:28","modified_gmt":"2020-07-03T15:19:28","slug":"o-curso","status":"publish","type":"page","link":"https:\/\/uenf.br\/graduacao\/licenciatura-fisica\/","title":{"rendered":"O Curso"},"content":{"rendered":"<h1 style=\"text-align: center\">F\u00cdSICA<\/h1>\n<h2 style=\"text-align: center\">Habilita\u00e7\u00e3o: Licenciatura<\/h2>\n<h2 style=\"text-align: center\">Modalidade: Presencial<\/h2>\n<h2 style=\"text-align: center\">Turno: noturno\/vespertino<\/h2>\n<h2 style=\"text-align: center\">Ingresso: Anual<\/h2>\n<p>O Curso de F\u00edsica da UENF tem por objetivo a forma\u00e7\u00e3o de profissionais para o exerc\u00edcio do magist\u00e9rio na Educa\u00e7\u00e3o B\u00e1sica na \u00e1rea de F\u00edsica, com conhecimento e dom\u00ednio de m\u00e9todos e t\u00e9cnicas que permitam o desenvolvimento de atitudes cr\u00edticas e inovadoras para a aplica\u00e7\u00e3o no ensino da F\u00edsica. O perfil do egresso do curso de Licenciatura em F\u00edsica da UENF \u00e9 o de f\u00edsico-educador, estabelecido nas Diretrizes Nacionais Curriculares para os Cursos de Licenciatura em F\u00edsica.<\/p>\n<p>O curso teve in\u00edcio no ano 2000 e foi reconhecido pela Portaria CEE(RJ) n. 232, publicada no DOERJ em 06\/03\/2006.<\/p>\n<p>O ingresso \u00e9 feito atrav\u00e9s do sistema ENEM-SISU. A cada ano s\u00e3o oferecidas 30 vagas, sendo 16 vagas (53 %) em ampla concorr\u00eancia e 14 vagas (47 %) em a\u00e7\u00f5es afirmativas.<\/p>\n<p>Desde a sua cria\u00e7\u00e3o at\u00e9 dezembro de 2017, 118 estudantes obtiveram o diploma de Licenciado em F\u00edsica.<\/p>\n<p>O Licenciado dedica-se \u00e0 dissemina\u00e7\u00e3o do saber cient\u00edfico em F\u00edsica e ao exerc\u00edcio docente no Ensino M\u00e9dio. Sua forma\u00e7\u00e3o contempla conhecimentos s\u00f3lidos e atualizados, de modo que esse profissional pode tamb\u00e9m dedicar-se \u00e0 pesquisa na Educa\u00e7\u00e3o ou nas Ci\u00eancias Naturais. A participa\u00e7\u00e3o em atividades de pesquisa, extens\u00e3o e monitoria \u00e9 estimulada e oferecida aos estudantes de licenciatura atrav\u00e9s dos diversos Editais.<\/p>\n<p>&nbsp;<\/p>\n","protected":false},"excerpt":{"rendered":"<p>F\u00cdSICA Habilita\u00e7\u00e3o: Licenciatura Modalidade: Presencial Turno: noturno\/vespertino Ingresso: Anual O Curso de F\u00edsica da UENF tem por objetivo a forma\u00e7\u00e3o&#8230;<\/p>\n","protected":false},"author":17,"featured_media":0,"parent":0,"menu_order":0,"comment_status":"closed","ping_status":"closed","template":"","meta":{"footnotes":""},"class_list":["post-126","page","type-page","status-publish","hentry"],"_links":{"self":[{"href":"https:\/\/uenf.br\/graduacao\/licenciatura-fisica\/wp-json\/wp\/v2\/pages\/126","targetHints":{"allow":["GET"]}}],"collection":[{"href":"https:\/\/uenf.br\/graduacao\/licenciatura-fisica\/wp-json\/wp\/v2\/pages"}],"about":[{"href":"https:\/\/uenf.br\/graduacao\/licenciatura-fisica\/wp-json\/wp\/v2\/types\/page"}],"author":[{"embeddable":true,"href":"https:\/\/uenf.br\/graduacao\/licenciatura-fisica\/wp-json\/wp\/v2\/users\/17"}],"replies":[{"embeddable":true,"href":"https:\/\/uenf.br\/graduacao\/licenciatura-fisica\/wp-json\/wp\/v2\/comments?post=126"}],"version-history":[{"count":0,"href":"https:\/\/uenf.br\/graduacao\/licenciatura-fisica\/wp-json\/wp\/v2\/pages\/126\/revisions"}],"wp:attachment":[{"href":"https:\/\/uenf.br\/graduacao\/licenciatura-fisica\/wp-json\/wp\/v2\/media?parent=126"}],"curies":[{"name":"wp","href":"https:\/\/api.w.org\/{rel}","templated":true}]}}