{"id":130,"date":"2018-07-19T18:30:54","date_gmt":"2018-07-19T21:30:54","guid":{"rendered":"https:\/\/uenf.br\/graduacao\/licenciatura-fisica\/?page_id=130"},"modified":"2020-07-03T12:23:18","modified_gmt":"2020-07-03T15:23:18","slug":"projeto-pedagogico-do-curso","status":"publish","type":"page","link":"https:\/\/uenf.br\/graduacao\/licenciatura-fisica\/o-curso\/projeto-pedagogico-do-curso\/","title":{"rendered":"Projeto Pedag\u00f3gico do Curso"},"content":{"rendered":"<p>O\u00a0 PPC\u00a0 \u00e9 um importante documento, que cont\u00e9m as diretrizes que norteiam a vida acad\u00eamica do estudante, juntamente com o Regimento Geral da UENF e as Normas da Gradua\u00e7\u00e3o. \u00c9 responsabilidade do aluno estar atento ao PPC, homologado pelo Conselho Universit\u00e1rio em 18\/10\/2019\u00a0 e \u00a0dispon\u00edvel para <span style=\"color: #0000ff\"><a style=\"color: #0000ff\" href=\"https:\/\/uenf.br\/graduacao\/licenciatura-fisica\/wp-content\/uploads\/sites\/10\/2020\/01\/PPC_Fisica_2019.pdf\">download aqui<\/a><\/span>.<\/p>\n","protected":false},"excerpt":{"rendered":"<p>O\u00a0 PPC\u00a0 \u00e9 um importante documento, que cont\u00e9m as diretrizes que norteiam a vida acad\u00eamica do estudante, juntamente com o&#8230;<\/p>\n","protected":false},"author":17,"featured_media":0,"parent":126,"menu_order":1,"comment_status":"closed","ping_status":"closed","template":"","meta":{"footnotes":""},"class_list":["post-130","page","type-page","status-publish","hentry"],"_links":{"self":[{"href":"https:\/\/uenf.br\/graduacao\/licenciatura-fisica\/wp-json\/wp\/v2\/pages\/130","targetHints":{"allow":["GET"]}}],"collection":[{"href":"https:\/\/uenf.br\/graduacao\/licenciatura-fisica\/wp-json\/wp\/v2\/pages"}],"about":[{"href":"https:\/\/uenf.br\/graduacao\/licenciatura-fisica\/wp-json\/wp\/v2\/types\/page"}],"author":[{"embeddable":true,"href":"https:\/\/uenf.br\/graduacao\/licenciatura-fisica\/wp-json\/wp\/v2\/users\/17"}],"replies":[{"embeddable":true,"href":"https:\/\/uenf.br\/graduacao\/licenciatura-fisica\/wp-json\/wp\/v2\/comments?post=130"}],"version-history":[{"count":0,"href":"https:\/\/uenf.br\/graduacao\/licenciatura-fisica\/wp-json\/wp\/v2\/pages\/130\/revisions"}],"up":[{"embeddable":true,"href":"https:\/\/uenf.br\/graduacao\/licenciatura-fisica\/wp-json\/wp\/v2\/pages\/126"}],"wp:attachment":[{"href":"https:\/\/uenf.br\/graduacao\/licenciatura-fisica\/wp-json\/wp\/v2\/media?parent=130"}],"curies":[{"name":"wp","href":"https:\/\/api.w.org\/{rel}","templated":true}]}}