{"id":133,"date":"2018-07-19T18:36:02","date_gmt":"2018-07-19T21:36:02","guid":{"rendered":"https:\/\/uenf.br\/graduacao\/licenciatura-fisica\/?page_id=133"},"modified":"2020-07-03T12:27:20","modified_gmt":"2020-07-03T15:27:20","slug":"atividades-academicas-cientifico-culturais","status":"publish","type":"page","link":"https:\/\/uenf.br\/graduacao\/licenciatura-fisica\/o-curso\/atividades-academicas-cientifico-culturais\/","title":{"rendered":"Atividades Acad\u00eamicas Complementares: AAC"},"content":{"rendered":"<p class=\"western\">Al\u00e9m das disciplinas, \u00e9 exigida a comprova\u00e7\u00e3o de 204 horas de Atividades Acad\u00eamicas Complementares (AAC) no \u00faltimo per\u00edodo.<\/p>\n<p class=\"western\">AAC tem como objetivo o aproveitamento de atividades, habilidades, conhecimentos e compet\u00eancias desenvolvidas de forma complementar e extracurricular \u00e0 forma\u00e7\u00e3o do discente, inclusive atividades de Extens\u00e3o e habilidades adquiridas fora do ambiente acad\u00eamico. Compreende <span style=\"color: #000000\">a participa\u00e7\u00e3o em<\/span> atividades <span style=\"color: #000000\">te\u00f3rico-pr\u00e1ticas<\/span> <span style=\"color: #000000\">para enriquecimento curricular ou atividades de aprofundamento em \u00e1reas espec\u00edficas de interesse dos estudantes<\/span>.<\/p>\n<p class=\"western\">A carga hor\u00e1ria deve estar distribu\u00edda entre v\u00e1rias atividades, que ser\u00e3o contabilizadas conforme a tabela abaixo, onde est\u00e1 estabelecida uma carga hor\u00e1ria m\u00e1xima para cada tipo de atividade a fim de que o aluno diversifique a sua participa\u00e7\u00e3o. Inclui a participa\u00e7\u00e3o em eventos de natureza social, cultural art\u00edstica, cient\u00edfica e tecnol\u00f3gica, tanto no \u00e2mbito das Ci\u00eancias de modo geral, quanto no \u00e2mbito de sua prepara\u00e7\u00e3o \u00e9tica, est\u00e9tica e human\u00edstica.<\/p>\n<p>A ficha para contabilizar as AAC est\u00e1 dispon\u00edvel para <span style=\"color: #0000ff\"><a style=\"color: #0000ff\" href=\"https:\/\/uenf.br\/graduacao\/licenciatura-fisica\/wp-content\/uploads\/sites\/10\/2020\/01\/FICHA-AACC-FIS04110-2018-1.pdf\">download aqui<\/a><\/span>.<\/p>\n<p><a href=\"https:\/\/uenf.br\/graduacao\/licenciatura-fisica\/wp-content\/uploads\/sites\/10\/2020\/01\/FICHA-AACC-FIS04110-2018-1.pdf\" class=\"pdfemb-viewer\" style=\"\" data-width=\"max\" data-height=\"max\" data-toolbar=\"bottom\" data-toolbar-fixed=\"off\">FICHA-AACC-FIS04110-2018<\/a>.<\/p>\n<p class=\"western\">Somente poder\u00e1 colar grau o discente que tiver cumprido <b>a totalidade da carga hor\u00e1ria<\/b> de AAC. Sugere-se ao estudante a sua participa\u00e7\u00e3o nos v\u00e1rios eventos que s\u00e3o promovidos pela UENF ao longo de cada ano letivo. O aluno deve ter em mente que tais atividades auxiliam na sua forma\u00e7\u00e3o, pois \u00e9 nesse tipo de evento que ele poder\u00e1 ter contato direto com outras fontes de informa\u00e7\u00e3o al\u00e9m daquelas obtidas em sala de aula. A Semana Acad\u00eamica \u00e9 o mais importante evento realizado pelos alunos da Universidade, e \u00e9 justamente nessa semana que \u00e9 realizado o Encontro de Licenciatura em F\u00edsica (ELF) que busca trazer palestrantes de v\u00e1rias vertentes da F\u00edsica, tanto do ensino quanto da pesquisa b\u00e1sica. H\u00e1 durante o ELF a realiza\u00e7\u00e3o de minicursos e oficinas. A organiza\u00e7\u00e3o do ELF dever\u00e1 estar sob a responsabilidade dos alunos do terceiro ao quinto per\u00edodo do curso. Outra oportunidade para participar de um evento anual \u00e9 o Encontro de Inicia\u00e7\u00e3o Cient\u00edfica onde h\u00e1 a participa\u00e7\u00e3o de todos os alunos de IC que exp\u00f5em os trabalhos realizados em suas pesquisas. Por outro lado a Semana de Ci\u00eancia e Tecnologia tem como finalidade mobilizar a popula\u00e7\u00e3o de modo geral, e os alunos da Universidade particularmente, em torno de temas e atividades de Ci\u00eancia e Tecnologia (C&amp;T) buscando valorizar a criatividade, a atitude cient\u00edfica e a inova\u00e7\u00e3o.<\/p>\n<p class=\"western\">A <b>coordena\u00e7\u00e3o de AAC<\/b> ser\u00e1 de responsabilidade do Coordenador de Curso ou de um membro do Colegiado de Curso. Ser\u00e1 considerada responsabilidade do aluno entregar para a coordena\u00e7\u00e3o uma c\u00f3pia do certificado de cada atividade realizada, pelo menos com 30 dias de anteced\u00eancia do fim do per\u00edodo letivo, segundo o Calend\u00e1rio Acad\u00eamico vigente. A coordena\u00e7\u00e3o realizar\u00e1 a contagem e valida\u00e7\u00e3o da carga hor\u00e1ria.<\/p>\n<p class=\"western\">O Colegiado do Curso ter\u00e1 autonomia para alterar a contabiliza\u00e7\u00e3o de carga hor\u00e1ria ou validar novas atividades ainda n\u00e3o contempladas na tabela, podendo estabelecer os crit\u00e9rios para an\u00e1lise, contabiliza\u00e7\u00e3o e registro de AAC, ou ainda estabelecer a carga hor\u00e1ria m\u00ednima e m\u00e1xima para cada atividade j\u00e1 prevista. Compete ao Colegiado do Curso estabelecer procedimentos para o requerimento de aproveitamento de AAC e crit\u00e9rios para deferimento da solicita\u00e7\u00e3o.<\/p>\n<p class=\"western\">O discente poder\u00e1 cursar somente <b>uma disciplina eletiva por per\u00edodo letivo<\/b>, limitado a uma carga hor\u00e1ria m\u00e1xima de 136\u00a0h ao longo de sua matr\u00edcula vigente no curso. Parte dessa carga hor\u00e1ria pode ser contada como AAC dentro do limite m\u00e1ximo previsto na Tabela.<\/p>\n<p class=\"western\" align=\"left\">As atividades complementares sugeridas nas Normas da Gradua\u00e7\u00e3o envolvem:<\/p>\n<p class=\"western\" align=\"left\">a) atividades de inicia\u00e7\u00e3o cient\u00edfica ou tecnol\u00f3gica;<\/p>\n<p class=\"western\" align=\"left\">b) atividades de inicia\u00e7\u00e3o \u00e0 doc\u00eancia;<\/p>\n<p class=\"western\" align=\"left\">c) atividades de monitoria;<\/p>\n<p class=\"western\" align=\"left\">d) atividades de extens\u00e3o;<\/p>\n<p class=\"western\" align=\"left\">e) participa\u00e7\u00e3o, mediante apresenta\u00e7\u00e3o de certificado, de cursos de idiomas, comunica\u00e7\u00e3o e express\u00e3o, inform\u00e1tica desde que n\u00e3o tenham sido aproveitadas como disciplinas;<\/p>\n<p class=\"western\" align=\"left\">f) publica\u00e7\u00e3o de artigos cient\u00edficos em revistas cient\u00edficas indexadas;<\/p>\n<p class=\"western\" align=\"left\">g) publica\u00e7\u00e3o de resumos cient\u00edficos em anais de eventos locais, nacionais ou internacionais;<\/p>\n<p class=\"western\" align=\"left\">h) participa\u00e7\u00e3o em palestras, confer\u00eancias , semanas acad\u00eamicas, semin\u00e1rios, simp\u00f3sios, congressos, feiras na \u00e1rea do curso ou afins, realizados na UENF ou em outras IES;<\/p>\n<p class=\"western\" align=\"left\">i) participa\u00e7\u00e3o em cursos de extens\u00e3o e atualiza\u00e7\u00e3o, na \u00e1rea de forma\u00e7\u00e3o;<\/p>\n<p class=\"western\" align=\"left\">j) organiza\u00e7\u00e3o de eventos locais ou nacionais;<\/p>\n<p class=\"western\" align=\"left\">k) participa\u00e7\u00e3o na organiza\u00e7\u00e3o de campanhas ou programas de a\u00e7\u00e3o social, promovidas por \u00f3rg\u00e3os governamentais e n\u00e3o governamentais;<\/p>\n<p class=\"western\" align=\"left\">l) participa\u00e7\u00e3o em empresa j\u00fanior;<\/p>\n<p class=\"western\" align=\"left\">m) representa\u00e7\u00e3o estudantil nos Colegiados da UENF;<\/p>\n<p class=\"western\" align=\"left\">n) est\u00e1gio n\u00e3o-obrigat\u00f3rio quando a carga hor\u00e1ria n\u00e3o tiver sido aproveitada como est\u00e1gio obrigat\u00f3rio;<\/p>\n<p class=\"western\" align=\"left\">o) disciplinas eletivas cursadas com aprova\u00e7\u00e3o durante a vig\u00eancia da matr\u00edcula do discente, desde que n\u00e3o tenham sido aproveitadas;<\/p>\n","protected":false},"excerpt":{"rendered":"<p>Al\u00e9m das disciplinas, \u00e9 exigida a comprova\u00e7\u00e3o de 204 horas de Atividades Acad\u00eamicas Complementares (AAC) no \u00faltimo per\u00edodo. AAC tem&#8230;<\/p>\n","protected":false},"author":17,"featured_media":0,"parent":126,"menu_order":5,"comment_status":"closed","ping_status":"closed","template":"","meta":{"footnotes":""},"class_list":["post-133","page","type-page","status-publish","hentry"],"_links":{"self":[{"href":"https:\/\/uenf.br\/graduacao\/licenciatura-fisica\/wp-json\/wp\/v2\/pages\/133","targetHints":{"allow":["GET"]}}],"collection":[{"href":"https:\/\/uenf.br\/graduacao\/licenciatura-fisica\/wp-json\/wp\/v2\/pages"}],"about":[{"href":"https:\/\/uenf.br\/graduacao\/licenciatura-fisica\/wp-json\/wp\/v2\/types\/page"}],"author":[{"embeddable":true,"href":"https:\/\/uenf.br\/graduacao\/licenciatura-fisica\/wp-json\/wp\/v2\/users\/17"}],"replies":[{"embeddable":true,"href":"https:\/\/uenf.br\/graduacao\/licenciatura-fisica\/wp-json\/wp\/v2\/comments?post=133"}],"version-history":[{"count":0,"href":"https:\/\/uenf.br\/graduacao\/licenciatura-fisica\/wp-json\/wp\/v2\/pages\/133\/revisions"}],"up":[{"embeddable":true,"href":"https:\/\/uenf.br\/graduacao\/licenciatura-fisica\/wp-json\/wp\/v2\/pages\/126"}],"wp:attachment":[{"href":"https:\/\/uenf.br\/graduacao\/licenciatura-fisica\/wp-json\/wp\/v2\/media?parent=133"}],"curies":[{"name":"wp","href":"https:\/\/api.w.org\/{rel}","templated":true}]}}