{"id":137,"date":"2018-07-19T18:37:51","date_gmt":"2018-07-19T21:37:51","guid":{"rendered":"https:\/\/uenf.br\/graduacao\/licenciatura-fisica\/?page_id=137"},"modified":"2020-07-03T14:55:55","modified_gmt":"2020-07-03T17:55:55","slug":"trabalho-de-conclusao-de-curso","status":"publish","type":"page","link":"https:\/\/uenf.br\/graduacao\/licenciatura-fisica\/o-curso\/trabalho-de-conclusao-de-curso\/","title":{"rendered":"Trabalho de Conclus\u00e3o de Curso: TCC"},"content":{"rendered":"<p class=\"western\">O Trabalho de Conclus\u00e3o de Curso (TCC) contabiliza 102 horas para a integraliza\u00e7\u00e3o do curso e \u00e9 exigido ap\u00f3s o estudante cumprir o m\u00ednimo de 80% da carga hor\u00e1ria total do curso, o que ocorre geralmente no \u00faltimo per\u00edodo letivo.<\/p>\n<p class=\"western\">O TCC do curso de Licenciatura em F\u00edsica se enquadra na categoria de Projeto Final, que, conforme estabelecem as Normas de Gradua\u00e7\u00e3o da UENF, \u00e9 a elabora\u00e7\u00e3o de um projeto como esfor\u00e7o de s\u00edntese e integra\u00e7\u00e3o de conhecimentos e habilidades adquiridos ao longo do curso, sobre assunto espec\u00edfico, compat\u00edvel com o n\u00edvel de gradua\u00e7\u00e3o.<\/p>\n<p class=\"western\">Consiste em um trabalho escrito, articulando conhecimentos adquiridos ao longo do curso com o processo de investiga\u00e7\u00e3o e reflex\u00e3o. O TCC dever\u00e1 ser desenvolvido individualmente pelo estudante, sob a orienta\u00e7\u00e3o de um professor pertencente ao quadro docente da UENF, e submetido \u00e0 avalia\u00e7\u00e3o de uma banca examinadora. Tem por objetivo estimular a capacidade criativa do licenciando e contribuir para a sua forma\u00e7\u00e3o profissional, cient\u00edfica, art\u00edstica e sociopol\u00edtica.<\/p>\n<p class=\"western\">O tema a ser desenvolvido dever\u00e1 ser vinculado \u00e0s atividades de forma\u00e7\u00e3o do f\u00edsico-educador, relacionando os conhecimentos espec\u00edficos da F\u00edsica \u00e0s componentes pedag\u00f3gicas (disciplinas, pr\u00e1ticas como componentes curriculares e est\u00e1gios supervisionados). Os objetos de estudo podem contemplar aspectos diversos, tais como: metodologias de ensino e aprendizagem, estudos curriculares, abordagens hist\u00f3ricas, aspectos cognitivos da aprendizagem, processos avaliativos, desenvolvimento de materiais did\u00e1ticos, divulga\u00e7\u00e3o de ci\u00eancias, etc.<\/p>\n<p class=\"western\">Recomenda-se que o TCC tenha em torno de 50 p\u00e1ginas de texto, reda\u00e7\u00e3o clara, concisa e na forma padr\u00e3o ABNT, devendo expressar o dom\u00ednio do assunto abordado, capacidade de reflex\u00e3o e rigor t\u00e9cnico-cient\u00edfico. Espera-se que o TCC traga uma vis\u00e3o cr\u00edtica do ensino praticado na escola brasileira e que os assuntos abordados estejam voltados \u00e0s necessidades ou possibilidades de melhorias da Escola de Ensino B\u00e1sico. A fraude na elabora\u00e7\u00e3o do trabalho, na forma de pl\u00e1gio, ou outra, ser\u00e1 considerada \u201cfalta grave\u201d, estando os envolvidos sujeitos \u00e0s penalidades previstas nas Normas da Universidade.<\/p>\n<p class=\"western\">O TCC corresponde a um requisito ou exig\u00eancia para a obten\u00e7\u00e3o do t\u00edtulo de Licenciado em F\u00edsica. Sendo assim, a inclus\u00e3o ser\u00e1 registrada pela Coordena\u00e7\u00e3o do Curso, mediante os seguintes procedimentos e condi\u00e7\u00f5es:<\/p>\n<p class=\"western\"><b>1. Condi\u00e7\u00f5es e <\/b><b>Procedimentos <\/b><b>para inclus\u00e3o do TCC.<\/b><\/p>\n<p class=\"western\">O aluno poder\u00e1 solicitar a inclus\u00e3o de TCC ap\u00f3s obter aprova\u00e7\u00e3o em 80% da carga hor\u00e1ria total obrigat\u00f3ria da Matriz Curricular do curso, al\u00e9m de ter sido aprovado em todas as disciplinas dos seis (6) per\u00edodos iniciais do curso.<\/p>\n<p class=\"western\">No prazo para renova\u00e7\u00e3o de matr\u00edcula, segundo o <a href=\"https:\/\/uenf.br\/graduacao\/licenciatura-fisica\/formularios\/calendario-academico\/\"><span style=\"color: #0000ff\">Calend\u00e1rio Acad\u00eamico<\/span><\/a>, o aluno deve encaminhar \u00e0 Coordena\u00e7\u00e3o o <a href=\"https:\/\/uenf.br\/graduacao\/licenciatura-fisica\/formularios\/formularios-e-requerimentos\/\"><span style=\"color: #0000ff\">Termo de Compromisso de Orienta\u00e7\u00e3o<\/span><\/a> assinado pelo aluno e por um docente do quadro permanente da UENF. O termo registra o in\u00edcio do compromisso entre aluno e orientador, para a execu\u00e7\u00e3o de um Projeto de TCC. O Projeto deve ser entregue \u00e0 Coordena\u00e7\u00e3o no prazo m\u00e1ximo de 15 dias ap\u00f3s o in\u00edcio do per\u00edodo letivo, na forma de um texto de aproximadamente 10 p\u00e1ginas, assinado pelo estudante e pelo docente Orientador, para que o tema e o compromisso de orienta\u00e7\u00e3o sejam homologados pelo Colegiado de Curso. Caso n\u00e3o seja cumprido esse prazo, a inscri\u00e7\u00e3o em TCC n\u00e3o ser\u00e1 homologada e n\u00e3o ser\u00e1 autorizada a defesa.<\/p>\n<p class=\"western\"><b>2. Procedimentos para a defesa do TCC.<\/b><\/p>\n<p class=\"western\">A defesa deve ocorrer dentro do per\u00edodo letivo segundo o <a href=\"https:\/\/uenf.br\/graduacao\/licenciatura-fisica\/formularios\/calendario-academico\/\"><span style=\"color: #0000ff\">Calend\u00e1rio Acad\u00eamico<\/span><\/a>. Defesas fora de per\u00edodos letivos poder\u00e3o ser excepcionalmente autorizadas pelo Colegiado do curso, mediante solicita\u00e7\u00e3o pr\u00e9via, formal e bem justificada. A defesa do TCC perante a banca examinadora ocorre em sess\u00e3o p\u00fablica, com data e hora marcadas pelo Orientador, com a concord\u00e2ncia do Colegiado do Curso.<\/p>\n<p class=\"western\">O \u00a0<a href=\"https:\/\/uenf.br\/graduacao\/licenciatura-fisica\/formularios\/formularios-e-requerimentos\/\"><span style=\"color: #0000ff\">formul\u00e1rio de encaminhamento do TCC<\/span><\/a> com a indica\u00e7\u00e3o dos membros da banca e o texto do TCC (em arquivo eletr\u00f4nico) devem ser entregues \u00e0 Coordena\u00e7\u00e3o pelo menos 15 dias antes da defesa, para a devida homologa\u00e7\u00e3o pelo Colegiado de Curso.<\/p>\n<p class=\"western\">A banca examinadora deve ser composta por no m\u00ednimo 3 (tr\u00eas) membros, todos pertencentes ao quadro permanente de docentes da UENF:<\/p>\n<p class=\"western\"><i>&#8211; o Professor Orientador e\/ou Co-orientador do aluno, que presidir\u00e1 os trabalhos;<\/i><\/p>\n<p class=\"western\"><i>&#8211; 2 (dois) membros indicados, de comum acordo, pelo estudante e seu Orientador<\/i>.<\/p>\n<p class=\"western\">Em car\u00e1ter excepcional, um dos avaliadores poder\u00e1 ser um doutorando, p\u00f3s-doutorando ou profissional de n\u00edvel superior de outra IES que tenha forma\u00e7\u00e3o e\/ou experi\u00eancia profissional em \u00e1rea compat\u00edvel com o tema. Para a homologa\u00e7\u00e3o da composi\u00e7\u00e3o da banca pelo Colegiado do Curso ser\u00e1 dada prefer\u00eancia para que o presidente seja doutor. Quando o Orientador ou co-orientador estiver impossibilitado de estar presente na banca examinadora, o coordenador do curso de F\u00edsica poder\u00e1 represent\u00e1-lo, desde que seja requerido por escrito e antecipadamente pelo orientador do aluno.<\/p>\n<p class=\"western\">Ap\u00f3s homologa\u00e7\u00e3o da banca, o estudante dever\u00e1 entregar o texto do TCC aos avaliadores, pelo menos 10 dias antes da defesa.<\/p>\n<p class=\"western\">A defesa consistir\u00e1 de uma apresenta\u00e7\u00e3o oral com dura\u00e7\u00e3o de 30 a 40 minutos, seguida de argui\u00e7\u00e3o. A aprova\u00e7\u00e3o ou reprova\u00e7\u00e3o ser\u00e1 registrada pela banca examinadora em Ata de Defesa datada e assina por todos os membros ao final da argui\u00e7\u00e3o. Em seguida, a Ata de Defesa dever\u00e1 ser entregue pelo Orientador \u00e0 Coordena\u00e7\u00e3o do Curso.<\/p>\n<p class=\"western\"><b>3. Procedimentos para entrega da vers\u00e3o final.<\/b><\/p>\n<p class=\"western\">Ap\u00f3s obter aprova\u00e7\u00e3o do TCC, o estudante dever\u00e1 ainda realizar as modifica\u00e7\u00f5es apontadas pela banca examinadora. No prazo m\u00e1ximo de 30 dias ap\u00f3s a defesa e antes da Cola\u00e7\u00e3o de Grau, o estudante deve entregar a vers\u00e3o final \u00e0 Coordena\u00e7\u00e3o do Curso em formato digital (CD) e um exemplar impresso assinado pelos membros da banca.<\/p>\n<p class=\"western\">Em seguida, a Coordena\u00e7\u00e3o encaminhar\u00e1 a Ata da Defesa \u00e0 Secretaria Acad\u00eamica &#8211; SECACAD, registrando a entrega da vers\u00e3o final. De acordo com as Normas da UENF, o discente dever\u00e1 entregar a vers\u00e3o final do TCC, pelo menos trinta dias antes de solicitar a Cola\u00e7\u00e3o de Grau. O certificado de conclus\u00e3o do estudante s\u00f3 ser\u00e1 emitido e liberado ap\u00f3s a entrega da vers\u00e3o definitiva do trabalho de conclus\u00e3o de curso.<\/p>\n<p class=\"western\">A Coordena\u00e7\u00e3o do Curso fica encarregada de encaminhar o TCC para a cataloga\u00e7\u00e3o na Biblioteca do CCT.<\/p>\n<p class=\"western\"><b>Ser\u00e3o consideradas atribui\u00e7\u00f5es do Colegiado do Curso ou Coordena\u00e7\u00e3o de TCC:<\/b><\/p>\n<ul>\n<li>\n<p class=\"western\">propiciar um processo de reflex\u00e3o sobre os temas, a estrutura e as normas t\u00e9cnicas adequadas para a reda\u00e7\u00e3o de um Trabalho de Conclus\u00e3o de Curso;<\/p>\n<\/li>\n<li>\n<p class=\"western\">estabelecer contatos onde ser\u00e3o apresentados os poss\u00edveis temas, e os poss\u00edveis orientadores;<\/p>\n<\/li>\n<li>\n<p class=\"western\">manter contato com os orientadores visando o acompanhamento dos projetos em curso;<\/p>\n<\/li>\n<li>\n<p class=\"western\">receber e cadastrar as solicita\u00e7\u00f5es de inclus\u00e3o de TCC e os trabalhos elaborados pelos alunos em conjunto com seus orientadores, concretizando o contato entre aluno e o docente Orientador;<\/p>\n<\/li>\n<li>\n<p class=\"western\">homologar a banca de defesa do TCC;<\/p>\n<\/li>\n<li>\n<p class=\"western\">fazer cumprir os prazos estabelecidos nesse Projeto Pedag\u00f3gico.<\/p>\n<\/li>\n<\/ul>\n<p class=\"western\"><b>Ser\u00e3o consideradas atribui\u00e7\u00f5es do Professor Orientador:<\/b><\/p>\n<ul>\n<li>\n<p class=\"western\">acompanhar o aluno no desenvolvimento de seu projeto;<\/p>\n<\/li>\n<li>\n<p class=\"western\">indicar membros para as bancas e programar, juntamente com todos os envolvidos, data e hor\u00e1rio para as apresenta\u00e7\u00f5es de defesa p\u00fablica do TCC;<\/p>\n<\/li>\n<li>\n<p class=\"western\">divulgar as avalia\u00e7\u00f5es obtidas pelos alunos, quando da defesa p\u00fablica dos trabalhos, e encaminhar a documenta\u00e7\u00e3o comprobat\u00f3ria das mesmas \u00e0 Coordena\u00e7\u00e3o do curso de Licenciatura em F\u00edsica para registro da conclus\u00e3o desta componente curricular.<\/p>\n<\/li>\n<\/ul>\n<p class=\"western\"><b>Ser\u00e3o consideradas atribui\u00e7\u00f5es do aluno:<\/b><\/p>\n<ul>\n<li>\n<p class=\"western\">elaborar em conjunto com o orientador um projeto de trabalho, e encaminh\u00e1-lo ao Colegiado do curso de Licenciatura em F\u00edsica nos prazos necess\u00e1rios para a inclus\u00e3o em TCC;<\/p>\n<\/li>\n<li>\n<p class=\"western\">manter contato cont\u00ednuo com o professor Orientador, segundo uma din\u00e2mica estruturada coletivamente por ambos, visando o bom desenvolvimento das atividades.<\/p>\n<\/li>\n<li>\n<p class=\"western\">elaborar o texto e entregar ao seu Orientador para revis\u00e3o e outros encaminhamentos;<\/p>\n<\/li>\n<li>\n<p class=\"western\">solicitar \u00e0 Coordena\u00e7\u00e3o do Curso ou \u00e0 Secretaria o preenchimento dos formul\u00e1rios necess\u00e1rios para a homologa\u00e7\u00e3o da banca e agendamento da defesa do TCC.<\/p>\n<\/li>\n<\/ul>\n<ul>\n<li>\n<p class=\"western\">Ap\u00f3s a defesa, fazer as corre\u00e7\u00f5es pertinentes indicadas pela banca examinadora e entregar para a Coordena\u00e7\u00e3o a vers\u00e3o final do TCC impressa e assinada (1 via, encadernada adequadamente para ser enviada \u00e0 Biblioteca) e no formato digital (1 via, contendo arquivo pdf gravado em CD).<\/p>\n<\/li>\n<\/ul>\n","protected":false},"excerpt":{"rendered":"<p>O Trabalho de Conclus\u00e3o de Curso (TCC) contabiliza 102 horas para a integraliza\u00e7\u00e3o do curso e \u00e9 exigido ap\u00f3s o&#8230;<\/p>\n","protected":false},"author":17,"featured_media":0,"parent":126,"menu_order":7,"comment_status":"closed","ping_status":"closed","template":"","meta":{"footnotes":""},"class_list":["post-137","page","type-page","status-publish","hentry"],"_links":{"self":[{"href":"https:\/\/uenf.br\/graduacao\/licenciatura-fisica\/wp-json\/wp\/v2\/pages\/137","targetHints":{"allow":["GET"]}}],"collection":[{"href":"https:\/\/uenf.br\/graduacao\/licenciatura-fisica\/wp-json\/wp\/v2\/pages"}],"about":[{"href":"https:\/\/uenf.br\/graduacao\/licenciatura-fisica\/wp-json\/wp\/v2\/types\/page"}],"author":[{"embeddable":true,"href":"https:\/\/uenf.br\/graduacao\/licenciatura-fisica\/wp-json\/wp\/v2\/users\/17"}],"replies":[{"embeddable":true,"href":"https:\/\/uenf.br\/graduacao\/licenciatura-fisica\/wp-json\/wp\/v2\/comments?post=137"}],"version-history":[{"count":0,"href":"https:\/\/uenf.br\/graduacao\/licenciatura-fisica\/wp-json\/wp\/v2\/pages\/137\/revisions"}],"up":[{"embeddable":true,"href":"https:\/\/uenf.br\/graduacao\/licenciatura-fisica\/wp-json\/wp\/v2\/pages\/126"}],"wp:attachment":[{"href":"https:\/\/uenf.br\/graduacao\/licenciatura-fisica\/wp-json\/wp\/v2\/media?parent=137"}],"curies":[{"name":"wp","href":"https:\/\/api.w.org\/{rel}","templated":true}]}}