{"id":139,"date":"2018-07-19T18:38:31","date_gmt":"2018-07-19T21:38:31","guid":{"rendered":"https:\/\/uenf.br\/graduacao\/licenciatura-fisica\/?page_id=139"},"modified":"2020-01-21T15:29:55","modified_gmt":"2020-01-21T18:29:55","slug":"infraestrutura","status":"publish","type":"page","link":"https:\/\/uenf.br\/graduacao\/licenciatura-fisica\/o-curso\/infraestrutura\/","title":{"rendered":"Infraestrutura"},"content":{"rendered":"<p class=\"western\">O curso de F\u00edsica conta para a realiza\u00e7\u00e3o de atividades de pesquisa, ensino e extens\u00e3o, com 5 laborat\u00f3rios did\u00e1ticos (de Mec\u00e2nica, Eletricidade e Magnetismo, F\u00edsica T\u00e9rmica, F\u00edsica Moderna e \u00d3tica), bem como laborat\u00f3rios de pesquisa equipados para diversos tipos de an\u00e1lises (difra\u00e7\u00e3o de raios X, resson\u00e2ncia paramagn\u00e9tica eletr\u00f4nica, fornos de alta temperatura, t\u00e9cnicas fotot\u00e9rmicas e outros). Devido a essa estrutura h\u00e1 uma forte intera\u00e7\u00e3o entre os bolsistas de inicia\u00e7\u00e3o cient\u00edfica do curso de F\u00edsica, com os p\u00f3s-graduandos do programa de Ci\u00eancias Naturais, que desenvolvem suas pesquisas de mestrado e doutorado no Laborat\u00f3rio de Ci\u00eancias F\u00edsicas (LCFIS) ou no Laborat\u00f3rio de Ci\u00eancias Qu\u00edmicas (LCQUI). Alguns dos professores vinculados a esse programa de p\u00f3s-gradua\u00e7\u00e3o fazem tamb\u00e9m pesquisa na \u00e1rea de educa\u00e7\u00e3o. Recentemente com a contrata\u00e7\u00e3o de novos professores as linhas de pesquisa v\u00eam se expandindo, oferecendo assim maiores possibilidades para que o graduando possa ter um contato mais direto com pesquisadores de v\u00e1rias \u00e1reas do conhecimento das Ci\u00eancias F\u00edsicas.<\/p>\n<p class=\"western\">Contamos tamb\u00e9m com a infraestrutura da UENF como bibliotecas, salas de aulas, secretaria acad\u00eamica e restaurante universit\u00e1rio. Al\u00e9m disso, a UENF busca oferecer condi\u00e7\u00f5es de acessibilidade, conforme o decreto federal 5296\/2004.<\/p>\n<p class=\"western\">Os laborat\u00f3rios did\u00e1ticos de apoio ao ensino encontram-se instalados no edif\u00edcio do CCT, campus principal da UENF. S\u00e3o climatizados e providos de 06 bancadas de granito com tomadas el\u00e9tricas, podendo atender at\u00e9 20 alunos. O LCFIS disp\u00f5e de um profissional t\u00e9cnico de n\u00edvel superior contratado especificamente para a manuten\u00e7\u00e3o dos laborat\u00f3rios did\u00e1ticos, que s\u00e3o providos de equipamentos e kits did\u00e1ticos da PASCO e da Cidepe, tais como:<\/p>\n<ul>\n<li>\n<p class=\"western\">Trilhos de ar \u2013 PASCO: realiza\u00e7\u00e3o de experimentos de cinem\u00e1tica e din\u00e2mica.<\/p>\n<\/li>\n<li>\n<p class=\"western\">Kits de queda livre \u2013 Cidepe: determina\u00e7\u00e3o de acelera\u00e7\u00e3o da gravidade.<\/p>\n<\/li>\n<\/ul>\n<ul>\n<li>\n<p class=\"western\">Kits de roldanas \u2013 Cidepe: an\u00e1lise da vantagem mec\u00e2nica.<\/p>\n<\/li>\n<li>\n<p class=\"western\">Mesas de for\u00e7a \u2013 PASCO: an\u00e1lise com comportamento vetorial de for\u00e7as.<\/p>\n<\/li>\n<li>\n<p class=\"western\">Conjuntos de r\u00e9guas, paqu\u00edmetros, micr\u00f4metros e balan\u00e7as variadas: experimentos de erros em medidas, e algarismos significativos.<\/p>\n<\/li>\n<li>\n<p class=\"western\">Conjunto de Princ\u00edpio de Pascal: experimento do Princ\u00edpio de Pascal.<\/p>\n<\/li>\n<li>\n<p class=\"western\">Kits de lan\u00e7amentos de proj\u00e9teis \u2013 Cidepe: lan\u00e7amento de proj\u00e9teis.<\/p>\n<\/li>\n<li>\n<p class=\"western\">Conjuntos de suporte de dinam\u00f4metros: experimentos de est\u00e1tica.<\/p>\n<\/li>\n<li>\n<p class=\"western\">Calor\u00edmetros, term\u00f4metros e aquecedores: experimentos de termodin\u00e2mica.<\/p>\n<\/li>\n<li>\n<p class=\"western\">Dilat\u00f4metro \u2013 Cidepe: dilata\u00e7\u00e3o linear de amostras diversas.<\/p>\n<\/li>\n<\/ul>\n<ul>\n<li>\n<p class=\"western\">Fontes de tens\u00e3o: experimentos de eletricidade.<\/p>\n<\/li>\n<li>\n<p class=\"western\">Placas de circuitos: estudos de circuitos el\u00e9tricos.<\/p>\n<\/li>\n<li>\n<p class=\"western\">Oscilosc\u00f3pios: estudo de ondas e oscila\u00e7\u00f5es el\u00e9tricas.<\/p>\n<\/li>\n<li>\n<p class=\"western\">Cubas ressonantes: experimentos de ondas e resson\u00e2ncia.<\/p>\n<\/li>\n<li>\n<p class=\"western\">Mult\u00edmetros e capac\u00edmetros: experimentos de circuitos RC.<\/p>\n<\/li>\n<li>\n<p class=\"western\">Kits de \u00f3pticas \u2013 Cidepe: experimentos de \u00f3ptica geom\u00e9trica.<\/p>\n<\/li>\n<li>\n<p class=\"western\">Gerador de Van de Graaff.<\/p>\n<\/li>\n<li>\n<p class=\"western\">Espectrosc\u00f3pios<\/p>\n<\/li>\n<li>\n<p class=\"western\">Kit para experimentos de magnetismo.<\/p>\n<\/li>\n<li>\n<p class=\"western\">Conjunto hidrost\u00e1tico<\/p>\n<\/li>\n<li>\n<p class=\"western\">Conjunto com man\u00f4metro \u2013 lei de Boyle Mariotte.<\/p>\n<\/li>\n<li>\n<p class=\"western\">Bar\u00f4metro de Torricelli com painel met\u00e1lico.<\/p>\n<\/li>\n<li>\n<p class=\"western\">Conjunto de termodin\u00e2mica \u2013 Cidepe.<\/p>\n<\/li>\n<li>\n<p class=\"western\">Sistema de micro-ondas com goni\u00f4metro, mesa rotat\u00f3ria, refletores met\u00e1licos, emissor e receptor de micro-ondas.<\/p>\n<\/li>\n<li>\n<p class=\"western\">Sistema para medida da raz\u00e3o carga-massa do el\u00e9tron.<\/p>\n<\/li>\n<li>\n<p class=\"western\">Sistema de medi\u00e7\u00e3o da velocidade da luz.<\/p>\n<\/li>\n<li>\n<p class=\"western\">Experimento de radia\u00e7\u00e3o do corpo negro.<\/p>\n<\/li>\n<li>\n<p class=\"western\">Conjunto para determina\u00e7\u00e3o das raias espectrais do s\u00f3dio.<\/p>\n<\/li>\n<li>\n<p class=\"western\">Painel para determina\u00e7\u00e3o da constante de Planck.<\/p>\n<\/li>\n<li>\n<p class=\"western\">Conjunto de diapas\u00f5es na escala em d\u00f3 maior.<\/p>\n<\/li>\n<li>\n<p class=\"western\">Bacia de resson\u00e2ncia.<\/p>\n<\/li>\n<li>\n<p class=\"western\">Motor de Stirling transparente.<\/p>\n<\/li>\n<li>\n<p class=\"western\">Kit de aparelhos b\u00e1sicos para ESR\/NMR.<\/p>\n<\/li>\n<li>\n<p class=\"western\">Kit ultrassom SW.<\/p>\n<\/li>\n<li>\n<p class=\"western\">Conjunto de magnetismo.<\/p>\n<\/li>\n<li>\n<p class=\"western\">Aparelho diamagn\u00e9tico de flutua\u00e7\u00e3o no ar.<\/p>\n<\/li>\n<\/ul>\n","protected":false},"excerpt":{"rendered":"<p>O curso de F\u00edsica conta para a realiza\u00e7\u00e3o de atividades de pesquisa, ensino e extens\u00e3o, com 5 laborat\u00f3rios did\u00e1ticos (de&#8230;<\/p>\n","protected":false},"author":17,"featured_media":0,"parent":126,"menu_order":8,"comment_status":"closed","ping_status":"closed","template":"","meta":{"footnotes":""},"class_list":["post-139","page","type-page","status-publish","hentry"],"_links":{"self":[{"href":"https:\/\/uenf.br\/graduacao\/licenciatura-fisica\/wp-json\/wp\/v2\/pages\/139","targetHints":{"allow":["GET"]}}],"collection":[{"href":"https:\/\/uenf.br\/graduacao\/licenciatura-fisica\/wp-json\/wp\/v2\/pages"}],"about":[{"href":"https:\/\/uenf.br\/graduacao\/licenciatura-fisica\/wp-json\/wp\/v2\/types\/page"}],"author":[{"embeddable":true,"href":"https:\/\/uenf.br\/graduacao\/licenciatura-fisica\/wp-json\/wp\/v2\/users\/17"}],"replies":[{"embeddable":true,"href":"https:\/\/uenf.br\/graduacao\/licenciatura-fisica\/wp-json\/wp\/v2\/comments?post=139"}],"version-history":[{"count":0,"href":"https:\/\/uenf.br\/graduacao\/licenciatura-fisica\/wp-json\/wp\/v2\/pages\/139\/revisions"}],"up":[{"embeddable":true,"href":"https:\/\/uenf.br\/graduacao\/licenciatura-fisica\/wp-json\/wp\/v2\/pages\/126"}],"wp:attachment":[{"href":"https:\/\/uenf.br\/graduacao\/licenciatura-fisica\/wp-json\/wp\/v2\/media?parent=139"}],"curies":[{"name":"wp","href":"https:\/\/api.w.org\/{rel}","templated":true}]}}