{"id":21,"date":"2018-07-19T10:54:59","date_gmt":"2018-07-19T13:54:59","guid":{"rendered":"https:\/\/uenf.br\/graduacao\/licenciatura-fisica\/?page_id=21"},"modified":"2023-07-27T11:44:28","modified_gmt":"2023-07-27T14:44:28","slug":"docentes","status":"publish","type":"page","link":"https:\/\/uenf.br\/graduacao\/licenciatura-fisica\/docentes\/","title":{"rendered":"Docentes do LCFIS"},"content":{"rendered":"<p>O Laborat\u00f3rio de Ci\u00eancias F\u00edsicas (LCFIS &#8211; CCT), cujos docentes s\u00e3o apresentados abaixo, \u00e9 a unidade respons\u00e1vel pelo curso de F\u00edsica. Tamb\u00e9m colaboram com o curso os docentes do Laborat\u00f3rio de Estudos da Educa\u00e7\u00e3o e Linguagem (LEEL &#8211; CCH), do Laborat\u00f3rio de Ci\u00eancias Matem\u00e1ticas e do Laborat\u00f3rio de Ci\u00eancias Qu\u00edmicas (LCMAT e LCQUI &#8211; CCT) .<\/p>\n<p><a href=\"https:\/\/uenf.br\/graduacao\/licenciatura-fisica\/docentes\/andre-oliveira-guimaraes\/\">Andr\u00e9 Oliveira Guimar\u00e3es<\/a><\/p>\n<p><a href=\"https:\/\/uenf.br\/graduacao\/licenciatura-fisica\/docentes\/carlos-eduardo-novo-gatts\/\" target=\"_blank\" rel=\"noopener noreferrer\">Carlos Eduardo Novo Gatts<\/a><\/p>\n<p><a href=\"https:\/\/uenf.br\/graduacao\/licenciatura-fisica\/docentes\/delson-ubiratan-da-silva-schramm\/\" target=\"_blank\" rel=\"noopener noreferrer\">Delson Ubiratan da Silva Schramm<\/a><\/p>\n<p><a href=\"https:\/\/uenf.br\/graduacao\/licenciatura-fisica\/docentes\/denise-ribeiro-dos-santos\/\" target=\"_blank\" rel=\"noopener noreferrer\">Denise Ribeiro dos Santos<\/a><\/p>\n<p><a href=\"https:\/\/uenf.br\/graduacao\/licenciatura-fisica\/docentes\/edson-correa-da-silva\/\" target=\"_blank\" rel=\"noopener noreferrer\">Edson Corr\u00eaa da Silva<\/a><\/p>\n<p><a href=\"https:\/\/uenf.br\/graduacao\/licenciatura-fisica\/docentes\/jose-augusto-pedro-lima\/\" target=\"_blank\" rel=\"noopener noreferrer\">Jos\u00e9 Augusto Pedro Lima<\/a><\/p>\n<p><a href=\"https:\/\/uenf.br\/graduacao\/licenciatura-fisica\/docentes\/juraci-aparecido-sampaio\/\" target=\"_blank\" rel=\"noopener noreferrer\">Juraci Aparecido Sampaio<\/a><\/p>\n<p><a href=\"https:\/\/uenf.br\/graduacao\/licenciatura-fisica\/docentes\/leonardo-mota-de-oliveira\/\" target=\"_blank\" rel=\"noopener noreferrer\">Leonardo Mota de Oliveira<\/a><\/p>\n<p><a href=\"https:\/\/uenf.br\/graduacao\/licenciatura-fisica\/docentes\/luis-guilherme-mansor-basso\/\">Lu\u00eds Guilherme Mansor Basso<\/a><\/p>\n<p><a href=\"https:\/\/uenf.br\/graduacao\/licenciatura-fisica\/docentes\/marcelo-de-oliveira-souza\/\" target=\"_blank\" rel=\"noopener noreferrer\">Marcelo de Oliveira Souza<\/a><\/p>\n<p><a href=\"https:\/\/uenf.br\/graduacao\/licenciatura-fisica\/docentes\/marcelo-gomes-da-silva\/\" target=\"_blank\" rel=\"noopener noreferrer\">Marcelo Gomes da Silva<\/a><\/p>\n<p><a href=\"https:\/\/uenf.br\/graduacao\/licenciatura-fisica\/docentes\/marcelo-shoey-de-oliveira-massunaga\/\" target=\"_blank\" rel=\"noopener noreferrer\">Marcelo Shoey de Oliveira Massunaga<\/a><\/p>\n<p><a href=\"https:\/\/uenf.br\/graduacao\/licenciatura-fisica\/docentes\/marcelo-silva-sthel\/\" target=\"_blank\" rel=\"noopener noreferrer\">Marcelo Silva Sthel<\/a><\/p>\n<p><a href=\"https:\/\/uenf.br\/graduacao\/licenciatura-fisica\/docentes\/maria-priscila-pessanha-de-castro\/\" target=\"_blank\" rel=\"noopener noreferrer\">Maria Priscila Pessanha de Castro<\/a><\/p>\n<p><a href=\"https:\/\/uenf.br\/graduacao\/licenciatura-fisica\/docentes\/max-erick-soffner\/\" target=\"_blank\" rel=\"noopener noreferrer\">Max Erick Soffner<\/a><\/p>\n<p><a href=\"https:\/\/uenf.br\/graduacao\/licenciatura-fisica\/docentes\/pablo-leite-bernardo\/\">Pablo Leite Bernardo<\/a><\/p>\n<p><a href=\"https:\/\/uenf.br\/graduacao\/licenciatura-fisica\/docentes\/roberto-da-trindade-faria-junior\/\" target=\"_blank\" rel=\"noopener noreferrer\">Roberto da Trindade Faria J\u00fanior<\/a><\/p>\n<p><a href=\"https:\/\/uenf.br\/graduacao\/licenciatura-fisica\/docentes\/roberto-weider-de-assis-franco\/\" target=\"_blank\" rel=\"noopener noreferrer\">Roberto Weider de Assis Franco<\/a><\/p>\n","protected":false},"excerpt":{"rendered":"<p>O Laborat\u00f3rio de Ci\u00eancias F\u00edsicas (LCFIS &#8211; CCT), cujos docentes s\u00e3o apresentados abaixo, \u00e9 a unidade respons\u00e1vel pelo curso de&#8230;<\/p>\n","protected":false},"author":17,"featured_media":0,"parent":0,"menu_order":2,"comment_status":"closed","ping_status":"closed","template":"","meta":{"footnotes":""},"class_list":["post-21","page","type-page","status-publish","hentry"],"_links":{"self":[{"href":"https:\/\/uenf.br\/graduacao\/licenciatura-fisica\/wp-json\/wp\/v2\/pages\/21","targetHints":{"allow":["GET"]}}],"collection":[{"href":"https:\/\/uenf.br\/graduacao\/licenciatura-fisica\/wp-json\/wp\/v2\/pages"}],"about":[{"href":"https:\/\/uenf.br\/graduacao\/licenciatura-fisica\/wp-json\/wp\/v2\/types\/page"}],"author":[{"embeddable":true,"href":"https:\/\/uenf.br\/graduacao\/licenciatura-fisica\/wp-json\/wp\/v2\/users\/17"}],"replies":[{"embeddable":true,"href":"https:\/\/uenf.br\/graduacao\/licenciatura-fisica\/wp-json\/wp\/v2\/comments?post=21"}],"version-history":[{"count":0,"href":"https:\/\/uenf.br\/graduacao\/licenciatura-fisica\/wp-json\/wp\/v2\/pages\/21\/revisions"}],"wp:attachment":[{"href":"https:\/\/uenf.br\/graduacao\/licenciatura-fisica\/wp-json\/wp\/v2\/media?parent=21"}],"curies":[{"name":"wp","href":"https:\/\/api.w.org\/{rel}","templated":true}]}}