{"id":318,"date":"2020-01-24T18:56:06","date_gmt":"2020-01-24T21:56:06","guid":{"rendered":"https:\/\/uenf.br\/graduacao\/licenciatura-fisica\/?page_id=318"},"modified":"2020-01-24T19:18:07","modified_gmt":"2020-01-24T22:18:07","slug":"enade","status":"publish","type":"page","link":"https:\/\/uenf.br\/graduacao\/licenciatura-fisica\/o-curso\/enade\/","title":{"rendered":"ENADE"},"content":{"rendered":"<p>Na \u00faltima edi\u00e7\u00e3o do ENADE para a \u00e1rea de F\u00edsica, em novembro de 2017, a prova foi resolvida por 8 estudantes concluintes. O curso de F\u00edsica da UENF obteve um resultado que conferiu ao curso a 78<sup>a<\/sup>. posi\u00e7\u00e3o em um universo de 274 cursos avaliados na \u00e1rea de F\u00edsica em todo o pa\u00eds. Essa nota permanece a mesma at\u00e9 a avalia\u00e7\u00e3o seguinte, que ocorrer\u00e1 em novembro de 2020.<\/p>\n<table border=\"0\" cellspacing=\"0\">\n<colgroup width=\"68\"><\/colgroup>\n<colgroup width=\"235\"><\/colgroup>\n<colgroup width=\"167\"><\/colgroup>\n<colgroup width=\"171\"><\/colgroup>\n<colgroup width=\"183\"><\/colgroup>\n<tbody>\n<tr>\n<td align=\"center\" bgcolor=\"#C0C0C0\" height=\"20\"><span style=\"color: #000000\">ANO<\/span><\/td>\n<td align=\"center\" bgcolor=\"#C0C0C0\"><span style=\"color: #000000\">Nota ENADE<\/span><\/td>\n<td align=\"center\" bgcolor=\"#C0C0C0\"><span style=\"color: #000000\">ENADE Faixa<\/span><\/td>\n<td align=\"center\" bgcolor=\"#C0C0C0\"><span style=\"color: #000000\">CPC cont\u00ednuo<\/span><\/td>\n<td align=\"center\" bgcolor=\"#C0C0C0\"><span style=\"color: #000000\">CPC Faixa<\/span><\/td>\n<\/tr>\n<tr>\n<td align=\"center\" bgcolor=\"#C0C0C0\" height=\"21\"><span style=\"color: #000000\">2017<\/span><\/td>\n<td align=\"center\"><span style=\"color: #000000\">2,9071<\/span><\/td>\n<td align=\"center\"><span style=\"color: #000000\">3<\/span><\/td>\n<td align=\"center\" valign=\"bottom\"><span style=\"color: #000000\">3,1615<\/span><\/td>\n<td align=\"center\" valign=\"bottom\"><span style=\"color: #000000\">4<\/span><\/td>\n<\/tr>\n<\/tbody>\n<\/table>\n<p>O conceito ENADE \u00e9 calculado de forma a variar numa escala de 1 a 5, e o c\u00e1lculo depende do desempenho dos estudantes na prova de Conhecimentos Espec\u00edficos (30 quest\u00f5es) e\u00a0 Forma\u00e7\u00e3o Geral (10 quest\u00f5es). A parte referente aos Conhecimentos Espec\u00edficos contribui com peso de 75% para a nota final, enquanto a parcela referente \u00e0 Forma\u00e7\u00e3o Geral contribui com peso de 25%.<\/p>\n<p>O quadro seguinte indica os poss\u00edveis conceitos ENADE e os intervalos de notas correspondentes.<\/p>\n<table border=\"0\" cellspacing=\"0\">\n<colgroup width=\"201\"><\/colgroup>\n<colgroup width=\"167\"><\/colgroup>\n<tbody>\n<tr>\n<td align=\"center\" bgcolor=\"#B2B2B2\" height=\"21\"><span style=\"color: #000000\">Conceitos ENADE<\/span><\/td>\n<td align=\"center\" bgcolor=\"#B2B2B2\"><span style=\"color: #000000\">Notas finais<\/span><\/td>\n<\/tr>\n<tr>\n<td align=\"center\" height=\"21\"><span style=\"color: #000000\">1<\/span><\/td>\n<td align=\"center\"><span style=\"color: #000000\">0,0 a 0,94<\/span><\/td>\n<\/tr>\n<tr>\n<td align=\"center\" height=\"21\"><span style=\"color: #000000\">2<\/span><\/td>\n<td align=\"center\"><span style=\"color: #000000\">0,95 a 1,94<\/span><\/td>\n<\/tr>\n<tr>\n<td align=\"center\" height=\"21\"><span style=\"color: #000000\">3<\/span><\/td>\n<td align=\"center\"><span style=\"color: #000000\">1,95 a 2,94<\/span><\/td>\n<\/tr>\n<tr>\n<td align=\"center\" height=\"21\"><span style=\"color: #000000\">4<\/span><\/td>\n<td align=\"center\"><span style=\"color: #000000\">2,95 a 3,94<\/span><\/td>\n<\/tr>\n<tr>\n<td align=\"center\" height=\"21\"><span style=\"color: #000000\">5<\/span><\/td>\n<td align=\"center\"><span style=\"color: #000000\">3,95 a 5,0<\/span><\/td>\n<\/tr>\n<\/tbody>\n<\/table>\n<dl><\/dl>\n","protected":false},"excerpt":{"rendered":"<p>Na \u00faltima edi\u00e7\u00e3o do ENADE para a \u00e1rea de F\u00edsica, em novembro de 2017, a prova foi resolvida por 8&#8230;<\/p>\n","protected":false},"author":17,"featured_media":0,"parent":126,"menu_order":9,"comment_status":"closed","ping_status":"closed","template":"","meta":{"footnotes":""},"class_list":["post-318","page","type-page","status-publish","hentry"],"_links":{"self":[{"href":"https:\/\/uenf.br\/graduacao\/licenciatura-fisica\/wp-json\/wp\/v2\/pages\/318","targetHints":{"allow":["GET"]}}],"collection":[{"href":"https:\/\/uenf.br\/graduacao\/licenciatura-fisica\/wp-json\/wp\/v2\/pages"}],"about":[{"href":"https:\/\/uenf.br\/graduacao\/licenciatura-fisica\/wp-json\/wp\/v2\/types\/page"}],"author":[{"embeddable":true,"href":"https:\/\/uenf.br\/graduacao\/licenciatura-fisica\/wp-json\/wp\/v2\/users\/17"}],"replies":[{"embeddable":true,"href":"https:\/\/uenf.br\/graduacao\/licenciatura-fisica\/wp-json\/wp\/v2\/comments?post=318"}],"version-history":[{"count":0,"href":"https:\/\/uenf.br\/graduacao\/licenciatura-fisica\/wp-json\/wp\/v2\/pages\/318\/revisions"}],"up":[{"embeddable":true,"href":"https:\/\/uenf.br\/graduacao\/licenciatura-fisica\/wp-json\/wp\/v2\/pages\/126"}],"wp:attachment":[{"href":"https:\/\/uenf.br\/graduacao\/licenciatura-fisica\/wp-json\/wp\/v2\/media?parent=318"}],"curies":[{"name":"wp","href":"https:\/\/api.w.org\/{rel}","templated":true}]}}