{"id":359,"date":"2020-07-02T19:37:44","date_gmt":"2020-07-02T22:37:44","guid":{"rendered":"https:\/\/uenf.br\/graduacao\/licenciatura-fisica\/?page_id=359"},"modified":"2020-08-26T22:12:26","modified_gmt":"2020-08-27T01:12:26","slug":"horarios-e-salas-das-disciplinas-obrigatorias","status":"publish","type":"page","link":"https:\/\/uenf.br\/graduacao\/licenciatura-fisica\/formularios\/horarios-e-salas-das-disciplinas-obrigatorias\/","title":{"rendered":"Atividades Acad\u00eamicas Remotas Emergenciais &#8211; AARE"},"content":{"rendered":"<p>Ol\u00e1 pessoal!<\/p>\n<p>Com o cancelamento do calend\u00e1rio acad\u00eamico de 2020\/1, as inscri\u00e7\u00f5es em disciplinas ficaram automaticamente canceladas.<\/p>\n<p>Em seu lugar, est\u00e3o sendo criadas Atividades Acad\u00eamicas Remotas Emergenciais (AARE), cujo conte\u00fado poder\u00e1 ser utilizado para posterior valida\u00e7\u00e3o de disciplina correlata.<\/p>\n<p>\u00c9 altamente recomend\u00e1vel que voc\u00eas fa\u00e7am j\u00e1 o seu pedido de e-mail instit<span style=\"color: #000000\">ucional matricula@pq.uenf.br, para<\/span> ter acesso a todas as funcionalidades da plataforma Google Sala de Aula, que ser\u00e1 utilizada preferencialmente nas AAREs.<\/p>\n<p>Recomendamos tamb\u00e9m que voc\u00eas avaliem a quantidade de AAREs que ir\u00e3o cursar considerando cuidadosamente o tempo que poder\u00e3o disponibilizar para as atividades. Para alcan\u00e7armos nosso objetivo ser\u00e1 muito importante a sua dedica\u00e7\u00e3o desde o in\u00edcio, em todas as etapas pedag\u00f3gicas!<\/p>\n<p>O LEEL informa que <span style=\"color: #0000ff\"><strong>Did\u00e1tica<\/strong><\/span>, <strong><span style=\"color: #0000ff\">Psicologia da Educa\u00e7\u00e3o<\/span><\/strong> e <strong><span style=\"color: #0000ff\">Organiza\u00e7\u00e3o da Educa\u00e7\u00e3o Brasileira<\/span><\/strong>\u00a0 ser\u00e3o oferecidas como AARE. Os alunos j\u00e1 podem efetuar sua matr\u00edcula pelo sistema acad\u00eamico at\u00e9 o dia 28\/08\/2020, e as atividades ter\u00e3o in\u00edcio no dia\u00a0 01 de setembro .<\/p>\n<p>Vejam abaixo a rela\u00e7\u00e3o das AAREs j\u00e1 homologadas pelo colegiado da F\u00edsica. Usem o e-mail do professor respons\u00e1vel para solicitar sua inscri\u00e7\u00e3o neste primeiro momento, pois em breve a sua inscri\u00e7\u00e3o poder\u00e1 ser efetivada no Sistema Acad\u00eamico.<\/p>\n<p><strong><span style=\"color: #0000ff\">Matem\u00e1tica B\u00e1sica\u00a0 \u00a0 (68 horas)<\/span><\/strong><br \/>\nInscri\u00e7\u00f5es: at\u00e9 9 de setembro de 2020<br \/>\nIn\u00edcio das atividades: 09\/09\/2020<br \/>\nFim das atividades: 16\/12\/2020<br \/>\nProfessor respons\u00e1vel: Maria Priscila Pessanha de Castro (<span style=\"color: #0000ff\">mariapriscila@uenf.br<\/span>)<\/p>\n<p><strong><span style=\"color: #0000ff\">Eletricidade e Magnetismo\u00a0 \u00a0 (68 horas)<\/span><\/strong><br \/>\nInscri\u00e7\u00f5es: at\u00e9 24 de agosto de 2020<br \/>\nIn\u00edcio das atividades: 24\/08\/2020<br \/>\nFim das atividades: 16\/12\/2020<br \/>\nProfessor respons\u00e1vel: Roberto Franco (<span style=\"color: #0000ff\">franco@uenf.br<\/span>)<\/p>\n<p><strong><span style=\"color: #0000ff\">Evolu\u00e7\u00e3o da F\u00edsica I\u00a0 \u00a0 (34 horas)<\/span><\/strong><br \/>\nInscri\u00e7\u00f5es: at\u00e9 17 de agosto de 2020<br \/>\nIn\u00edcio das atividades: 17\/08\/2020<br \/>\nFim das atividades: 17\/10\/2020<br \/>\nProfessor respons\u00e1vel: Marcelo Shoey (<span style=\"color: #0000ff\">shoey@pq.uenf.br<\/span>)<\/p>\n<p><strong><span style=\"color: #0000ff\">Mec\u00e2nica I\u00a0 (Turma A)\u00a0 \u00a0 (68 horas)<\/span><\/strong><br \/>\nInscri\u00e7\u00f5es: at\u00e9 01 de setembro de 2020<br \/>\nIn\u00edcio das atividades: 01\/09\/2020<br \/>\nFim das atividades: 19\/12\/2020<br \/>\nProfessor respons\u00e1vel<span style=\"color: #0000ff\">\u00a0<\/span>: Leonardo Mota\u00a0 (<span style=\"color: #0000ff\">mota@uenf.br<\/span>)<\/p>\n<p><strong><span style=\"color: #0000ff\">Mec\u00e2nica I\u00a0 (Turma B)\u00a0 \u00a0 (68 horas)<\/span><\/strong><br \/>\nInscri\u00e7\u00f5es: at\u00e9 03 de setembro de 2020<br \/>\nIn\u00edcio das atividades: 03\/09\/2020<br \/>\nFim das atividades: 19\/12\/2020<br \/>\nProfessor respons\u00e1vel : Delson Schramm (<span style=\"color: #0000ff\">delson@uenf.br<\/span>)<\/p>\n<p><span style=\"color: #0000ff\"><strong>Elementos de F\u00edsica Matem\u00e1tica (68 horas)<\/strong><\/span><br \/>\nInscri\u00e7\u00f5es: at\u00e9 10 de agosto de 2020<br \/>\nIn\u00edcio das atividades: 10\/08\/2020<br \/>\nFim das atividades: 30\/11\/2020<br \/>\nProfessor respons\u00e1vel: Juraci Aparecido Sampaio (<span style=\"color: #0000ff\">jsampaio@uenf.br<\/span>)<\/p>\n<p><strong><span style=\"color: #0000ff\">F\u00edsica Moderna I \u2013 Atividades Remotas (68 horas)<\/span><\/strong><br \/>\nInscri\u00e7\u00f5es: at\u00e9 01 de setembro de 2020<br \/>\nIn\u00edcio das atividades: 01\/09\/2020<br \/>\nFim das atividades: 22\/12\/2020<br \/>\nProfessores respons\u00e1veis: Denise Ribeiro dos Santos e Marcelo Gomes da Silva (<span style=\"color: #0000ff\">deniseribeiro@uenf.br<\/span>)<\/p>\n<p><strong><span style=\"color: #0000ff\">Eletromagnetismo (ARE) (68 horas)<\/span><\/strong><br \/>\nInscri\u00e7\u00f5es: at\u00e9 10 de agosto de 2020<br \/>\nIn\u00edcio das atividades: 10\/08\/2020<br \/>\nFim das atividades: 30\/11\/2020<br \/>\nProfessor respons\u00e1vel: Roberto da Trindade Faria J\u00fanior (<span style=\"color: #0000ff\">rfaria@uenf.br<\/span>)<\/p>\n<p>&nbsp;<\/p>\n<p>&nbsp;<\/p>\n<p>&nbsp;<\/p>\n<p>Turmas canceladas:<\/p>\n<a href=\"https:\/\/uenf.br\/graduacao\/licenciatura-fisica\/wp-content\/uploads\/sites\/10\/2020\/03\/HORARIO_LICENCIATURA_2020.1_ALUNOS.pdf\" class=\"pdfemb-viewer\" style=\"\" data-width=\"max\" data-height=\"max\" data-toolbar=\"bottom\" data-toolbar-fixed=\"off\">HORARIO_LICENCIATURA_2020.1_ALUNOS<\/a>\n","protected":false},"excerpt":{"rendered":"<p>Ol\u00e1 pessoal! Com o cancelamento do calend\u00e1rio acad\u00eamico de 2020\/1, as inscri\u00e7\u00f5es em disciplinas ficaram automaticamente canceladas. Em seu lugar,&#8230;<\/p>\n","protected":false},"author":17,"featured_media":0,"parent":286,"menu_order":2,"comment_status":"closed","ping_status":"closed","template":"","meta":{"footnotes":""},"class_list":["post-359","page","type-page","status-publish","hentry"],"_links":{"self":[{"href":"https:\/\/uenf.br\/graduacao\/licenciatura-fisica\/wp-json\/wp\/v2\/pages\/359","targetHints":{"allow":["GET"]}}],"collection":[{"href":"https:\/\/uenf.br\/graduacao\/licenciatura-fisica\/wp-json\/wp\/v2\/pages"}],"about":[{"href":"https:\/\/uenf.br\/graduacao\/licenciatura-fisica\/wp-json\/wp\/v2\/types\/page"}],"author":[{"embeddable":true,"href":"https:\/\/uenf.br\/graduacao\/licenciatura-fisica\/wp-json\/wp\/v2\/users\/17"}],"replies":[{"embeddable":true,"href":"https:\/\/uenf.br\/graduacao\/licenciatura-fisica\/wp-json\/wp\/v2\/comments?post=359"}],"version-history":[{"count":0,"href":"https:\/\/uenf.br\/graduacao\/licenciatura-fisica\/wp-json\/wp\/v2\/pages\/359\/revisions"}],"up":[{"embeddable":true,"href":"https:\/\/uenf.br\/graduacao\/licenciatura-fisica\/wp-json\/wp\/v2\/pages\/286"}],"wp:attachment":[{"href":"https:\/\/uenf.br\/graduacao\/licenciatura-fisica\/wp-json\/wp\/v2\/media?parent=359"}],"curies":[{"name":"wp","href":"https:\/\/api.w.org\/{rel}","templated":true}]}}