{"id":365,"date":"2020-07-02T19:41:40","date_gmt":"2020-07-02T22:41:40","guid":{"rendered":"https:\/\/uenf.br\/graduacao\/licenciatura-fisica\/?page_id=365"},"modified":"2020-08-04T16:57:07","modified_gmt":"2020-08-04T19:57:07","slug":"calendario-academico","status":"publish","type":"page","link":"https:\/\/uenf.br\/graduacao\/licenciatura-fisica\/formularios\/calendario-academico\/","title":{"rendered":"Calend\u00e1rio Acad\u00eamico"},"content":{"rendered":"<p style=\"text-align: left\">O calend\u00e1rio de 2020\/1 foi cancelado atrav\u00e9s da Resolu\u00e7\u00e3o UENF n.\u00ba06\/2020 de 13\/07\/2020, que estabeleceu o Per\u00edodo Acad\u00eamico Emergencial Excepcional,\u00a0 de fevereiro at\u00e9 dezembro de 2020.<\/p>\n","protected":false},"excerpt":{"rendered":"<p>O calend\u00e1rio de 2020\/1 foi cancelado atrav\u00e9s da Resolu\u00e7\u00e3o UENF n.\u00ba06\/2020 de 13\/07\/2020, que estabeleceu o Per\u00edodo Acad\u00eamico Emergencial Excepcional,\u00a0&#8230;<\/p>\n","protected":false},"author":17,"featured_media":0,"parent":286,"menu_order":3,"comment_status":"closed","ping_status":"closed","template":"","meta":{"footnotes":""},"class_list":["post-365","page","type-page","status-publish","hentry"],"_links":{"self":[{"href":"https:\/\/uenf.br\/graduacao\/licenciatura-fisica\/wp-json\/wp\/v2\/pages\/365","targetHints":{"allow":["GET"]}}],"collection":[{"href":"https:\/\/uenf.br\/graduacao\/licenciatura-fisica\/wp-json\/wp\/v2\/pages"}],"about":[{"href":"https:\/\/uenf.br\/graduacao\/licenciatura-fisica\/wp-json\/wp\/v2\/types\/page"}],"author":[{"embeddable":true,"href":"https:\/\/uenf.br\/graduacao\/licenciatura-fisica\/wp-json\/wp\/v2\/users\/17"}],"replies":[{"embeddable":true,"href":"https:\/\/uenf.br\/graduacao\/licenciatura-fisica\/wp-json\/wp\/v2\/comments?post=365"}],"version-history":[{"count":0,"href":"https:\/\/uenf.br\/graduacao\/licenciatura-fisica\/wp-json\/wp\/v2\/pages\/365\/revisions"}],"up":[{"embeddable":true,"href":"https:\/\/uenf.br\/graduacao\/licenciatura-fisica\/wp-json\/wp\/v2\/pages\/286"}],"wp:attachment":[{"href":"https:\/\/uenf.br\/graduacao\/licenciatura-fisica\/wp-json\/wp\/v2\/media?parent=365"}],"curies":[{"name":"wp","href":"https:\/\/api.w.org\/{rel}","templated":true}]}}