{"id":370,"date":"2020-07-02T19:51:10","date_gmt":"2020-07-02T22:51:10","guid":{"rendered":"https:\/\/uenf.br\/graduacao\/licenciatura-fisica\/?page_id=370"},"modified":"2020-07-05T18:44:51","modified_gmt":"2020-07-05T21:44:51","slug":"formularios-e-requerimentos","status":"publish","type":"page","link":"https:\/\/uenf.br\/graduacao\/licenciatura-fisica\/formularios\/formularios-e-requerimentos\/","title":{"rendered":"Formul\u00e1rios e Requerimentos"},"content":{"rendered":"<ul>\n<li>Requerimento para segunda chamada, inclus\u00e3o ou exclus\u00e3o de disciplinas, <span style=\"color: #0000ff\"><a style=\"color: #0000ff\" href=\"https:\/\/uenf.br\/graduacao\/licenciatura-fisica\/wp-content\/uploads\/sites\/10\/2020\/02\/REQUERIMENTO_de_MATR\u00cdCULA_INCLUS\u00c3O_EXCLUS\u00c3O.pdf\">em PDF<\/a><\/span>\u00a0 ou\u00a0 <a href=\"https:\/\/uenf.br\/graduacao\/licenciatura-fisica\/wp-content\/uploads\/sites\/10\/2020\/02\/REQUERIMENTO_de_MATR\u00cdCULA_INCLUS\u00c3O_EXCLUS\u00c3O.docm\"><span style=\"color: #0000ff\">em DOC<\/span><\/a><\/li>\n<li><a href=\"https:\/\/uenf.br\/graduacao\/licenciatura-fisica\/wp-content\/uploads\/sites\/10\/2020\/07\/REQUERIMENTO_GERAL_da_SECACAD.pdf\"><span style=\"color: #0000ff\">Requerimento Geral da SECACAD<\/span><\/a><\/li>\n<li><a href=\"https:\/\/uenf.br\/graduacao\/licenciatura-fisica\/wp-content\/uploads\/sites\/10\/2020\/07\/Termo-Compromisso_Orientacao_TCC.doc\"><span style=\"color: #0000ff\">Termo de Compromisso de orienta\u00e7\u00e3o de TCC<\/span><\/a><\/li>\n<li>Formul\u00e1rios para homologar banca e <a href=\"https:\/\/uenf.br\/graduacao\/licenciatura-fisica\/wp-content\/uploads\/sites\/10\/2020\/07\/Formul%C3%A1rio-para-agendar-defesa-Projeto-TCC.doc\"><span style=\"color: #0000ff\">agendar defesa de Projeto<\/span><\/a> ou para <a href=\"https:\/\/uenf.br\/graduacao\/licenciatura-fisica\/wp-content\/uploads\/sites\/10\/2020\/07\/Formul%C3%A1rio-para-agendar-defesa-de-TCC.doc\"><span style=\"color: #0000ff\">agendar defesa de TCC.<\/span><\/a><\/li>\n<\/ul>\n<p>&nbsp;<\/p>\n<ul>\n<li>Outros requerimentos est\u00e3o dispon\u00edveis para o aluno atrav\u00e9s da sua \u00e1rea no <strong>Sistema Acad\u00eamico<\/strong>:<\/li>\n<\/ul>\n<p style=\"padding-left: 40px\">Criar Plano de Estudos<br \/>\nAmparo Legal<br \/>\nAproveitamento Interno de disciplinas<br \/>\nCancelamento de Matr\u00edcula<br \/>\nCola\u00e7\u00e3o de Grau<br \/>\nDeclara\u00e7\u00e3o de Conclus\u00e3o<br \/>\nDeclara\u00e7\u00e3o de Matr\u00edcula<br \/>\nDeclara\u00e7\u00e3o de tempo de curso<br \/>\nDiploma<br \/>\nEquival\u00eancia de disciplinas<br \/>\nExtrato<br \/>\nHist\u00f3rico<br \/>\nIsen\u00e7\u00e3o de disciplinas<br \/>\nMobilidade Estudantil<br \/>\nNada Consta<br \/>\nPrograma anal\u00edtico de disciplinas<br \/>\nReativa\u00e7\u00e3o de matr\u00edcula<br \/>\nTrancamento de matr\u00edcula<br \/>\nTransfer\u00eancia para outra IES<br \/>\nTroca de Matriz<\/p>\n<ul>\n<li>Na p\u00e1gina da <strong>ProGrad<\/strong>\u00a0 em <a href=\"https:\/\/uenf.br\/graduacao\/formularios\/\"><span style=\"color: #0000ff\">https:\/\/uenf.br\/graduacao\/formularios\/<\/span>\u00a0<\/a> podem ser baixados os seguintes formul\u00e1rios:<\/li>\n<\/ul>\n<p style=\"padding-left: 40px\">Guarda Religiosa<br \/>\nPr\u00e9-Matr\u00edcula<br \/>\nReativa\u00e7\u00e3o de Matr\u00edcula<br \/>\nEnsino Individual em Componente Curricular<br \/>\nRegime de Exerc\u00edcios Domiciliares: encaminhamento<br \/>\nRegime de Exerc\u00edcios Domiciliares: plano de estudos<br \/>\nAvalia\u00e7\u00e3o de Semestral de Monitoria<br \/>\nRelat\u00f3rio Mensal de Atividades de Monitoria<br \/>\nRelat\u00f3rio Semestral de Monitoria<br \/>\nEncaminhamento Relat\u00f3rio Semestral de Monitoria<br \/>\nFicha Inscri\u00e7\u00e3o Auxiliar ao Ensino<\/p>\n<p>&nbsp;<\/p>\n","protected":false},"excerpt":{"rendered":"<p>Requerimento para segunda chamada, inclus\u00e3o ou exclus\u00e3o de disciplinas, em PDF\u00a0 ou\u00a0 em DOC Requerimento Geral da SECACAD Termo de&#8230;<\/p>\n","protected":false},"author":17,"featured_media":0,"parent":286,"menu_order":4,"comment_status":"closed","ping_status":"closed","template":"","meta":{"footnotes":""},"class_list":["post-370","page","type-page","status-publish","hentry"],"_links":{"self":[{"href":"https:\/\/uenf.br\/graduacao\/licenciatura-fisica\/wp-json\/wp\/v2\/pages\/370","targetHints":{"allow":["GET"]}}],"collection":[{"href":"https:\/\/uenf.br\/graduacao\/licenciatura-fisica\/wp-json\/wp\/v2\/pages"}],"about":[{"href":"https:\/\/uenf.br\/graduacao\/licenciatura-fisica\/wp-json\/wp\/v2\/types\/page"}],"author":[{"embeddable":true,"href":"https:\/\/uenf.br\/graduacao\/licenciatura-fisica\/wp-json\/wp\/v2\/users\/17"}],"replies":[{"embeddable":true,"href":"https:\/\/uenf.br\/graduacao\/licenciatura-fisica\/wp-json\/wp\/v2\/comments?post=370"}],"version-history":[{"count":0,"href":"https:\/\/uenf.br\/graduacao\/licenciatura-fisica\/wp-json\/wp\/v2\/pages\/370\/revisions"}],"up":[{"embeddable":true,"href":"https:\/\/uenf.br\/graduacao\/licenciatura-fisica\/wp-json\/wp\/v2\/pages\/286"}],"wp:attachment":[{"href":"https:\/\/uenf.br\/graduacao\/licenciatura-fisica\/wp-json\/wp\/v2\/media?parent=370"}],"curies":[{"name":"wp","href":"https:\/\/api.w.org\/{rel}","templated":true}]}}