{"id":374,"date":"2020-07-02T19:53:26","date_gmt":"2020-07-02T22:53:26","guid":{"rendered":"https:\/\/uenf.br\/graduacao\/licenciatura-fisica\/?page_id=374"},"modified":"2020-10-28T17:27:56","modified_gmt":"2020-10-28T20:27:56","slug":"noticias","status":"publish","type":"page","link":"https:\/\/uenf.br\/graduacao\/licenciatura-fisica\/formularios\/noticias\/","title":{"rendered":"Not\u00edcias"},"content":{"rendered":"<p>RECADINHO DOS ORGANIZADORES DA SEMANA ACAD\u00caMICA!<\/p>\n<p>\u26a0\ufe0f\u26a0\ufe0fAten\u00e7\u00e3o \u26a0\ufe0f\u26a0\ufe0f \ud83c\udf8a\ud83c\udf89 Est\u00e3o abertas as inscri\u00e7\u00f5es da t\u00e3o esperada Semana Acad\u00eamica de F\u00edsica da UENF (SacaF\u00eds 2020). \ud83d\udea9\ud83d\udccc O evento ser\u00e1 gratuito e online. \ud83d\udcc6 Ocorrer\u00e1 entre os dias 03 e 06 de novembro de 2020.<\/p>\n<p>O per\u00edodo de inscri\u00e7\u00f5es ser\u00e1 de 28 de outubro de 2020 a 03 de novembro de 2020.<\/p>\n<p>Link para as inscri\u00e7\u00f5es e programa\u00e7\u00e3o:\u00a0 \u00a0https:\/\/cutt.ly\/egRDAvf\u00a0 (Dispon\u00edvel na bio do Instagram).<\/p>\n<p>\ud83d\udc68\ud83c\udffd\u200d\ud83c\udfeb\ud83d\udc69\ud83c\udffb\u200d\ud83c\udfeb Contaremos com presen\u00e7as ilustres, palestras e minicursos incr\u00edveis. \ud83d\udcc4 Teremos a emiss\u00e3o de certificado!! \ud83e\udd13 N\u00e3o fiquem de fora, esperamos voc\u00eas!!<\/p>\n<p>\u2753Qualquer d\u00favida entre em contato:<\/p>\n<ul>\n<li>Instagram oficial: @sacafis.uenf<\/li>\n<li>Facebook: F\u00edsica UENF<\/li>\n<li>E-mail: cafis@pq.uenf.br<\/li>\n<\/ul>\n<p>&nbsp;<\/p>\n<p>&nbsp;<\/p>\n<p>&nbsp;<\/p>\n<p>&nbsp;<\/p>\n<p>Caros alunos,<\/p>\n<ul>\n<li>As medidas de isolamento social para evitar a propaga\u00e7\u00e3o do coronav\u00edrus foram prorrogadas at\u00e9 dezembro, levando ao cancelamento do <span style=\"color: #333399\"><a style=\"color: #333399\" href=\"https:\/\/uenf.br\/graduacao\/licenciatura-fisica\/formularios\/calendario-academico\/\"><span style=\"color: #0000ff\">calend\u00e1rio acad\u00eamico<\/span><\/a><\/span>.<\/li>\n<li>Neste contexto, passamos a uma nova modalidade de ensino remoto, <span style=\"color: #0000ff\"><a style=\"color: #0000ff\" href=\"https:\/\/uenf.br\/graduacao\/licenciatura-fisica\/formularios\/horarios-e-salas-das-disciplinas-obrigatorias\/\">as AAREs<\/a><\/span>, que est\u00e3o em andamento.<\/li>\n<li>Al\u00e9m das AAREs da Uenf, diversos cursos online podem validar horas de Atividades Acad\u00eamicas Complementares &#8211; AAC, sendo necess\u00e1rio que voc\u00ea apresente o certificado. \u00a0<span style=\"color: #0000ff\"><a style=\"color: #0000ff\" href=\"https:\/\/uenf.br\/graduacao\/licenciatura-fisica\/o-curso\/atividades-academicas-cientifico-culturais\/\">Veja aqui<\/a><\/span>\u00a0as regras para valida\u00e7\u00e3o de AAC.<\/li>\n<\/ul>\n<ul>\n<li>Em breve o CAFis promover\u00e1 Elei\u00e7\u00f5es para o seu representante no Colegiado do curso!\u00a0 <span style=\"color: #0000ff\"><a style=\"color: #0000ff\" href=\"https:\/\/uenf.br\/graduacao\/licenciatura-fisica\/o-curso\/colegiado\/\">Veja aqui<\/a>\u00a0<\/span>a atual composi\u00e7\u00e3o do Colegiado.<\/li>\n<\/ul>\n","protected":false},"excerpt":{"rendered":"<p>RECADINHO DOS ORGANIZADORES DA SEMANA ACAD\u00caMICA! \u26a0\ufe0f\u26a0\ufe0fAten\u00e7\u00e3o \u26a0\ufe0f\u26a0\ufe0f \ud83c\udf8a\ud83c\udf89 Est\u00e3o abertas as inscri\u00e7\u00f5es da t\u00e3o esperada Semana Acad\u00eamica de F\u00edsica&#8230;<\/p>\n","protected":false},"author":17,"featured_media":0,"parent":286,"menu_order":1,"comment_status":"closed","ping_status":"closed","template":"","meta":{"footnotes":""},"class_list":["post-374","page","type-page","status-publish","hentry"],"_links":{"self":[{"href":"https:\/\/uenf.br\/graduacao\/licenciatura-fisica\/wp-json\/wp\/v2\/pages\/374","targetHints":{"allow":["GET"]}}],"collection":[{"href":"https:\/\/uenf.br\/graduacao\/licenciatura-fisica\/wp-json\/wp\/v2\/pages"}],"about":[{"href":"https:\/\/uenf.br\/graduacao\/licenciatura-fisica\/wp-json\/wp\/v2\/types\/page"}],"author":[{"embeddable":true,"href":"https:\/\/uenf.br\/graduacao\/licenciatura-fisica\/wp-json\/wp\/v2\/users\/17"}],"replies":[{"embeddable":true,"href":"https:\/\/uenf.br\/graduacao\/licenciatura-fisica\/wp-json\/wp\/v2\/comments?post=374"}],"version-history":[{"count":0,"href":"https:\/\/uenf.br\/graduacao\/licenciatura-fisica\/wp-json\/wp\/v2\/pages\/374\/revisions"}],"up":[{"embeddable":true,"href":"https:\/\/uenf.br\/graduacao\/licenciatura-fisica\/wp-json\/wp\/v2\/pages\/286"}],"wp:attachment":[{"href":"https:\/\/uenf.br\/graduacao\/licenciatura-fisica\/wp-json\/wp\/v2\/media?parent=374"}],"curies":[{"name":"wp","href":"https:\/\/api.w.org\/{rel}","templated":true}]}}