{"id":66,"date":"2018-07-19T17:35:51","date_gmt":"2018-07-19T20:35:51","guid":{"rendered":"https:\/\/uenf.br\/graduacao\/licenciatura-fisica\/?page_id=66"},"modified":"2020-01-21T14:19:01","modified_gmt":"2020-01-21T17:19:01","slug":"jose-augusto-pedro-lima","status":"publish","type":"page","link":"https:\/\/uenf.br\/graduacao\/licenciatura-fisica\/docentes\/jose-augusto-pedro-lima\/","title":{"rendered":"Jos\u00e9 Augusto Pedro Lima"},"content":{"rendered":"<p><a href=\"http:\/\/lattes.cnpq.br\/2746858124459124&amp;sa=D\" target=\"_blank\" rel=\"noopener noreferrer\">Curr\u00edculo Lattes<\/a><\/p>\n<p>japlima@uenf.br<\/p>\n<p>Sala pr\u00f3xima \u00e0 Biblioteca &#8211; t\u00e9rreo do CCT<\/p>\n<p>Ramal &#8211; 273 97203<\/p>\n","protected":false},"excerpt":{"rendered":"<p>Curr\u00edculo Lattes japlima@uenf.br Sala pr\u00f3xima \u00e0 Biblioteca &#8211; t\u00e9rreo do CCT Ramal &#8211; 273 97203<\/p>\n","protected":false},"author":17,"featured_media":0,"parent":21,"menu_order":6,"comment_status":"closed","ping_status":"closed","template":"","meta":{"footnotes":""},"class_list":["post-66","page","type-page","status-publish","hentry"],"_links":{"self":[{"href":"https:\/\/uenf.br\/graduacao\/licenciatura-fisica\/wp-json\/wp\/v2\/pages\/66","targetHints":{"allow":["GET"]}}],"collection":[{"href":"https:\/\/uenf.br\/graduacao\/licenciatura-fisica\/wp-json\/wp\/v2\/pages"}],"about":[{"href":"https:\/\/uenf.br\/graduacao\/licenciatura-fisica\/wp-json\/wp\/v2\/types\/page"}],"author":[{"embeddable":true,"href":"https:\/\/uenf.br\/graduacao\/licenciatura-fisica\/wp-json\/wp\/v2\/users\/17"}],"replies":[{"embeddable":true,"href":"https:\/\/uenf.br\/graduacao\/licenciatura-fisica\/wp-json\/wp\/v2\/comments?post=66"}],"version-history":[{"count":0,"href":"https:\/\/uenf.br\/graduacao\/licenciatura-fisica\/wp-json\/wp\/v2\/pages\/66\/revisions"}],"up":[{"embeddable":true,"href":"https:\/\/uenf.br\/graduacao\/licenciatura-fisica\/wp-json\/wp\/v2\/pages\/21"}],"wp:attachment":[{"href":"https:\/\/uenf.br\/graduacao\/licenciatura-fisica\/wp-json\/wp\/v2\/media?parent=66"}],"curies":[{"name":"wp","href":"https:\/\/api.w.org\/{rel}","templated":true}]}}