{"id":2,"date":"2022-11-09T14:16:24","date_gmt":"2022-11-09T17:16:24","guid":{"rendered":"https:\/\/uenf.br\/graduacao\/licenciatura-quimica\/?page_id=2"},"modified":"2023-04-30T22:19:00","modified_gmt":"2023-05-01T01:19:00","slug":"apresentacao","status":"publish","type":"page","link":"https:\/\/uenf.br\/graduacao\/licenciatura-quimica\/","title":{"rendered":"Apresenta\u00e7ao"},"content":{"rendered":"<p><span style=\"color: #000000\"><strong>O Curso<\/strong><\/span><\/p>\n<p><span style=\"color: #000000\">A cria\u00e7\u00e3o do Curso de Qu\u00edmica com habilita\u00e7\u00e3o em Licenciatura em Qu\u00edmica presencial da Universidade Estadual do Norte Fluminense Darcy Ribeiro foi proposta em 1999, pela Secretaria de Ci\u00eancia Tecnologia e Inova\u00e7\u00e3o (SECTI) do Estado do Rio de Janeiro, como estrat\u00e9gia de desenvolvimento socioecon\u00f4mico das regi\u00f5es Norte e Noroeste Fluminense.\u00a0 O in\u00edcio das atividades acad\u00eamicas do curso ocorreu no primeiro semestre de 2000, com a entrada de 30 alunos selecionados atrav\u00e9s do processo seletivo da \u00e9poca (Vestibular UERJ\/UENF).<\/span><\/p>\n<p><span style=\"color: #000000\">O processo de credenciamento do curso ocorreu de acordo com os termos estabelecidos pelo Regimento Geral da Universidade Estadual do Norte Fluminense Darcy Ribeiro (Resolu\u00e7\u00e3o CONSUNI N\u00ba 005\/06) e pelas Normas da Gradua\u00e7\u00e3o em vigor em 2004.\u00a0 O parecer do Conselho Estadual de Educa\u00e7\u00e3o do Estado do Rio de Janeiro reconheceu o Curso de Licenciatura em Qu\u00edmica da UENF (Parecer CEE no 225\/2005 de 08 de novembro de 2005), sendo homologado pelo Conselho Estadual de Educa\u00e7\u00e3o do Rio de Janeiro em 24 de fevereiro de 2006 (Portaria CEE no 232\/2005, publicada no DOERJ em 06 de mar\u00e7o de 2006, n\u00famero 41, Parte 1, p\u00e1gina 11).<\/span><\/p>\n<p><span style=\"color: #000000\">A cria\u00e7\u00e3o do curso de Qu\u00edmica\u00a0\u2013\u00a0Licenciatura da Universidade Estadual do Norte Fluminense Darcy Ribeiro foi motivada pela necessidade de se suprir a car\u00eancia regional de professores qualificados para atuar na Educa\u00e7\u00e3o B\u00e1sica, assim como para atender \u00e0 Lei de Diretrizes e Bases da Educa\u00e7\u00e3o Nacional (LDBEN 9394, de 20 de dezembro de 1996), que determinou o per\u00edodo que se findou em 2006 como a d\u00e9cada da educa\u00e7\u00e3o, tendo como uma de suas metas a forma\u00e7\u00e3o, em n\u00edvel superior, de todos os profissionais de educa\u00e7\u00e3o.<\/span><\/p>\n<p><span style=\"color: #000000\">O curso de Qu\u00edmica\u00a0\u2013\u00a0Licenciatura da Universidade Estadual do Norte Fluminense Darcy Ribeiro tem como objetivo principal a forma\u00e7\u00e3o de Qu\u00edmicos Licenciados em n\u00edvel superior, com uma forma\u00e7\u00e3o s\u00f3lida e abrangente em conte\u00fados dos diversos campos da Qu\u00edmica, com prepara\u00e7\u00e3o adequada \u00e0 aplica\u00e7\u00e3o pedag\u00f3gica do conhecimento de Qu\u00edmica e \u00e1reas afins para atua\u00e7\u00e3o na Educa\u00e7\u00e3o B\u00e1sica, especificamente na \u00e1rea de Ci\u00eancias, nos \u00faltimos anos do Ensino Fundamental e de Qu\u00edmica no Ensino M\u00e9dio.<\/span><\/p>\n<p><span style=\"color: #000000\">O curso de Licenciatura em Qu\u00edmica tem como um de seus objetivos formar profissionais com elevado senso cr\u00edtico com s\u00f3lidos conhecimentos em pilares estrat\u00e9gicos como:<\/span><\/p>\n<blockquote><p><span style=\"color: #000000\">1 \u2013 Forma\u00e7\u00e3o s\u00f3lida nas quatro grandes \u00e1reas da qu\u00edmica (Anal\u00edtica, F\u00edsico-Qu\u00edmica, Inorg\u00e2nica e Org\u00e2nica) e \u00e1reas correlatas;<\/span><\/p>\n<p><span style=\"color: #000000\">2 \u2013 Forma\u00e7\u00e3o s\u00f3lida nos aspectos did\u00e1tico-pedag\u00f3gicos;<\/span><\/p>\n<p><span style=\"color: #000000\">3 \u2013 Forma\u00e7\u00e3o human\u00edstica e filos\u00f3fica.<\/span><\/p><\/blockquote>\n<p>&nbsp;<\/p>\n<p><span style=\"color: #000000\"><strong>Atribui\u00e7\u00f5es do Licenciado em Qu\u00edmica<\/strong><\/span><\/p>\n<p><span style=\"color: #000000\">O Conselho Federal de Qu\u00edmica atrav\u00e9s dos conselhos regionais s\u00e3o os respons\u00e1veis pela fiscaliza\u00e7\u00e3o do exerc\u00edcio da\u00a0 qu\u00edmica. A resolu\u00e7\u00e3o normativa do CFQ n\u00ba 36\/74 estabelece as atribui\u00e7\u00f5es do profissional da Qu\u00edmica de acordo com a natureza dos curr\u00edculos de qu\u00edmica. As atribui\u00e7\u00f5es destinadas aos licenciados em qu\u00edmica est\u00e3o destacados em vermelho como pode ser visto na lista a seguir:<\/span><\/p>\n<blockquote><p><span style=\"color: #ff0000\">01 \u2013\u00a0\u00a0\u00a0\u00a0 Dire\u00e7\u00e3o, supervis\u00e3o, programa\u00e7\u00e3o, coordena\u00e7\u00e3o, orienta\u00e7\u00e3o e responsabilidade t\u00e9cnica no \u00e2mbito das atribui\u00e7\u00f5es respectivas.<\/span><\/p>\n<p><span style=\"color: #ff0000\">02 \u2013\u00a0\u00a0\u00a0\u00a0 Assist\u00eancia, assessoria, consultoria, elabora\u00e7\u00e3o de or\u00e7amentos, divulga\u00e7\u00e3o e comercializa\u00e7\u00e3o, no \u00e2mbito das atribui\u00e7\u00f5es respectivas.<\/span><\/p>\n<p><span style=\"color: #ff0000\">03 \u2013\u00a0\u00a0\u00a0\u00a0 Vistoria, per\u00edcia, avalia\u00e7\u00e3o, arbitramento e servi\u00e7os t\u00e9cnicos; elabora\u00e7\u00e3o de pareceres, laudos e atestados, no \u00e2mbito das atribui\u00e7\u00f5es respectivas.<\/span><\/p>\n<p><span style=\"color: #ff0000\">04 \u2013\u00a0\u00a0\u00a0\u00a0 Exerc\u00edcio do magist\u00e9rio, respeitada a legisla\u00e7\u00e3o espec\u00edfica.<\/span><\/p>\n<p><span style=\"color: #ff0000\">05 \u2013\u00a0\u00a0\u00a0\u00a0 Desempenho de cargos e fun\u00e7\u00f5es t\u00e9cnicas no \u00e2mbito das atribui\u00e7\u00f5es respectivas.<\/span><\/p>\n<p><span style=\"color: #ff0000\">06 \u2013\u00a0\u00a0\u00a0\u00a0 Ensaios e pesquisas em geral. Pesquisa e desenvolvimento de m\u00e9todos e produtos.<\/span><\/p>\n<p><span style=\"color: #ff0000\">07 \u2013\u00a0\u00a0\u00a0\u00a0 An\u00e1lise qu\u00edmica e f\u00edsico-qu\u00edmica, qu\u00edmico-biol\u00f3gica, bromatol\u00f3gica, toxicol\u00f3gica e legal, padroniza\u00e7\u00e3o e controle de qualidade.<\/span><\/p>\n<p><span style=\"color: #000000\">08 \u2013\u00a0\u00a0\u00a0\u00a0 Produ\u00e7\u00e3o; tratamentos pr\u00e9vios e complementares de produtos e res\u00edduos.<\/span><\/p>\n<p><span style=\"color: #000000\">09 \u2013\u00a0\u00a0\u00a0\u00a0 Opera\u00e7\u00e3o e manuten\u00e7\u00e3o de equipamentos e instala\u00e7\u00f5es; execu\u00e7\u00e3o de trabalhos t\u00e9cnicos.<\/span><\/p>\n<p><span style=\"color: #000000\">10 \u2013\u00a0\u00a0\u00a0\u00a0 Condu\u00e7\u00e3o e controle de opera\u00e7\u00f5es e processos industriais, de trabalhos t\u00e9cnicos, reparos e manuten\u00e7\u00e3o.<\/span><\/p>\n<p><span style=\"color: #000000\">11 \u2013\u00a0\u00a0\u00a0\u00a0 Pesquisa e desenvolvimento de opera\u00e7\u00f5es e processos industriais.<\/span><\/p>\n<p><span style=\"color: #000000\">12 \u2013\u00a0\u00a0\u00a0\u00a0 Estudo, elabora\u00e7\u00e3o e execu\u00e7\u00e3o de projetos de processamento.<\/span><\/p>\n<p><span style=\"color: #000000\">13 \u2013\u00a0\u00a0\u00a0\u00a0 Estudo de viabilidade t\u00e9cnica e t\u00e9cnico-econ\u00f4mica no \u00e2mbito das atribui\u00e7\u00f5es respectivas.<\/span><\/p>\n<p><span style=\"color: #000000\">14 \u2013\u00a0\u00a0\u00a0\u00a0 Estudo, planejamento, projeto e especifica\u00e7\u00f5es de equipamentos e instala\u00e7\u00f5es industriais.<\/span><\/p>\n<p><span style=\"color: #000000\">15 \u2013\u00a0\u00a0\u00a0\u00a0 Execu\u00e7\u00e3o, fiscaliza\u00e7\u00e3o de montagem e instala\u00e7\u00e3o de equipamento.<\/span><\/p>\n<p><span style=\"color: #000000\">16 \u2013\u00a0\u00a0\u00a0\u00a0 Condu\u00e7\u00e3o de equipe de instala\u00e7\u00e3o, montagem, reparo e manuten\u00e7\u00e3o.<\/span><\/p><\/blockquote>\n<p>&nbsp;<\/p>\n<p style=\"text-align: right\"><span style=\"color: #0000ff\"><strong>Prof. Jefferson Rodrigues de Souza<\/strong><\/span><\/p>\n<p style=\"text-align: right\"><strong><span style=\"color: #0000ff\">jefferson@uenf.br<\/span><\/strong><\/p>\n<p style=\"text-align: right\"><strong><span style=\"color: #0000ff\">Sala 111 &#8211; CCT-LCQUI<\/span><\/strong><\/p>\n<p style=\"text-align: right\"><strong><span style=\"color: #0000ff\">Coordenador do curso de Licenciatura em Qu\u00edmica<\/span><\/strong><\/p>\n","protected":false},"excerpt":{"rendered":"<p>O Curso A cria\u00e7\u00e3o do Curso de Qu\u00edmica com habilita\u00e7\u00e3o em Licenciatura em Qu\u00edmica presencial da Universidade Estadual do Norte&#8230;<\/p>\n","protected":false},"author":29,"featured_media":0,"parent":0,"menu_order":0,"comment_status":"closed","ping_status":"closed","template":"","meta":{"footnotes":""},"class_list":["post-2","page","type-page","status-publish","hentry"],"_links":{"self":[{"href":"https:\/\/uenf.br\/graduacao\/licenciatura-quimica\/wp-json\/wp\/v2\/pages\/2","targetHints":{"allow":["GET"]}}],"collection":[{"href":"https:\/\/uenf.br\/graduacao\/licenciatura-quimica\/wp-json\/wp\/v2\/pages"}],"about":[{"href":"https:\/\/uenf.br\/graduacao\/licenciatura-quimica\/wp-json\/wp\/v2\/types\/page"}],"author":[{"embeddable":true,"href":"https:\/\/uenf.br\/graduacao\/licenciatura-quimica\/wp-json\/wp\/v2\/users\/29"}],"replies":[{"embeddable":true,"href":"https:\/\/uenf.br\/graduacao\/licenciatura-quimica\/wp-json\/wp\/v2\/comments?post=2"}],"version-history":[{"count":0,"href":"https:\/\/uenf.br\/graduacao\/licenciatura-quimica\/wp-json\/wp\/v2\/pages\/2\/revisions"}],"wp:attachment":[{"href":"https:\/\/uenf.br\/graduacao\/licenciatura-quimica\/wp-json\/wp\/v2\/media?parent=2"}],"curies":[{"name":"wp","href":"https:\/\/api.w.org\/{rel}","templated":true}]}}