{"id":69,"date":"2023-04-30T21:54:02","date_gmt":"2023-05-01T00:54:02","guid":{"rendered":"https:\/\/uenf.br\/graduacao\/licenciatura-quimica\/?page_id=69"},"modified":"2023-04-30T21:57:12","modified_gmt":"2023-05-01T00:57:12","slug":"avaliacao-do-curso","status":"publish","type":"page","link":"https:\/\/uenf.br\/graduacao\/licenciatura-quimica\/avaliacao-do-curso\/","title":{"rendered":"Avalia\u00e7\u00e3o do Curso"},"content":{"rendered":"<p>Em constru\u00e7\u00e3o!<\/p>\n","protected":false},"excerpt":{"rendered":"<p>Em constru\u00e7\u00e3o!<\/p>\n","protected":false},"author":30,"featured_media":0,"parent":0,"menu_order":0,"comment_status":"closed","ping_status":"closed","template":"","meta":{"footnotes":""},"class_list":["post-69","page","type-page","status-publish","hentry"],"_links":{"self":[{"href":"https:\/\/uenf.br\/graduacao\/licenciatura-quimica\/wp-json\/wp\/v2\/pages\/69","targetHints":{"allow":["GET"]}}],"collection":[{"href":"https:\/\/uenf.br\/graduacao\/licenciatura-quimica\/wp-json\/wp\/v2\/pages"}],"about":[{"href":"https:\/\/uenf.br\/graduacao\/licenciatura-quimica\/wp-json\/wp\/v2\/types\/page"}],"author":[{"embeddable":true,"href":"https:\/\/uenf.br\/graduacao\/licenciatura-quimica\/wp-json\/wp\/v2\/users\/30"}],"replies":[{"embeddable":true,"href":"https:\/\/uenf.br\/graduacao\/licenciatura-quimica\/wp-json\/wp\/v2\/comments?post=69"}],"version-history":[{"count":0,"href":"https:\/\/uenf.br\/graduacao\/licenciatura-quimica\/wp-json\/wp\/v2\/pages\/69\/revisions"}],"wp:attachment":[{"href":"https:\/\/uenf.br\/graduacao\/licenciatura-quimica\/wp-json\/wp\/v2\/media?parent=69"}],"curies":[{"name":"wp","href":"https:\/\/api.w.org\/{rel}","templated":true}]}}