{"id":127,"date":"2024-07-16T15:54:06","date_gmt":"2024-07-16T18:54:06","guid":{"rendered":"https:\/\/uenf.br\/graduacao\/medicina-veterinaria\/?page_id=127"},"modified":"2026-01-26T10:57:25","modified_gmt":"2026-01-26T13:57:25","slug":"horario-2024-2-curso-de-medicina-veterinaria-uenf","status":"publish","type":"page","link":"https:\/\/uenf.br\/graduacao\/medicina-veterinaria\/horario-2024-2-curso-de-medicina-veterinaria-uenf\/","title":{"rendered":"HOR\u00c1RIO 2026\/1 &#8211; CURSO DE MEDICINA VETERIN\u00c1RIA -UENF"},"content":{"rendered":"<p>&nbsp;<\/p>\n<p style=\"text-align: center\">\u00a0 \u00a0 \u00a0 \u00a0 \u00a0 \u00a0 \u00a0 \u00a0 \u00a0 \u00a0 Caros discentes, segue cronograma de hor\u00e1rio de aula do curso de Gradua\u00e7\u00e3o em Medicina Veterin\u00e1ria para o\u00a0<strong> 1\u00ba semestre de 2026<\/strong>\u00a0com uma pr\u00e9via das salas de aula. Por\u00e9m\u00a0 para melhor atend\u00ea-los, cabe lembrar que, o referido cronograma poder\u00e1 sofre altera\u00e7\u00f5es\u00a0 em rela\u00e7\u00e3o \u00e0 destina\u00e7\u00e3o das salas de aula.<\/p>\n<p style=\"text-align: center\">Fiquem sempre atentos \u00e0s altera\u00e7\u00f5es no pr\u00f3prio sistema acad\u00eamico!<\/p>\n<p style=\"text-align: center\">Hor\u00e1rio Med. Veterin\u00e1ria 2026\/1\u00a0 <a href=\"https:\/\/uenf.br\/graduacao\/medicina-veterinaria\/wp-content\/uploads\/sites\/15\/2026\/01\/Veterinaria-1.2026.pdf\">Veterinaria 1.2026<\/a><\/p>\n","protected":false},"excerpt":{"rendered":"<p>&nbsp; \u00a0 \u00a0 \u00a0 \u00a0 \u00a0 \u00a0 \u00a0 \u00a0 \u00a0 \u00a0 Caros discentes, segue cronograma de hor\u00e1rio de aula do&#8230;<\/p>\n","protected":false},"author":35,"featured_media":0,"parent":0,"menu_order":0,"comment_status":"closed","ping_status":"closed","template":"","meta":{"footnotes":""},"class_list":["post-127","page","type-page","status-publish","hentry"],"_links":{"self":[{"href":"https:\/\/uenf.br\/graduacao\/medicina-veterinaria\/wp-json\/wp\/v2\/pages\/127","targetHints":{"allow":["GET"]}}],"collection":[{"href":"https:\/\/uenf.br\/graduacao\/medicina-veterinaria\/wp-json\/wp\/v2\/pages"}],"about":[{"href":"https:\/\/uenf.br\/graduacao\/medicina-veterinaria\/wp-json\/wp\/v2\/types\/page"}],"author":[{"embeddable":true,"href":"https:\/\/uenf.br\/graduacao\/medicina-veterinaria\/wp-json\/wp\/v2\/users\/35"}],"replies":[{"embeddable":true,"href":"https:\/\/uenf.br\/graduacao\/medicina-veterinaria\/wp-json\/wp\/v2\/comments?post=127"}],"version-history":[{"count":0,"href":"https:\/\/uenf.br\/graduacao\/medicina-veterinaria\/wp-json\/wp\/v2\/pages\/127\/revisions"}],"wp:attachment":[{"href":"https:\/\/uenf.br\/graduacao\/medicina-veterinaria\/wp-json\/wp\/v2\/media?parent=127"}],"curies":[{"name":"wp","href":"https:\/\/api.w.org\/{rel}","templated":true}]}}