{"id":132,"date":"2024-07-16T16:29:47","date_gmt":"2024-07-16T19:29:47","guid":{"rendered":"https:\/\/uenf.br\/graduacao\/medicina-veterinaria\/?page_id=132"},"modified":"2026-01-26T10:47:53","modified_gmt":"2026-01-26T13:47:53","slug":"avisos-importantes","status":"publish","type":"page","link":"https:\/\/uenf.br\/graduacao\/medicina-veterinaria\/avisos-importantes\/","title":{"rendered":"Avisos Importantes"},"content":{"rendered":"<h1><strong>Aten\u00e7\u00e3o discentes, fiquem atentos aos avisos<\/strong><\/h1>\n<ul>\n<li>\n<h2>Discentes que ingressaram no curso de Medicina Veterin\u00e1ria em 2023 e 2024:<\/h2>\n<ul>\n<li>Precisam realizar cadastro no SEI-RJ externo -Sistema Eletr\u00f4nico de Informa\u00e7\u00f5es, que \u00e9\u00a0 \u00a0um sistema de gest\u00e3o de processos administrativos e documentos eletr\u00f4nicos. \u00c9 a substitui\u00e7\u00e3o do papel como suporte para documentos institucionais.<\/li>\n<\/ul>\n<\/li>\n<li>\n<h2>\u00a0Ao final de cada per\u00edodo letivo, verifiquem os seus extratos escolares:<\/h2>\n<ul>\n<li>\u00a0O discente ter\u00e1 o direito \u00e0 retifica\u00e7\u00e3o de notas ou conceitos obtidos nas disciplinas at\u00e9 vinte (20) dias ap\u00f3s o t\u00e9rmino do per\u00edodo letivo (Art. 103 das normas da gradua\u00e7\u00e3o)<\/li>\n<\/ul>\n<\/li>\n<li>\n<h2>\u00a0Datas importantes:\u00a0 Acesse o link do calend\u00e1rio acad\u00eamico da Gradua\u00e7\u00e3o &#8211; <a href=\"https:\/\/uenf.br\/graduacao\/wp-content\/uploads\/2025\/10\/CalendarioAcademico2026.pdf\">UENF 2026<\/a><\/h2>\n<p>https:\/\/uenf.br\/graduacao\/wp-content\/uploads\/2025\/10\/CalendarioAcademico2026.pdf<\/li>\n<li><\/li>\n<\/ul>\n","protected":false},"excerpt":{"rendered":"<p>Aten\u00e7\u00e3o discentes, fiquem atentos aos avisos Discentes que ingressaram no curso de Medicina Veterin\u00e1ria em 2023 e 2024: Precisam realizar&#8230;<\/p>\n","protected":false},"author":35,"featured_media":0,"parent":0,"menu_order":0,"comment_status":"closed","ping_status":"closed","template":"","meta":{"footnotes":""},"class_list":["post-132","page","type-page","status-publish","hentry"],"_links":{"self":[{"href":"https:\/\/uenf.br\/graduacao\/medicina-veterinaria\/wp-json\/wp\/v2\/pages\/132","targetHints":{"allow":["GET"]}}],"collection":[{"href":"https:\/\/uenf.br\/graduacao\/medicina-veterinaria\/wp-json\/wp\/v2\/pages"}],"about":[{"href":"https:\/\/uenf.br\/graduacao\/medicina-veterinaria\/wp-json\/wp\/v2\/types\/page"}],"author":[{"embeddable":true,"href":"https:\/\/uenf.br\/graduacao\/medicina-veterinaria\/wp-json\/wp\/v2\/users\/35"}],"replies":[{"embeddable":true,"href":"https:\/\/uenf.br\/graduacao\/medicina-veterinaria\/wp-json\/wp\/v2\/comments?post=132"}],"version-history":[{"count":0,"href":"https:\/\/uenf.br\/graduacao\/medicina-veterinaria\/wp-json\/wp\/v2\/pages\/132\/revisions"}],"wp:attachment":[{"href":"https:\/\/uenf.br\/graduacao\/medicina-veterinaria\/wp-json\/wp\/v2\/media?parent=132"}],"curies":[{"name":"wp","href":"https:\/\/api.w.org\/{rel}","templated":true}]}}