{"id":25,"date":"2021-03-27T18:06:40","date_gmt":"2021-03-27T21:06:40","guid":{"rendered":"https:\/\/uenf.br\/graduacao\/medicina-veterinaria\/?page_id=25"},"modified":"2021-05-06T11:49:50","modified_gmt":"2021-05-06T14:49:50","slug":"estrutura-do-curso","status":"publish","type":"page","link":"https:\/\/uenf.br\/graduacao\/medicina-veterinaria\/estrutura-do-curso\/","title":{"rendered":"Estrutura do Curso"},"content":{"rendered":"<h2>Espa\u00e7os acad\u00eamicos e unidades de ensino<\/h2>\n<ul>\n<li>Secretaria Acad\u00eamica do curso \u2013 T\u00e9rreo do CCTA<\/li>\n<li>Salas de Aulas ; As salas de aula est\u00e3o distribu\u00eddas nos pr\u00e9dios do CCTA (P1 e P4), no E1 e no Hospital Veterin\u00e1rio.<\/li>\n<li>Audit\u00f3rios: 01 situado no pr\u00e9dio P4(120 lugares);01 situado no Hospital Veterin\u00e1rio(HV) (150 lugares)<\/li>\n<li>Sala de defesa de trabalhos de conclus\u00e3o de curso (TCC): situada no HV ( 40 lugares).<\/li>\n<li>Biblioteca do CCTA<\/li>\n<li>Hospital Veterin\u00e1rio (HV-UENF): As instala\u00e7\u00f5es do Hospital Veterin\u00e1rio localizam-se no campus Leonel Brizola e \u00e9 constitu\u00eddo por uma edifica\u00e7\u00e3o de dois pavimentos (t\u00e9rreo e pavimento superior) com \u00e1rea total de 7.497m2, tendo o projeto a assinatura do Arquiteto Oscar Niemeyer.<\/li>\n<\/ul>\n<h2>I \u2013 Estrutura de atendimento a pequenos animais<\/h2>\n<ul>\n<li>01 recep\u00e7\u00e3o<\/li>\n<li>04 ambulat\u00f3rios para Clinica Medica<\/li>\n<li>01 ambulat\u00f3rio para Clinica Reprodutiva<\/li>\n<li>01 ambulat\u00f3rio para Clinica de Animais Selvagens<\/li>\n<li>01 sala de Biotecnologia da Reprodu\u00e7\u00e3o<\/li>\n<li>01 sala de Radiologia<\/li>\n<li>03 salas de apoio \u00e1 Radiologia<\/li>\n<li>01 sala de Tomografia<\/li>\n<\/ul>\n<h3>Complexo Cir\u00fargico composto por:<\/h3>\n<h4>a) T\u00e9cnica Cir\u00fargica<\/h4>\n<ul>\n<li>01 sala de paramenta\u00e7\u00e3o e preparo para t\u00e9cnicas cir\u00fargicas<\/li>\n<li>01 sala para t\u00e9cnicas cir\u00fargicas<\/li>\n<\/ul>\n<h4>b) Centro Cir\u00fargico<\/h4>\n<ul>\n<li>01 sala de indu\u00e7\u00e3o anest\u00e9sica<\/li>\n<li>01 ambulat\u00f3rio de curativos<\/li>\n<li>01 vesti\u00e1rio masculino<\/li>\n<li>01 vesti\u00e1rio feminino<\/li>\n<li>01 sala de paramenta\u00e7\u00e3o<\/li>\n<li>03 salas cir\u00fargicas<\/li>\n<li>01 sala de descanso para a equipe<\/li>\n<li>01 farm\u00e1cia<\/li>\n<li>01 lavanderia<\/li>\n<\/ul>\n<h2>II \u2013 Estrutura de atendimento a grandes animais<\/h2>\n<ul>\n<li>01 curral e desembarcador<\/li>\n<li>01 redondel<\/li>\n<li>07 baias<\/li>\n<li>03 piquetes sombreados para interna\u00e7\u00e3o<\/li>\n<li>02 \u00e1reas externas para atendimento clinico-cir\u00fargico<\/li>\n<li>Complexo Cir\u00fargico composto por<\/li>\n<li>01 vesti\u00e1rio<\/li>\n<li>01 sala de paramenta\u00e7\u00e3o da equipe<\/li>\n<li>01 sala de indu\u00e7\u00e3o anest\u00e9sica<\/li>\n<li>01 centro cir\u00fargico<\/li>\n<li>01 farm\u00e1cia<\/li>\n<li>01 laborat\u00f3rio de apoio<\/li>\n<li>01 almoxarifado<\/li>\n<li>01 sala de ra\u00e7\u00e3o<\/li>\n<li>01 sala de descanso para a equipe<\/li>\n<\/ul>\n<h2>III \u2013 Unidades laboratoriais<\/h2>\n<ul>\n<li>01 lab. de anatomia patol\u00f3gica<\/li>\n<li>01 lab. de micologia e bacteriologia<\/li>\n<li>01 lab. de virologia<\/li>\n<li>01 lab. de parasitologia<\/li>\n<li>01 lab. patologia clinica<\/li>\n<li>IV \u2013 Unidades de morfologia<\/li>\n<\/ul>\n<h4>a) Se\u00e7\u00e3o de Anatomia dos Animais Dom\u00e9sticos-S.A.A.D<\/h4>\n<ul>\n<li>01 sala de aula pr\u00e1tica<\/li>\n<li>01sala de aula te\u00f3rica<\/li>\n<li>03 salas de preparo de material<\/li>\n<li>01 oss\u00e1rio<\/li>\n<li>01 sala de cubas de formol<\/li>\n<\/ul>\n<p><a href=\"https:\/\/saaduenf.wixsite.com\/setordeanatomia\">https:\/\/saaduenf.wixsite.com\/setordeanatomia<\/a><\/p>\n<h4>b) \u00c1rea de necropsia<\/h4>\n<ul>\n<li>01 necropsia com estrutura para animais de pequeno, m\u00e9dio e grande porte.<\/li>\n<li>01 c\u00e2mara fria com estrutura para animais de pequeno, m\u00e9dio e grande porte.<\/li>\n<li>01 sala de microscopia<\/li>\n<li>01 almoxarifado<\/li>\n<\/ul>\n<h2>V-Unidades de Apoio<\/h2>\n<p>O Setor de Produ\u00e7\u00e3o Animal a UENF conta ainda com duas \u00e1reas destinadas a manuten\u00e7\u00e3o de esp\u00e9cies zoot\u00e9cnicas de interesse comercial, uma delas (UAP\/Animal) localizada no pr\u00f3prio campus Leonel Brizola \u2013 onde \u00e9 mantido um pequeno rebanho de equinos, bovinos e ovinos, e outra (UAPZ) localizada no Col\u00e9gio Agr\u00edcola Ant\u00f4nio Sarlo, onde existem cria\u00e7\u00f5es de bovinos de corte, de leite, avicultura, suinocultura e piscicultura.<\/p>\n<h3>-Unidade de Apoio \u00e0 Pesquisa Animal \u2013 UAP\/Animal<\/h3>\n<p>\u00c1rea de cerca de cinco hectares , que contempla um pequeno rebanho de ovinos, de bovinos e de equinos. Os animais s\u00e3o utilizados em aulas pr\u00e1ticas de v\u00e1rias disciplinas do curso de gradua\u00e7\u00e3o em veterin\u00e1ria, al\u00e9m de servirem para desenvolvimento de pesquisas, cursos e treinamento de estudantes. A unidade possui um aprisco, curral de manejo para bovinos e equinos, brete de conten\u00e7\u00e3o, e manequim para coleta de s\u00eamen equino, uma sala para laparoscopia em ovinos, uma casa de apoio para funcion\u00e1rios da UAP e uma sala de aula para 35 estudantes. Nesta mesma \u00e1rea se encontra o Setor de Tecnologia de Embri\u00f5es, o qual possui quatro gabinetes para professores, t\u00e9cnicos e bolsistas do setor, al\u00e9m de cinco salas utilizadas nas rotinas de produ\u00e7\u00e3o in vitro de embri\u00f5es bovinos.<\/p>\n<h3>-Unidade de Apoio a Zootecnia &#8211; UAPZ<\/h3>\n<p>O Laborat\u00f3rio de Zootecnia e Nutri\u00e7\u00e3o animal conta com v\u00e1rias unidades de ensino das culturas zoot\u00e9cnicas e apoio \u00e0s pesquisas cient\u00edficas em \u00e1rea espec\u00edfica localizada adjacente \u00e0s instala\u00e7\u00f5es do Col\u00e9gio Agr\u00edcola Estadual Ant\u00f4nio Sarlo. Nestas unidades os estudantes t\u00eam a oportunidade de treinamento nas pr\u00e1ticas zoot\u00e9cnicas (manejo, nutri\u00e7\u00e3o, ambiente, instala\u00e7\u00f5es, equipamentos, etc.) diretamente na cria\u00e7\u00e3o de animais, que alojados em instala\u00e7\u00f5es que simulam as cria\u00e7\u00f5es de campo observadas nas condi\u00e7\u00f5es brasileiras. As unidades de ensino em Medicina Veterin\u00e1ria na Unidade de Apoio \u00e0 Pesquisa em Zootecnia atualmente dispon\u00edveis s\u00e3o: forragicultura, avicultura de corte e postura, suinocultuta, bovinocultura de corte e leiteira, piscicultura, caprinocultura, cinofilia, coturnicultura, e fabrica\u00e7\u00e3o de ra\u00e7\u00f5es.<\/p>\n<h3>. Recursos Audiovisuais para uso pedag\u00f3gico:<\/h3>\n<p>aparelhos de proje\u00e7\u00e3o de slides, retroprojetor, datashow, televisor, aparelho de DVD, telas de proje\u00e7\u00e3o e aparelhagem de som e microfone para a realiza\u00e7\u00e3o de eventos interno.<\/p>\n","protected":false},"excerpt":{"rendered":"<p>Espa\u00e7os acad\u00eamicos e unidades de ensino Secretaria Acad\u00eamica do curso \u2013 T\u00e9rreo do CCTA Salas de Aulas ; As salas&#8230;<\/p>\n","protected":false},"author":24,"featured_media":0,"parent":0,"menu_order":0,"comment_status":"closed","ping_status":"closed","template":"","meta":{"footnotes":""},"class_list":["post-25","page","type-page","status-publish","hentry"],"_links":{"self":[{"href":"https:\/\/uenf.br\/graduacao\/medicina-veterinaria\/wp-json\/wp\/v2\/pages\/25","targetHints":{"allow":["GET"]}}],"collection":[{"href":"https:\/\/uenf.br\/graduacao\/medicina-veterinaria\/wp-json\/wp\/v2\/pages"}],"about":[{"href":"https:\/\/uenf.br\/graduacao\/medicina-veterinaria\/wp-json\/wp\/v2\/types\/page"}],"author":[{"embeddable":true,"href":"https:\/\/uenf.br\/graduacao\/medicina-veterinaria\/wp-json\/wp\/v2\/users\/24"}],"replies":[{"embeddable":true,"href":"https:\/\/uenf.br\/graduacao\/medicina-veterinaria\/wp-json\/wp\/v2\/comments?post=25"}],"version-history":[{"count":0,"href":"https:\/\/uenf.br\/graduacao\/medicina-veterinaria\/wp-json\/wp\/v2\/pages\/25\/revisions"}],"wp:attachment":[{"href":"https:\/\/uenf.br\/graduacao\/medicina-veterinaria\/wp-json\/wp\/v2\/media?parent=25"}],"curies":[{"name":"wp","href":"https:\/\/api.w.org\/{rel}","templated":true}]}}