{"id":31,"date":"2021-03-29T21:18:15","date_gmt":"2021-03-30T00:18:15","guid":{"rendered":"https:\/\/uenf.br\/graduacao\/medicina-veterinaria\/?page_id=31"},"modified":"2025-08-26T09:24:58","modified_gmt":"2025-08-26T12:24:58","slug":"laboratorios","status":"publish","type":"page","link":"https:\/\/uenf.br\/graduacao\/medicina-veterinaria\/laboratorios\/","title":{"rendered":"Laborat\u00f3rios"},"content":{"rendered":"<ul>\n<li><strong><a href=\"https:\/\/uenf.br\/ccta\/lrmga\/\" target=\"_blank\" rel=\"noopener\">LRMGA<\/a>: Laborat\u00f3rio de Reprodu\u00e7\u00e3o e Melhoramento Gen\u00e9tico Animal \u2013\u00a0<\/strong>Chefe: Prof Reginaldo Silva Fontes<\/li>\n<li><strong><a href=\"https:\/\/uenf.br\/ccta\/lsa\/\" target=\"_blank\" rel=\"noopener\">LSA<\/a>: Laborat\u00f3rio de Sanidade Animal<\/strong> \u2013 Chefe: Profa. Carlos Eurico Travasso<\/li>\n<li><strong><a href=\"https:\/\/uenf.br\/ccta\/lmpa\/\" target=\"_blank\" rel=\"noopener\">LMPA<\/a>\u00a0: Laborat\u00f3rio de Morfologia e Patologia Animal<\/strong>\u00a0\u2013 Chefe: Prof. Francimar Fernandes Gomes<\/li>\n<li><strong><a href=\"https:\/\/uenf.br\/ccta\/lcca\/\" target=\"_blank\" rel=\"noopener\">LCCA<\/a>: Laborat\u00f3rio de Cl\u00ednica e Cirurgia Animal<\/strong> \u2013 Chefe: Profa. Fernanda Antunes<\/li>\n<\/ul>\n<hr \/>\n<p>&nbsp;<\/p>\n","protected":false},"excerpt":{"rendered":"<p>LRMGA: Laborat\u00f3rio de Reprodu\u00e7\u00e3o e Melhoramento Gen\u00e9tico Animal \u2013\u00a0Chefe: Prof Reginaldo Silva Fontes LSA: Laborat\u00f3rio de Sanidade Animal \u2013 Chefe:&#8230;<\/p>\n","protected":false},"author":24,"featured_media":0,"parent":0,"menu_order":0,"comment_status":"closed","ping_status":"closed","template":"","meta":{"footnotes":""},"class_list":["post-31","page","type-page","status-publish","hentry"],"_links":{"self":[{"href":"https:\/\/uenf.br\/graduacao\/medicina-veterinaria\/wp-json\/wp\/v2\/pages\/31","targetHints":{"allow":["GET"]}}],"collection":[{"href":"https:\/\/uenf.br\/graduacao\/medicina-veterinaria\/wp-json\/wp\/v2\/pages"}],"about":[{"href":"https:\/\/uenf.br\/graduacao\/medicina-veterinaria\/wp-json\/wp\/v2\/types\/page"}],"author":[{"embeddable":true,"href":"https:\/\/uenf.br\/graduacao\/medicina-veterinaria\/wp-json\/wp\/v2\/users\/24"}],"replies":[{"embeddable":true,"href":"https:\/\/uenf.br\/graduacao\/medicina-veterinaria\/wp-json\/wp\/v2\/comments?post=31"}],"version-history":[{"count":0,"href":"https:\/\/uenf.br\/graduacao\/medicina-veterinaria\/wp-json\/wp\/v2\/pages\/31\/revisions"}],"wp:attachment":[{"href":"https:\/\/uenf.br\/graduacao\/medicina-veterinaria\/wp-json\/wp\/v2\/media?parent=31"}],"curies":[{"name":"wp","href":"https:\/\/api.w.org\/{rel}","templated":true}]}}