{"id":33,"date":"2021-03-29T21:19:01","date_gmt":"2021-03-30T00:19:01","guid":{"rendered":"https:\/\/uenf.br\/graduacao\/medicina-veterinaria\/?page_id=33"},"modified":"2021-05-06T11:47:18","modified_gmt":"2021-05-06T14:47:18","slug":"editais","status":"publish","type":"page","link":"https:\/\/uenf.br\/graduacao\/medicina-veterinaria\/editais\/","title":{"rendered":"Editais"},"content":{"rendered":"<ul>\n<li>Edital de Inicia\u00e7\u00e3o Cient\u00edfica\u2013IC<\/li>\n<li>Edital de Monitoria<\/li>\n<li>Edital de Extens\u00e3o &#8211; PBEX<\/li>\n<\/ul>\n<p>Para saber sobre os editais vigentes em nossa institui\u00e7\u00e3o favor acessar a pagina oficial da UENF:<br \/>\n<a href=\"https:\/\/uenf.br\/portal\/\">https:\/\/uenf.br\/portal\/<\/a><\/p>\n<hr \/>\n<p>&nbsp;<\/p>\n","protected":false},"excerpt":{"rendered":"<p>Edital de Inicia\u00e7\u00e3o Cient\u00edfica\u2013IC Edital de Monitoria Edital de Extens\u00e3o &#8211; PBEX Para saber sobre os editais vigentes em nossa&#8230;<\/p>\n","protected":false},"author":24,"featured_media":0,"parent":0,"menu_order":0,"comment_status":"closed","ping_status":"closed","template":"","meta":{"footnotes":""},"class_list":["post-33","page","type-page","status-publish","hentry"],"_links":{"self":[{"href":"https:\/\/uenf.br\/graduacao\/medicina-veterinaria\/wp-json\/wp\/v2\/pages\/33","targetHints":{"allow":["GET"]}}],"collection":[{"href":"https:\/\/uenf.br\/graduacao\/medicina-veterinaria\/wp-json\/wp\/v2\/pages"}],"about":[{"href":"https:\/\/uenf.br\/graduacao\/medicina-veterinaria\/wp-json\/wp\/v2\/types\/page"}],"author":[{"embeddable":true,"href":"https:\/\/uenf.br\/graduacao\/medicina-veterinaria\/wp-json\/wp\/v2\/users\/24"}],"replies":[{"embeddable":true,"href":"https:\/\/uenf.br\/graduacao\/medicina-veterinaria\/wp-json\/wp\/v2\/comments?post=33"}],"version-history":[{"count":0,"href":"https:\/\/uenf.br\/graduacao\/medicina-veterinaria\/wp-json\/wp\/v2\/pages\/33\/revisions"}],"wp:attachment":[{"href":"https:\/\/uenf.br\/graduacao\/medicina-veterinaria\/wp-json\/wp\/v2\/media?parent=33"}],"curies":[{"name":"wp","href":"https:\/\/api.w.org\/{rel}","templated":true}]}}