{"id":40,"date":"2021-03-29T21:29:10","date_gmt":"2021-03-30T00:29:10","guid":{"rendered":"https:\/\/uenf.br\/graduacao\/medicina-veterinaria\/?page_id=40"},"modified":"2021-03-29T21:29:10","modified_gmt":"2021-03-30T00:29:10","slug":"eventos","status":"publish","type":"page","link":"https:\/\/uenf.br\/graduacao\/medicina-veterinaria\/eventos\/","title":{"rendered":"Eventos"},"content":{"rendered":"<h3>Sacamev<\/h3>\n<p>A Semana Acad\u00eamica de Medicina Veterin\u00e1ria da UENF \u00e9 um evento de cunho acad\u00eamico-cient\u00edfico que tem o intuito de promover a troca de saberes na \u00e1rea de Medicina Veterin\u00e1ria. O referido evento \u00e9 realizado pelos discentes dos \u00faltimos per\u00edodos de Medicina veterin\u00e1ria e acontece sempre no segundo semestre do ano letivo, com data definida pela PROGRAD.<\/p>\n","protected":false},"excerpt":{"rendered":"<p>Sacamev A Semana Acad\u00eamica de Medicina Veterin\u00e1ria da UENF \u00e9 um evento de cunho acad\u00eamico-cient\u00edfico que tem o intuito de&#8230;<\/p>\n","protected":false},"author":24,"featured_media":0,"parent":0,"menu_order":0,"comment_status":"closed","ping_status":"closed","template":"","meta":{"footnotes":""},"class_list":["post-40","page","type-page","status-publish","hentry"],"_links":{"self":[{"href":"https:\/\/uenf.br\/graduacao\/medicina-veterinaria\/wp-json\/wp\/v2\/pages\/40","targetHints":{"allow":["GET"]}}],"collection":[{"href":"https:\/\/uenf.br\/graduacao\/medicina-veterinaria\/wp-json\/wp\/v2\/pages"}],"about":[{"href":"https:\/\/uenf.br\/graduacao\/medicina-veterinaria\/wp-json\/wp\/v2\/types\/page"}],"author":[{"embeddable":true,"href":"https:\/\/uenf.br\/graduacao\/medicina-veterinaria\/wp-json\/wp\/v2\/users\/24"}],"replies":[{"embeddable":true,"href":"https:\/\/uenf.br\/graduacao\/medicina-veterinaria\/wp-json\/wp\/v2\/comments?post=40"}],"version-history":[{"count":0,"href":"https:\/\/uenf.br\/graduacao\/medicina-veterinaria\/wp-json\/wp\/v2\/pages\/40\/revisions"}],"wp:attachment":[{"href":"https:\/\/uenf.br\/graduacao\/medicina-veterinaria\/wp-json\/wp\/v2\/media?parent=40"}],"curies":[{"name":"wp","href":"https:\/\/api.w.org\/{rel}","templated":true}]}}