{"id":42,"date":"2021-03-29T21:31:11","date_gmt":"2021-03-30T00:31:11","guid":{"rendered":"https:\/\/uenf.br\/graduacao\/medicina-veterinaria\/?page_id=42"},"modified":"2026-03-26T09:09:41","modified_gmt":"2026-03-26T12:09:41","slug":"contato","status":"publish","type":"page","link":"https:\/\/uenf.br\/graduacao\/medicina-veterinaria\/contato\/","title":{"rendered":"Contato"},"content":{"rendered":"<p>Secretaria Acad\u00eamica \u2013 Curso de Medicina Veterin\u00e1ria, T\u00e9rreo do Centro de Ci\u00eancias e Tecnologias Agropecu\u00e1rias \u2013CCTA\/UENF<\/p>\n<p>Av Alberto Lamego, 2000, Parque Calif\u00f3rnia, Campos dos Goytacazes-RJ,Brasil, Cep: 28013602<\/p>\n<ul>\n<li><span style=\"text-align: center;\">ALCILENE ANDRADE DOS SANTOS LOPES -SECRETARIA<\/span><br style=\"text-align: center;\" \/><span style=\"text-align: center;\">ANA PAULA RIBEIRO COSTA &#8211; SECRETARIA<\/span><br style=\"text-align: center;\" \/><span style=\"text-align: center;\">ELENITA SILVA LACERDA CRUZ &#8211; <\/span><span style=\"text-align: center;\">SECRETARIA<\/span><\/li>\n<li>Email: <a href=\"mailto:medvet@uenf.br\">medvet@uenf.br<\/a><\/li>\n<li>Tel: (22) 2739-7291<\/li>\n<\/ul>\n<div id=\"attachment_216\" style=\"width: 84px\" class=\"wp-caption alignnone\"><img loading=\"lazy\" decoding=\"async\" aria-describedby=\"caption-attachment-216\" class=\"wp-image-216\" src=\"https:\/\/uenf.br\/graduacao\/medicina-veterinaria\/wp-content\/uploads\/sites\/15\/2025\/08\/2227-300x300.jpg\" alt=\"@coogmvet\" width=\"74\" height=\"74\" srcset=\"https:\/\/uenf.br\/graduacao\/medicina-veterinaria\/wp-content\/uploads\/sites\/15\/2025\/08\/2227-300x300.jpg 300w, https:\/\/uenf.br\/graduacao\/medicina-veterinaria\/wp-content\/uploads\/sites\/15\/2025\/08\/2227-1024x1024.jpg 1024w, https:\/\/uenf.br\/graduacao\/medicina-veterinaria\/wp-content\/uploads\/sites\/15\/2025\/08\/2227-150x150.jpg 150w, https:\/\/uenf.br\/graduacao\/medicina-veterinaria\/wp-content\/uploads\/sites\/15\/2025\/08\/2227-768x768.jpg 768w, https:\/\/uenf.br\/graduacao\/medicina-veterinaria\/wp-content\/uploads\/sites\/15\/2025\/08\/2227-600x600.jpg 600w, https:\/\/uenf.br\/graduacao\/medicina-veterinaria\/wp-content\/uploads\/sites\/15\/2025\/08\/2227.jpg 1200w\" sizes=\"auto, (max-width: 74px) 100vw, 74px\" \/><p id=\"caption-attachment-216\" class=\"wp-caption-text\"><a href=\"https:\/\/www.instagram.com\/coogmvet?igsh=N2d1dTc3eTkzdWIy\" target=\"_blank\" rel=\"noopener\">@coogmvet<\/a><\/p><\/div>\n\n<div class=\"wpcf7 no-js\" id=\"wpcf7-f237-o1\" lang=\"pt-BR\" dir=\"ltr\" data-wpcf7-id=\"237\">\n<div class=\"screen-reader-response\"><p role=\"status\" aria-live=\"polite\" aria-atomic=\"true\"><\/p> <ul><\/ul><\/div>\n<form action=\"\/graduacao\/medicina-veterinaria\/wp-json\/wp\/v2\/pages\/42#wpcf7-f237-o1\" method=\"post\" class=\"wpcf7-form init\" aria-label=\"Formul\u00e1rios de contato\" novalidate=\"novalidate\" data-status=\"init\">\n<fieldset class=\"hidden-fields-container\"><input type=\"hidden\" name=\"_wpcf7\" value=\"237\" \/><input type=\"hidden\" name=\"_wpcf7_version\" value=\"6.1.5\" \/><input type=\"hidden\" name=\"_wpcf7_locale\" value=\"pt_BR\" \/><input type=\"hidden\" name=\"_wpcf7_unit_tag\" value=\"wpcf7-f237-o1\" \/><input type=\"hidden\" name=\"_wpcf7_container_post\" value=\"0\" \/><input type=\"hidden\" name=\"_wpcf7_posted_data_hash\" value=\"\" \/>\n<\/fieldset>\n<p>Seu nome (obrigat\u00f3rio)\n<\/p>\n<p><span class=\"wpcf7-form-control-wrap\" data-name=\"your-name\"><input size=\"40\" maxlength=\"400\" class=\"wpcf7-form-control wpcf7-text wpcf7-validates-as-required\" aria-required=\"true\" aria-invalid=\"false\" value=\"\" type=\"text\" name=\"your-name\" \/><\/span>\n<\/p>\n<p>Seu e-mail (obrigat\u00f3rio)\n<\/p>\n<p><span class=\"wpcf7-form-control-wrap\" data-name=\"your-email\"><input size=\"40\" maxlength=\"400\" class=\"wpcf7-form-control wpcf7-email wpcf7-validates-as-required wpcf7-text wpcf7-validates-as-email\" aria-required=\"true\" aria-invalid=\"false\" value=\"\" type=\"email\" name=\"your-email\" \/><\/span>\n<\/p>\n<p>Assunto\n<\/p>\n<p><span class=\"wpcf7-form-control-wrap\" data-name=\"your-subject\"><input size=\"40\" maxlength=\"400\" class=\"wpcf7-form-control wpcf7-text\" aria-invalid=\"false\" value=\"\" type=\"text\" name=\"your-subject\" \/><\/span>\n<\/p>\n<p>Sua mensagem\n<\/p>\n<p><span class=\"wpcf7-form-control-wrap\" data-name=\"your-message\"><textarea cols=\"40\" rows=\"10\" maxlength=\"2000\" class=\"wpcf7-form-control wpcf7-textarea\" aria-invalid=\"false\" name=\"your-message\"><\/textarea><\/span>\n<\/p>\n<p><input class=\"wpcf7-form-control wpcf7-submit has-spinner\" type=\"submit\" value=\"Enviar\" \/>\n<\/p><div class=\"wpcf7-response-output\" aria-hidden=\"true\"><\/div>\n<\/form>\n<\/div>\n\n","protected":false},"excerpt":{"rendered":"<p>Secretaria Acad\u00eamica \u2013 Curso de Medicina Veterin\u00e1ria, T\u00e9rreo do Centro de Ci\u00eancias e Tecnologias Agropecu\u00e1rias \u2013CCTA\/UENF Av Alberto Lamego, 2000,&#8230;<\/p>\n","protected":false},"author":24,"featured_media":0,"parent":0,"menu_order":9999,"comment_status":"closed","ping_status":"closed","template":"","meta":{"footnotes":""},"class_list":["post-42","page","type-page","status-publish","hentry"],"_links":{"self":[{"href":"https:\/\/uenf.br\/graduacao\/medicina-veterinaria\/wp-json\/wp\/v2\/pages\/42","targetHints":{"allow":["GET"]}}],"collection":[{"href":"https:\/\/uenf.br\/graduacao\/medicina-veterinaria\/wp-json\/wp\/v2\/pages"}],"about":[{"href":"https:\/\/uenf.br\/graduacao\/medicina-veterinaria\/wp-json\/wp\/v2\/types\/page"}],"author":[{"embeddable":true,"href":"https:\/\/uenf.br\/graduacao\/medicina-veterinaria\/wp-json\/wp\/v2\/users\/24"}],"replies":[{"embeddable":true,"href":"https:\/\/uenf.br\/graduacao\/medicina-veterinaria\/wp-json\/wp\/v2\/comments?post=42"}],"version-history":[{"count":0,"href":"https:\/\/uenf.br\/graduacao\/medicina-veterinaria\/wp-json\/wp\/v2\/pages\/42\/revisions"}],"wp:attachment":[{"href":"https:\/\/uenf.br\/graduacao\/medicina-veterinaria\/wp-json\/wp\/v2\/media?parent=42"}],"curies":[{"name":"wp","href":"https:\/\/api.w.org\/{rel}","templated":true}]}}