{"id":48,"date":"2021-04-05T13:15:36","date_gmt":"2021-04-05T16:15:36","guid":{"rendered":"https:\/\/uenf.br\/graduacao\/medicina-veterinaria\/?page_id=48"},"modified":"2021-04-05T14:29:06","modified_gmt":"2021-04-05T17:29:06","slug":"nossa-historia","status":"publish","type":"page","link":"https:\/\/uenf.br\/graduacao\/medicina-veterinaria\/nossa-historia\/","title":{"rendered":"Nossa Hist\u00f3ria"},"content":{"rendered":"<p align=\"justify\">A cria\u00e7\u00e3o da Universidade Estadual do Norte Fluminense Darcy Ribeiro (UENF) foi promulgada em outubro de 1989, conforme consta no artigo 49 e respectivos par\u00e1grafos da Constitui\u00e7\u00e3o do Estado do Rio de Janeiro. Os estudantes das primeiras turmas da UENF cursavam um ciclo b\u00e1sico, com dura\u00e7\u00e3o de dois anos, com enfoque nas Ci\u00eancias Humanas e, nivelamento nas Ci\u00eancias Biol\u00f3gicas e Exatas. A partir deste ciclo b\u00e1sico, os universit\u00e1rios escolhiam um dos Cursos de Gradua\u00e7\u00e3o oferecidos pela Institui\u00e7\u00e3o: Medicina Veterin\u00e1ria, Agronomia, Biologia e Engenharia. O Curso de\u00a0<b>Medicina Veterin\u00e1ria<\/b>, na sua cria\u00e7\u00e3o, era denominado\u00a0<b>Engenharia de Produ\u00e7\u00e3o Animal<\/b>\u00a0e visava \u00e0 forma\u00e7\u00e3o de profissionais para o futuro, segundo a ideologia do grande educador Darcy Ribeiro. A primeira turma do Curso de Medicina Veterin\u00e1ria da UENF iniciou o ciclo b\u00e1sico no primeiro semestre de 1994 e em 22 de dezembro de 1998 este Curso foi reconhecido pelo CEE RJ, conforme publica\u00e7\u00e3o no Di\u00e1rio Oficial do Estado, de 31 de dezembro de 1998. A partir do estabelecimento das Diretrizes Curriculares, o Curso de Gradua\u00e7\u00e3o em Medicina Veterin\u00e1ria da UENF vem sofrendo adapta\u00e7\u00f5es para que se possa atender \u00e0s necessidades contempor\u00e2neas do mercado de trabalho nacional. No contexto hist\u00f3rico da UENF o Curso de Medicina Veterin\u00e1ria diplomou a sua primeira turma, composta por 25 alunos, no segundo semestre de 1998. Desde sua cria\u00e7\u00e3o at\u00e9 2020 a UENF formou\u00a0<strong>582<\/strong>\u00a0M\u00e9dicos Veterin\u00e1rios para as mais diversas atividades profissionais.<\/p>\n","protected":false},"excerpt":{"rendered":"<p>A cria\u00e7\u00e3o da Universidade Estadual do Norte Fluminense Darcy Ribeiro (UENF) foi promulgada em outubro de 1989, conforme consta no&#8230;<\/p>\n","protected":false},"author":24,"featured_media":0,"parent":0,"menu_order":0,"comment_status":"closed","ping_status":"closed","template":"","meta":{"footnotes":""},"class_list":["post-48","page","type-page","status-publish","hentry"],"_links":{"self":[{"href":"https:\/\/uenf.br\/graduacao\/medicina-veterinaria\/wp-json\/wp\/v2\/pages\/48","targetHints":{"allow":["GET"]}}],"collection":[{"href":"https:\/\/uenf.br\/graduacao\/medicina-veterinaria\/wp-json\/wp\/v2\/pages"}],"about":[{"href":"https:\/\/uenf.br\/graduacao\/medicina-veterinaria\/wp-json\/wp\/v2\/types\/page"}],"author":[{"embeddable":true,"href":"https:\/\/uenf.br\/graduacao\/medicina-veterinaria\/wp-json\/wp\/v2\/users\/24"}],"replies":[{"embeddable":true,"href":"https:\/\/uenf.br\/graduacao\/medicina-veterinaria\/wp-json\/wp\/v2\/comments?post=48"}],"version-history":[{"count":0,"href":"https:\/\/uenf.br\/graduacao\/medicina-veterinaria\/wp-json\/wp\/v2\/pages\/48\/revisions"}],"wp:attachment":[{"href":"https:\/\/uenf.br\/graduacao\/medicina-veterinaria\/wp-json\/wp\/v2\/media?parent=48"}],"curies":[{"name":"wp","href":"https:\/\/api.w.org\/{rel}","templated":true}]}}