{"id":57,"date":"2021-04-05T13:24:13","date_gmt":"2021-04-05T16:24:13","guid":{"rendered":"https:\/\/uenf.br\/graduacao\/medicina-veterinaria\/?page_id=57"},"modified":"2025-08-19T16:38:28","modified_gmt":"2025-08-19T19:38:28","slug":"corpo-docente","status":"publish","type":"page","link":"https:\/\/uenf.br\/graduacao\/medicina-veterinaria\/corpo-docente\/","title":{"rendered":"Corpo Docente"},"content":{"rendered":"<p>&nbsp;<\/p>\n<p><strong>RELA\u00c7\u00c3O DE DOCENTES E T\u00c9CNICOS VINCULADOS AO CURSO DE<\/strong><\/p>\n<p><strong>\u00a0MEDICINA VETERIN\u00c1RIA<\/strong><\/p>\n<p>&nbsp;<\/p>\n<ol>\n<li><a name=\"_TOC_250021\"><\/a> <strong>Docentes<\/strong> <strong>do<\/strong> <strong>Ciclo<\/strong> <strong>B\u00e1sico<\/strong><\/li>\n<\/ol>\n<table width=\"100%\">\n<tbody>\n<tr>\n<td width=\"50%\"><strong>DISCIPLINAS<\/strong><\/td>\n<td width=\"50%\"><strong>DOCENTES <\/strong><\/td>\n<\/tr>\n<tr>\n<td width=\"50%\">BCT02301 &#8211; Biologia Celular Geral<\/td>\n<td width=\"50%\">Renato Augusto Damatta, D.Sc.<\/p>\n<p>Claudete Santa Catarina, D.Sc.<\/p>\n<p>Tadeu dos Reis de Oliveira, D.Sc.<\/p>\n<p>&nbsp;<\/td>\n<\/tr>\n<tr>\n<td width=\"50%\">FIS01110 &#8211; Biof\u00edsica<\/td>\n<td width=\"50%\">Lu\u00eds Guilherme Mansor Basso, D.Sc.<\/p>\n<p>&nbsp;<\/td>\n<\/tr>\n<tr>\n<td width=\"50%\">LBT02101 &#8211; Gen\u00e9tica B\u00e1sica<\/td>\n<td width=\"50%\">Ana Beatriz Garcia, D.Sc.<\/p>\n<p>&nbsp;<\/p>\n<p>&nbsp;<\/td>\n<\/tr>\n<tr>\n<td width=\"50%\">LCL04201 &#8211; Fundamentos do Conhecimento<\/td>\n<td width=\"50%\">Carlos Eduardo Batista de Sousa, D.Sc.<\/p>\n<p>&nbsp;<\/td>\n<\/tr>\n<tr>\n<td width=\"50%\">MAT01140 &#8211; Pr\u00e9-C\u00e1lculo<\/td>\n<td width=\"50%\">Oscar Alfredo Paz La Torre, D.Sc.<\/p>\n<p>&nbsp;<\/td>\n<\/tr>\n<tr>\n<td width=\"50%\">QFP02102 &#8211; Bioqu\u00edmica II<\/td>\n<td width=\"50%\">Jorge Hernandez Fernandez, D.Sc.<\/p>\n<p>Olga Lima Tavares Machado, D.Sc.<\/p>\n<p>&nbsp;<\/td>\n<\/tr>\n<tr>\n<td width=\"50%\">QUI01102 &#8211; Qu\u00edmica Geral I<\/td>\n<td width=\"50%\">Carlos Roberto Ribeiro Matos, D.Sc.<\/p>\n<p>Alexandre Moura Stumbo, D.Sc.<\/td>\n<\/tr>\n<tr>\n<td width=\"50%\">QUI01206 &#8211; Qu\u00edmica Org\u00e2nica<\/td>\n<td width=\"50%\">Leda Mathias, D.Sc.<\/p>\n<p>Ivo Jose Curcino Vieira, D.Sc.<\/p>\n<p>&nbsp;<\/td>\n<\/tr>\n<tr>\n<td width=\"50%\">QFP02203 &#8211; Bioqu\u00edmica I<\/td>\n<td width=\"50%\">Olga Lima Tavares Machado, D.Sc.<\/p>\n<p>&nbsp;<\/td>\n<\/tr>\n<\/tbody>\n<\/table>\n<p><strong>\u00a0<\/strong><\/p>\n<p><a name=\"_TOC_250020\"><\/a><strong>b)Docentes <\/strong><strong>\u00a0<\/strong><strong>do<\/strong><strong>\u00a0 <\/strong><strong>Ciclo <\/strong><strong>\u00a0<\/strong><strong>Profissionalizante <\/strong><\/p>\n<table width=\"1012\">\n<tbody>\n<tr>\n<td width=\"439\"><strong>Docente (Centro\/Laborat\u00f3rio)<\/strong><\/td>\n<td width=\"269\"><strong>\u00a0<\/strong><\/p>\n<p><strong>\u00c1rea de concentra\u00e7\u00e3o<\/strong><\/td>\n<td width=\"304\"><strong>Forma\u00e7\u00e3o b\u00e1sica\/ P\u00f3s-gradua\u00e7\u00e3o<\/strong><\/td>\n<\/tr>\n<tr>\n<td width=\"439\">Adriana Jardim de Almeida (CCTA\/LCCA)<\/td>\n<td width=\"269\">Sa\u00fade\u00a0\u00a0\u00a0\u00a0 do Ecossistema\/ Terap\u00eautica<\/td>\n<td width=\"304\">M\u00e9dica Veterin\u00e1ria<\/p>\n<p>DSc. &#8211; Produ\u00e7\u00e3o Animal<\/td>\n<\/tr>\n<tr>\n<td width=\"439\">Alberto Magno Fernandes<\/p>\n<p>(CCTA\/LZO)<\/td>\n<td width=\"269\">Bovinocultura de Leite<\/td>\n<td width=\"304\">Zootecnista<\/p>\n<p>DSc. Zootecnia<\/td>\n<\/tr>\n<tr>\n<td width=\"439\">Ana B\u00e1rbara Freitas Rodrigues Godinho<\/p>\n<p>(CCTA\/LMPA)<\/td>\n<td width=\"269\">&nbsp;<\/p>\n<p>Anatomia Animal<\/td>\n<td width=\"304\">M\u00e9dica Veterin\u00e1ria<\/p>\n<p>DSc. &#8211; Produ\u00e7\u00e3o Animal<\/td>\n<\/tr>\n<tr>\n<td width=\"439\">Andr\u00e9\u00a0\u00a0\u00a0\u00a0\u00a0 Lacerda\u00a0\u00a0\u00a0\u00a0\u00a0\u00a0\u00a0\u00a0 Abreu\u00a0\u00a0\u00a0\u00a0\u00a0\u00a0\u00a0\u00a0\u00a0\u00a0 de Oliveira<\/p>\n<p>(CCTA\/LCCA)<\/td>\n<td width=\"269\">T\u00e9cnicas Cir\u00fargicas\/ Cirurgia<\/td>\n<td width=\"304\">M\u00e9dico Veterin\u00e1rio<\/p>\n<p>DSc. Medicina \u2013 Cirurgia Geral<\/td>\n<\/tr>\n<tr>\n<td width=\"439\">Angelo Jos\u00e9 Burla Dias (CCTA\/LRMGA)<\/td>\n<td width=\"269\">Embriologia\/\u00a0 \u00a0 Reprodu\u00e7\u00e3o Animal<\/td>\n<td width=\"304\">M\u00e9dico Veterin\u00e1rio<\/p>\n<p>DSc. Bioci\u00eancias<\/p>\n<p>e\u00a0 Biotecnologia<\/td>\n<\/tr>\n<tr>\n<td width=\"439\">Antonio Gesualdi J\u00fanior<\/p>\n<p>(CCTA\/LZO)<\/td>\n<td width=\"269\">Bioclimatologia Animal e\u00a0 Ambi\u00eancia<\/td>\n<td width=\"304\">Zootecnista<\/p>\n<p>DSc. Zootecnia<\/td>\n<\/tr>\n<tr>\n<td width=\"439\">Ant\u00f4nio Peixoto Albernaz (CCTA\/LCCA)<\/td>\n<td width=\"269\">Patologia Cl\u00ednica\/Cl\u00ednica de\u00a0 Pequenos Animais<\/td>\n<td width=\"304\">M\u00e9dico Veterin\u00e1rio DSc. Produ\u00e7\u00e3o Animal<\/td>\n<\/tr>\n<tr>\n<td width=\"439\">Carlos Eurico Pires Ferreira Travassos<\/p>\n<p>(CCTA\/LSA)<\/td>\n<td width=\"269\">&nbsp;<\/p>\n<p>Epidemiologia e Sa\u00fade P\u00fablica<\/td>\n<td width=\"304\">\u00a0\u00a0 M\u00e9dico Veterin\u00e1rio<\/p>\n<p>DSc. Ci\u00eancias<\/td>\n<\/tr>\n<tr>\n<td width=\"439\">C\u00e9lia Raquel Quirino (CCTA\/LRMGA)<\/td>\n<td width=\"269\">Melhoramento Gen\u00e9tico Animal<\/td>\n<td width=\"304\">\u00a0\u00a0 Engenheira Agr\u00f4noma\u00a0\u00a0\u00a0 DSc. Ci\u00eancia Animal<\/td>\n<\/tr>\n<tr>\n<td width=\"439\">Eul\u00f3gio Carlos Queir\u00f3z de Carvalho<\/p>\n<p>(CCTA\/LMPA)<\/td>\n<td width=\"269\">Patologia\/Anatomia Patol\u00f3gica<\/td>\n<td width=\"304\">M\u00e9dico Veterin\u00e1rio DSc. Patologia Animal<\/td>\n<\/tr>\n<tr>\n<td width=\"439\">F\u00e1bio da Costa Henry<\/p>\n<p>(CCTA\/LTA)<\/td>\n<td width=\"269\">Tecnologia de Produtos de Origem Animal<\/td>\n<td width=\"304\">M\u00e9dico Veterin\u00e1rio<\/p>\n<p>DSc. Medicina Veterin\u00e1ria<\/td>\n<\/tr>\n<tr>\n<td width=\"439\">Fernanda Antunes (CCTA\/LCCA)<\/td>\n<td width=\"269\">&nbsp;<\/p>\n<p>Anestesiologia<\/td>\n<td width=\"304\">M\u00e9dica Veterin\u00e1ria DSc. Cirurgia Geral<\/td>\n<\/tr>\n<tr>\n<td width=\"439\">Fl\u00e1vio Augusto Soares Gra\u00e7a (CCTA\/LCCA)<\/td>\n<td width=\"269\">Cl\u00ednica de Grandes Animais<\/td>\n<td width=\"304\">M\u00e9dico Veterin\u00e1rio<\/p>\n<p>DSc. Ci\u00eancias Veterin\u00e1rias<\/td>\n<\/tr>\n<tr>\n<td width=\"439\">Francimar Fernandes Gomes (CCTA\/LMPA)<\/td>\n<td width=\"269\">Inspe\u00e7\u00e3o de Produtos de Origem Animal<\/td>\n<td width=\"304\">M\u00e9dico Veterin\u00e1rio DSc. Produ\u00e7\u00e3o Animal<\/td>\n<\/tr>\n<tr>\n<td width=\"439\">Francisco Carlos Rodrigues de Oliveira<\/p>\n<p>(CCTA\/LSA)<\/td>\n<td width=\"269\">&nbsp;<\/p>\n<p>Parasitologia<\/td>\n<td width=\"304\">M\u00e9dico Vetern\u00e1rio<\/p>\n<p>DSc. Ci\u00eancias Veterin\u00e1rias<\/td>\n<\/tr>\n<tr>\n<td width=\"439\">Geraldo de Amaral Gravina<\/p>\n<p>(CCTA\/LEAG)<\/td>\n<td width=\"269\">Estat\u00edstica<\/td>\n<td width=\"304\">Engenheiro Agr\u00f4nomo<\/p>\n<p>DSc. Fitotecnia<\/td>\n<\/tr>\n<\/tbody>\n<\/table>\n<p>&nbsp;<\/p>\n<table width=\"1007\">\n<tbody>\n<tr>\n<td width=\"440\">Helena Kiyomi Hokamura (CCTA\/LMPA)<\/td>\n<td width=\"269\">&nbsp;<\/p>\n<p>Radiologia<\/td>\n<td width=\"298\">M\u00e9dica Veterin\u00e1ria<\/p>\n<p>DSc. Medicina Veterin\u00e1ria<\/td>\n<\/tr>\n<tr>\n<td width=\"440\">Hern\u00e1n Maldonado V\u00e1squez<\/p>\n<p>(CCTA\/LZA)<\/td>\n<td width=\"269\">Forragicultura<\/td>\n<td width=\"298\">Engenheiro Zootecnista<\/p>\n<p>DSc. Zootecnia<\/td>\n<\/tr>\n<tr>\n<td width=\"440\">Humberto Pena Couto<\/p>\n<p>(CCTA\/LZO)<\/td>\n<td width=\"269\">Nutri\u00e7\u00e3o de\u00a0 Animais<\/p>\n<p>Monog\u00e1stricos<\/td>\n<td width=\"298\">Zootecnista<\/p>\n<p>DSc. Zootecnia<\/td>\n<\/tr>\n<tr>\n<td width=\"440\">Isabel\u00a0 Candia Nunes da Cunha<\/p>\n<p>(CCTA\/LRMGA)<\/td>\n<td width=\"269\">Reprodu\u00e7\u00e3o\u00a0\u00a0 de Pequenos Animais<\/td>\n<td width=\"298\">M\u00e9dica Veterin\u00e1ria<\/p>\n<p>DSc. Medicina Veterin\u00e1ria<\/td>\n<\/tr>\n<tr>\n<td width=\"440\">Jos\u00e9 Frederico Straggiotti da Silva<\/p>\n<p>(CCTA\/LRMGA)<\/td>\n<td width=\"269\">Reprodu\u00e7\u00e3o Animal\/Eq\u00fcinos<\/td>\n<td width=\"298\">M\u00e9dico Veterin\u00e1rio<\/p>\n<p>DSc. Medicina Veterin\u00e1ria<\/td>\n<\/tr>\n<tr>\n<td width=\"440\">Leonardo Serafim da Silveira (CCTA\/LMPA)<\/td>\n<td width=\"269\">&nbsp;<\/p>\n<p>Histologia<\/td>\n<td width=\"298\">M\u00e9dico Veterin\u00e1rio<\/p>\n<p>DSc.\u00a0 Produ\u00e7\u00e3o Animal<\/td>\n<\/tr>\n<tr>\n<td width=\"440\">\u00a0\u00a0\u00a0\u00a0\u00a0\u00a0\u00a0\u00a0\u00a0\u00a0 Luis Fonseca Matos\u00a0\u00a0\u00a0\u00a0\u00a0\u00a0\u00a0 (CCTA\/LRMGA)<\/td>\n<td width=\"269\">&nbsp;<\/p>\n<p>Obstetr\u00edcia Veterin\u00e1ria<\/td>\n<td width=\"298\">M\u00e9dico Veterin\u00e1rio<\/p>\n<p>DSc. Produ\u00e7\u00e3o Animal<\/td>\n<\/tr>\n<tr>\n<td width=\"440\">Luiz Humberto C. Estrada<\/p>\n<p>(CCTA\/LZO)<\/td>\n<td width=\"269\">Ovinocultura<\/td>\n<td width=\"298\">Engenheiro Agr\u00f4nomo<\/p>\n<p>DSc. Zootecnia<\/td>\n<\/tr>\n<tr>\n<td width=\"440\">Manuel Vasquez Vidal Junior<\/p>\n<p>(CCTA\/LZO)<\/td>\n<td width=\"269\">Aquicultura<\/td>\n<td width=\"298\">Zootecnista<\/p>\n<p>DSc. Zootecnia<\/td>\n<\/tr>\n<tr>\n<td width=\"440\">M\u00e1rcio Manh\u00e3es Folly (CCTA\/LSA)<\/td>\n<td width=\"269\">&nbsp;<\/p>\n<p>Bacteriologia<\/td>\n<td width=\"298\">&nbsp;<\/p>\n<p>DSc. Medicina Veterin\u00e1ria<\/td>\n<\/tr>\n<tr>\n<td width=\"440\">Maria Ang\u00e9lica Vieira (CCTA\/LSA)<\/td>\n<td width=\"269\">&nbsp;<\/p>\n<p>Parasitologia<\/td>\n<td width=\"298\">M\u00e9dica Veterin\u00e1ria<\/p>\n<p>DSc. Ci\u00eancias Veterin\u00e1rias<\/td>\n<\/tr>\n<tr>\n<td width=\"440\">Maria Clara Soares Caldas (CCTA\/LRMGA)<\/td>\n<td width=\"269\">&nbsp;<\/p>\n<p>Fisiologia Animal<\/td>\n<td width=\"298\">M\u00e9dica Veterin\u00e1ria<\/p>\n<p>DSc. Fisiologia Geral<\/td>\n<\/tr>\n<tr>\n<td width=\"440\">Marinete Pinheiro Carrera (CCTA\/LMPA)<\/td>\n<td width=\"269\">&nbsp;<\/p>\n<p>Farmacologia<\/td>\n<td width=\"298\">Farmac\u00eautica<\/p>\n<p>DSc. Psicobiologia<\/td>\n<\/tr>\n<tr>\n<td width=\"440\">Niraldo Jos\u00e9 Ponciano<\/p>\n<p>(CCTA\/LEAG)<\/td>\n<td width=\"269\">Economia Rural<\/td>\n<td width=\"298\">Engenheiro Agr\u00f4nomo<\/p>\n<p>DSc. Economia Rural<\/td>\n<\/tr>\n<tr>\n<td width=\"440\">Olney Vieira da Motta (CCTA\/LSA)<\/td>\n<td width=\"269\">&nbsp;<\/p>\n<p>Micologia<\/td>\n<td width=\"298\">M\u00e9dico Veterin\u00e1rio<\/p>\n<p>DSc.Bioci\u00eancias e \u00a0\u00a0\u00a0Biotecnologia<\/td>\n<\/tr>\n<tr>\n<td width=\"440\">Paula Alessandra Di Filippo (CCTA\/LCCA)<\/td>\n<td width=\"269\">Cirurgia de Grandes Animais<\/td>\n<td width=\"298\">M\u00e9dica Veterin\u00e1ria<\/p>\n<p>DSc. Cirurgia Veterin\u00e1ria<\/td>\n<\/tr>\n<tr>\n<td width=\"440\">Paulo Marcelo de Souza CCTA\/LEAG)<\/td>\n<td width=\"269\">Economia Rural<\/td>\n<td width=\"298\">Engenheiro Agr\u00f4nomo<\/p>\n<p>DSc. Economia Rural<\/td>\n<\/tr>\n<tr>\n<td width=\"440\">\u00a0\u00a0\u00a0\u00a0\u00a0\u00a0\u00a0 Reginaldo da Silva Fontes\u00a0\u00a0 (CCTA\/LRMGA)<\/td>\n<td width=\"269\"><strong>\u00a0<\/strong><\/p>\n<p>Reprodu\u00e7\u00e3o Animal<\/td>\n<td width=\"298\">M\u00e9dico Veterin\u00e1rio<\/p>\n<p>DSc.Fisiologia da Reprodu\u00e7\u00e3o<\/td>\n<\/tr>\n<tr>\n<td width=\"440\">Ricardo Augusto M. Vieira<\/p>\n<p>(CCTA\/LZO)<\/td>\n<td width=\"269\">Caprinocultura<\/td>\n<td width=\"298\">Zootecnista<\/p>\n<p>DSc. Zootecnia<\/td>\n<\/tr>\n<tr>\n<td width=\"440\">Rita da T. R. Nobre Soares<\/p>\n<p>(CCTA\/LZO)<\/td>\n<td width=\"269\">Suinocultura<\/td>\n<td width=\"298\">Zootecnista<\/p>\n<p>DSc. Zootecnia<\/td>\n<\/tr>\n<tr>\n<td width=\"440\">Rog\u00e9rio Figueiredo Daher<\/p>\n<p>(CCTA\/LEAG)<\/td>\n<td width=\"269\">Estat\u00edstica<\/td>\n<td width=\"298\">Engenheiro Agr\u00f4nomo<\/p>\n<p>DSc. Produ\u00e7\u00e3o Vegetal<\/td>\n<\/tr>\n<tr>\n<td width=\"440\">\u00a0Rosemary Bastos\u00a0\u00a0\u00a0\u00a0\u00a0\u00a0\u00a0\u00a0\u00a0\u00a0 (CCTA\/LRMGA)<\/td>\n<td width=\"269\"><strong>\u00a0<\/strong><\/p>\n<p>Fisiologia Animal<\/td>\n<td width=\"298\">Farmac\u00eautica<\/p>\n<p>DSc. Fisiologia<\/td>\n<\/tr>\n<tr>\n<td width=\"440\">S\u00e9rgio Aguiarde\u00a0\u00a0 Barros Vianna<\/p>\n<p>(CCTA\/LZO)<\/td>\n<td width=\"269\"><strong>\u00a0<\/strong><\/p>\n<p>Equideocultura<\/td>\n<td width=\"298\">M\u00e9dico Veterin\u00e1rio<\/p>\n<p>DSc. Produ\u00e7\u00e3o Animal<\/td>\n<\/tr>\n<tr>\n<td width=\"440\">Silvia Regina Ferreira\u00a0\u00a0 Gon\u00e7alves Pereira<\/p>\n<p>(CCTA\/LSA)<\/td>\n<td width=\"269\">&nbsp;<\/p>\n<p>Virologia Veterin\u00e1ria<\/td>\n<td width=\"298\">M\u00e9dica Veterin\u00e1ria<\/p>\n<p>DSc &#8211; Microbiologia<\/td>\n<\/tr>\n<tr>\n<td width=\"440\">Wilder Hernando Ortiz Vega<\/p>\n<p>(CCTA\/LRMGA)<\/td>\n<td width=\"269\">Imunologia Veterin\u00e1ria<\/td>\n<td width=\"298\">M\u00e9dico Veterin\u00e1rio<\/p>\n<p>DSc \u2013 Ci\u00eancia Animal<\/td>\n<\/tr>\n<\/tbody>\n<\/table>\n<p><strong>\u00a0<\/strong><\/p>\n<p><strong>\u00a0<\/strong><\/p>\n<p><strong>\u00a0<\/strong><\/p>\n<p><a name=\"_TOC_250019\"><\/a><strong>Corpo<\/strong> <strong>T\u00e9cnico<\/strong> <strong>\u2013<\/strong> <strong>Ciclo<\/strong> <strong>Profissionalizante\u00a0 <\/strong><\/p>\n<p><strong>\u00a0<\/strong><\/p>\n<table width=\"992\">\n<tbody>\n<tr>\n<td width=\"539\"><strong>NOME<\/strong><\/td>\n<td width=\"454\"><strong>CARGO<\/strong><\/td>\n<\/tr>\n<tr>\n<td width=\"539\">Alberto dos Santos Barreto<\/td>\n<td width=\"454\">PNE \u2013 Administra\u00e7\u00e3o<\/td>\n<\/tr>\n<tr>\n<td width=\"539\">Alcilene Andrade dos Santos Lopes<\/td>\n<td width=\"454\">PNE &#8211; Limpeza<\/td>\n<\/tr>\n<tr>\n<td width=\"539\">Alcir Manhaes da Silva<\/td>\n<td width=\"454\">PNE \u2013 Campo<\/td>\n<\/tr>\n<tr>\n<td width=\"539\">Amilson Basilio<\/td>\n<td width=\"454\">PNE \u2013 Campo<\/td>\n<\/tr>\n<tr>\n<td width=\"539\">Ana Lucia Paes Barbosa Carvalho<\/td>\n<td width=\"454\">PNM \u2013 Qu\u00edmica<\/td>\n<\/tr>\n<tr>\n<td width=\"539\">Ana Paula Delgado da Costa<\/td>\n<td width=\"454\">PNS &#8211; Medicina Veterin\u00e1ria<\/td>\n<\/tr>\n<tr>\n<td width=\"539\">Ana Paula Ribeiro Costa Erthal<\/td>\n<td width=\"454\">PNS &#8211; Apoio Acad\u00eamico<\/td>\n<\/tr>\n<tr>\n<td width=\"539\">Andre Luiz Melo<\/td>\n<td width=\"454\">PNE \u2013 Campo<\/td>\n<\/tr>\n<tr>\n<td width=\"539\">Andr\u00e9 Veloso Ferreira<\/td>\n<td width=\"454\">PNS \u2013 Biologia<\/td>\n<\/tr>\n<tr>\n<td width=\"539\">Angela da Costa Soares<\/td>\n<td width=\"454\">PNF &#8211; Auxiliar T\u00e9cnico Administrativo<\/td>\n<\/tr>\n<tr>\n<td width=\"539\">Antonio Carlos Manhaes de Souza<\/td>\n<td width=\"454\">PNE \u2013 Campo<\/td>\n<\/tr>\n<tr>\n<td width=\"539\">Bruna Lomba Dias Viana Rodrigues<\/td>\n<td width=\"454\">PNM \u2013 Qu\u00edmica<\/td>\n<\/tr>\n<tr>\n<td width=\"539\">Carla Sobrinho Paes de Carvalho<\/td>\n<td width=\"454\">PNS &#8211; Medicina Veterin\u00e1ria<\/td>\n<\/tr>\n<tr>\n<td width=\"539\">Carlos Roberto Tavares de Souza<\/td>\n<td width=\"454\">PNE \u2013 Campo<\/td>\n<\/tr>\n<tr>\n<td width=\"539\">Christiano Teixeira Rocha<\/td>\n<td width=\"454\">PNE \u2013 Campo<\/td>\n<\/tr>\n<tr>\n<td width=\"539\">Claudia Maria Costa de Almeida<\/td>\n<td width=\"454\">PNS &#8211; Medicina Veterin\u00e1ria<\/td>\n<\/tr>\n<tr>\n<td width=\"539\">Claudio Teixeira Lombardi<\/td>\n<td width=\"454\">PNS \u2013 Zootecnia<\/td>\n<\/tr>\n<tr>\n<td width=\"539\">Concei\u00e7\u00e3o Custodio dos Santos<\/td>\n<td width=\"454\">PNE \u2013 Administra\u00e7\u00e3o<\/td>\n<\/tr>\n<tr>\n<td width=\"539\">Domingos Darque Francisco de Assis da Silva<\/td>\n<td width=\"454\">PNE \u2013 Campo<\/td>\n<\/tr>\n<tr>\n<td width=\"539\">Edmilson da Rosa Francelino<\/td>\n<td width=\"454\">PNE \u2013 Campo<\/td>\n<\/tr>\n<tr>\n<td width=\"539\">Edwards Fraz\u00e3o Teixeira<\/td>\n<td width=\"454\">PNS \u2013 Biologia<\/td>\n<\/tr>\n<tr>\n<td width=\"539\">Elenita Silva Lacerda Cruz<\/td>\n<td width=\"454\">PNF &#8211; Auxiliar T\u00e9cnico Administrativo<\/td>\n<\/tr>\n<tr>\n<td width=\"539\">Eliziel Borges Barbosa<\/td>\n<td width=\"454\">PNE \u2013 Campo<\/td>\n<\/tr>\n<tr>\n<td width=\"539\">Ely Sena Marques<\/td>\n<td width=\"454\">PNE \u2013 Campo<\/td>\n<\/tr>\n<tr>\n<td width=\"539\">Francisco de Assis Moraes Souza<\/td>\n<td width=\"454\">PNE \u2013 Campo<\/td>\n<\/tr>\n<tr>\n<td width=\"539\">Gina Nunes Teixeira<\/td>\n<td width=\"454\">PNS \u2013 Medicina Veterin\u00e1ria<\/td>\n<\/tr>\n<tr>\n<td width=\"539\">Gleice Kelen Gon\u00e7alves Ponte Silva<\/td>\n<td width=\"454\">PNM \u2013 Administrativa<\/td>\n<\/tr>\n<tr>\n<td width=\"539\">Ilmar Gomes Ferreira<\/td>\n<td width=\"454\">PNM \u2013 Administrativa<\/td>\n<\/tr>\n<tr>\n<td width=\"539\">Iranel Jose de Oliveira<\/td>\n<td width=\"454\">PNE \u2013 Campo<\/td>\n<\/tr>\n<tr>\n<td width=\"539\">Janete Viana Farias<\/td>\n<td width=\"454\">PNE \u2013 Limpeza<\/td>\n<\/tr>\n<tr>\n<td width=\"539\">Joao Carlos Tonheres Paes<\/td>\n<td width=\"454\">PNE \u2013 Campo<\/td>\n<\/tr>\n<tr>\n<td width=\"539\">Joao Gomes de Siqueira<\/td>\n<td width=\"454\">PNS &#8211; Medicina Veterin\u00e1ria<\/td>\n<\/tr>\n<tr>\n<td width=\"539\">Joenviles Schitine Brandao<\/td>\n<td width=\"454\">PNE \u2013 Campo<\/td>\n<\/tr>\n<tr>\n<td width=\"539\">Joilson dos Santos<\/td>\n<td width=\"454\">PNE \u2013 Campo<\/td>\n<\/tr>\n<tr>\n<td width=\"539\">Jonas Souza Gomes<\/td>\n<td width=\"454\">PNE \u2013 Campo<\/td>\n<\/tr>\n<tr>\n<td width=\"539\">Jorge Francisco Pinto Filho<\/td>\n<td width=\"454\">PNE \u2013 Campo<\/td>\n<\/tr>\n<tr>\n<td width=\"539\">Jorge Pereira dos Santos Filho<\/td>\n<td width=\"454\">PNE \u2013 Campo<\/td>\n<\/tr>\n<tr>\n<td width=\"539\">Jose Antonio de Azevedo Pereira<\/td>\n<td width=\"454\">PNM \u2013 Material<\/td>\n<\/tr>\n<tr>\n<td width=\"539\">Jose Daniel Valle de Almeida<\/td>\n<td width=\"454\">PNF &#8211; Auxiliar T\u00e9cnico Administrativo<\/td>\n<\/tr>\n<tr>\n<td width=\"539\">Jose Evaldo Machado<\/td>\n<td width=\"454\">PNM &#8211; Auxiliar de Enfermagem Veterin\u00e1ria<\/td>\n<\/tr>\n<tr>\n<td width=\"539\">Jose Francisco Alvarenga Moco<\/td>\n<td width=\"454\">PNE \u2013 Campo<\/td>\n<\/tr>\n<tr>\n<td width=\"539\">Jose Francisco da Silva<\/td>\n<td width=\"454\">PNE \u2013 Campo<\/td>\n<\/tr>\n<tr>\n<td width=\"539\">Jose Nilton Ribeiro Alonso de Faria<\/td>\n<td width=\"454\">PNE \u2013 Campo<\/td>\n<\/tr>\n<tr>\n<td width=\"539\">Jose Renato Costa Caiado<\/td>\n<td width=\"454\">PNS &#8211; Medicina Veterin\u00e1ria<\/td>\n<\/tr>\n<tr>\n<td width=\"539\">Jose Ricardo Mendonca Franca<\/td>\n<td width=\"454\">PNE \u2013 Campo<\/td>\n<\/tr>\n<tr>\n<td width=\"539\">Josias Alves Machado<\/td>\n<td width=\"454\">PNM &#8211; Imunologia e Patologia Cl\u00ednica<\/td>\n<\/tr>\n<tr>\n<td width=\"539\">Josue Barbosa Martins<\/td>\n<td width=\"454\">PNE \u2013 Campo<\/td>\n<\/tr>\n<tr>\n<td width=\"539\">Jovana Ferraz Cerqueira Campos<\/td>\n<td width=\"454\">PNM \u2013 Biblioteca<\/td>\n<\/tr>\n<tr>\n<td width=\"539\">Lourdes Ang\u00e9lica Brand\u00e3o Martins<\/td>\n<td width=\"454\">PNM \u2013 Administrativa<\/td>\n<\/tr>\n<tr>\n<td width=\"539\">Luciana Da Silva Lemos<\/td>\n<td width=\"454\">PNS &#8211; Medicina Veterin\u00e1ria<\/td>\n<\/tr>\n<tr>\n<td width=\"539\">Marcelo Ferreira Rebel<\/td>\n<td width=\"454\">PNF &#8211; Auxiliar T\u00e9cnico Administrativo<\/td>\n<\/tr>\n<tr>\n<td width=\"539\">Marcia Rezende Faes<\/td>\n<td width=\"454\">PNS &#8211; Medicina Veterin\u00e1ria<\/td>\n<\/tr>\n<tr>\n<td width=\"539\">Marcus Antonio Pessanha Barreto<\/td>\n<td width=\"454\">PNS &#8211; Medicina Veterin\u00e1ria<\/td>\n<\/tr>\n<tr>\n<td width=\"539\">Maria Angelica Dutra Viestel<\/td>\n<td width=\"454\">PNS &#8211; Medicina Veterin\u00e1ria<\/td>\n<\/tr>\n<tr>\n<td width=\"539\">Maria Beatriz Mercadante<\/td>\n<td width=\"454\">PNS \u2013 Zootecnia<\/td>\n<\/tr>\n<tr>\n<td width=\"539\">Maria de Fatima dos Santos Sampaio<\/td>\n<td width=\"454\">PNM \u2013 Administrativa<\/td>\n<\/tr>\n<tr>\n<td width=\"539\">Maria de Lourdes Amaral Bernardino Fernandes<\/td>\n<td width=\"454\">PNS &#8211; Medicina Veterin\u00e1ria<\/td>\n<\/tr>\n<tr>\n<td width=\"539\">Marilia Cipriano Dias<\/td>\n<td width=\"454\">PNM- Auxiliar de Enfermagem Veterin\u00e1ria<\/td>\n<\/tr>\n<tr>\n<td width=\"539\">Naulin Alves Da Silva<\/td>\n<td width=\"454\">PNE \u2013 Campo<\/td>\n<\/tr>\n<tr>\n<td width=\"539\">Nelson Fernando de Carvalho<\/td>\n<td width=\"454\">PNE \u2013 Campo<\/td>\n<\/tr>\n<tr>\n<td width=\"539\">Orlando Augusto Melo Junior<\/td>\n<td width=\"454\">PNS &#8211; Medicina Veterin\u00e1ria<\/td>\n<\/tr>\n<tr>\n<td width=\"539\">Osvaldo Luis da Silva<\/td>\n<td width=\"454\">PNE \u2013 Campo<\/td>\n<\/tr>\n<tr>\n<td width=\"539\">Ozeias Cavalar da Silva<\/td>\n<td width=\"454\">PNE \u2013 Campo<\/td>\n<\/tr>\n<tr>\n<td width=\"539\">Patricia Laurindo<\/td>\n<td width=\"454\">PNF &#8211; Auxiliar T\u00e9cnico Administrativo<\/td>\n<\/tr>\n<tr>\n<td width=\"539\">Paulo Cesar Alves Pereira<\/td>\n<td width=\"454\">PNE \u2013 Campo<\/td>\n<\/tr>\n<tr>\n<td width=\"539\">Paulo Cesar Paes Fernandes<\/td>\n<td width=\"454\">PNE \u2013 Campo<\/td>\n<\/tr>\n<tr>\n<td width=\"539\">Paulo Jose Dias da Silva<\/td>\n<td width=\"454\">PNE \u2013 Campo<\/td>\n<\/tr>\n<tr>\n<td width=\"539\">Paulo Roberto Bernardo Laurindo<\/td>\n<td width=\"454\">PNE \u2013 Campo<\/td>\n<\/tr>\n<tr>\n<td width=\"539\">Paulo Sergio Louren\u00e7o da Silva<\/td>\n<td width=\"454\">PNE \u2013 Campo<\/td>\n<\/tr>\n<tr>\n<td width=\"539\">Paulo Sergio Oliveira De Castro<\/td>\n<td width=\"454\">PNM \u2013 Administrativa<\/td>\n<\/tr>\n<tr>\n<td width=\"539\">Ralph Ferreira Da Silva<\/td>\n<td width=\"454\">PNE \u2013 Campo<\/td>\n<\/tr>\n<tr>\n<td width=\"539\">Ricardo Benjamin Machado Alves<\/td>\n<td width=\"454\">PNS &#8211; Medicina Veterin\u00e1ria<\/td>\n<\/tr>\n<tr>\n<td width=\"539\">Ricardo De Azevedo Silva<\/td>\n<td width=\"454\">PNE \u2013 Campo<\/td>\n<\/tr>\n<tr>\n<td width=\"539\">Ricardo Luiz Camara Guerreiro<\/td>\n<td width=\"454\">PNM \u2013 Qu\u00edmica<\/td>\n<\/tr>\n<tr>\n<td width=\"539\">Robson Alves De Carvalho<\/td>\n<td width=\"454\">PNE &#8211; Opera\u00e7\u00e3o de M\u00e1quinas Agr\u00edcolas<\/td>\n<\/tr>\n<tr>\n<td width=\"539\">Rogerio Da Silva Aguiar<\/td>\n<td width=\"454\">PNS \u2013 Zootecnia<\/td>\n<\/tr>\n<tr>\n<td width=\"539\">Rosana Assis Barboza<\/td>\n<td width=\"454\">PNE \u2013 Administra\u00e7\u00e3o<\/td>\n<\/tr>\n<tr>\n<td width=\"539\">Sergio Americo Ribeiro Morais<\/td>\n<td width=\"454\">PNE \u2013 Campo<\/td>\n<\/tr>\n<tr>\n<td width=\"539\">Silvia Menezes de Faria Pereira<\/td>\n<td width=\"454\">PNS &#8211; Engenharia de Alimentos<\/td>\n<\/tr>\n<tr>\n<td width=\"539\">Sueli Rosa Marins<\/td>\n<td width=\"454\">PNE \u2013 Limpeza<\/td>\n<\/tr>\n<tr>\n<td width=\"539\">Thiago da Silva Correa<\/td>\n<td width=\"454\">PNM &#8211; Imunologia e Patologia<\/td>\n<\/tr>\n<tr>\n<td width=\"539\">Valdemir Medeiros da Silva<\/td>\n<td width=\"454\">PNE \u2013 Campo<\/td>\n<\/tr>\n<tr>\n<td width=\"539\">Valdineia Estephanele Pinto de Sousa Ferreira<\/td>\n<td width=\"454\">PNE &#8211; Limpeza<\/td>\n<\/tr>\n<tr>\n<td width=\"539\">Vangela Maria Pereira Lopes Soares<\/td>\n<td width=\"454\">PNM \u2013 Biblioteca<\/td>\n<\/tr>\n<tr>\n<td width=\"539\">Vania Ribeiro de Souza Linhares<\/td>\n<td width=\"454\">PNM \u2013 Qu\u00edmica<\/td>\n<\/tr>\n<tr>\n<td width=\"539\">Vanilto da Silva Matta<\/td>\n<td width=\"454\">PNM &#8211; Manuten\u00e7\u00e3o El\u00e9trica<\/td>\n<\/tr>\n<tr>\n<td width=\"539\">Vicente Joaquim Cordeiro de Azevedo<\/td>\n<td width=\"454\">PNE \u2013 Campo<\/td>\n<\/tr>\n<tr>\n<td width=\"539\">Wellington Viana Azeredo<\/td>\n<td width=\"454\">PNE \u2013 Campo<\/td>\n<\/tr>\n<\/tbody>\n<\/table>\n<p>PNE-Profissional de n\u00edvel elementar;\u00a0 PNF-Profissional de n\u00edvel fundamental;\u00a0 PNM-Profissional de n\u00edvel m\u00e9dio; PNS-Profissional de n\u00edvel superior.<\/p>\n<p><strong>\u00a0<\/strong><\/p>\n<p>&nbsp;<\/p>\n","protected":false},"excerpt":{"rendered":"<p>&nbsp; RELA\u00c7\u00c3O DE DOCENTES E T\u00c9CNICOS VINCULADOS AO CURSO DE \u00a0MEDICINA VETERIN\u00c1RIA &nbsp; Docentes do Ciclo B\u00e1sico DISCIPLINAS DOCENTES BCT02301&#8230;<\/p>\n","protected":false},"author":24,"featured_media":0,"parent":0,"menu_order":0,"comment_status":"closed","ping_status":"closed","template":"","meta":{"footnotes":""},"class_list":["post-57","page","type-page","status-publish","hentry"],"_links":{"self":[{"href":"https:\/\/uenf.br\/graduacao\/medicina-veterinaria\/wp-json\/wp\/v2\/pages\/57","targetHints":{"allow":["GET"]}}],"collection":[{"href":"https:\/\/uenf.br\/graduacao\/medicina-veterinaria\/wp-json\/wp\/v2\/pages"}],"about":[{"href":"https:\/\/uenf.br\/graduacao\/medicina-veterinaria\/wp-json\/wp\/v2\/types\/page"}],"author":[{"embeddable":true,"href":"https:\/\/uenf.br\/graduacao\/medicina-veterinaria\/wp-json\/wp\/v2\/users\/24"}],"replies":[{"embeddable":true,"href":"https:\/\/uenf.br\/graduacao\/medicina-veterinaria\/wp-json\/wp\/v2\/comments?post=57"}],"version-history":[{"count":0,"href":"https:\/\/uenf.br\/graduacao\/medicina-veterinaria\/wp-json\/wp\/v2\/pages\/57\/revisions"}],"wp:attachment":[{"href":"https:\/\/uenf.br\/graduacao\/medicina-veterinaria\/wp-json\/wp\/v2\/media?parent=57"}],"curies":[{"name":"wp","href":"https:\/\/api.w.org\/{rel}","templated":true}]}}