{"id":61,"date":"2021-04-05T13:26:39","date_gmt":"2021-04-05T16:26:39","guid":{"rendered":"https:\/\/uenf.br\/graduacao\/medicina-veterinaria\/?page_id=61"},"modified":"2025-08-26T09:37:54","modified_gmt":"2025-08-26T12:37:54","slug":"legislacao","status":"publish","type":"page","link":"https:\/\/uenf.br\/graduacao\/medicina-veterinaria\/legislacao\/","title":{"rendered":"Legisla\u00e7\u00e3o"},"content":{"rendered":"<ul>\n<li class=\"western\">Projeto Pedag\u00f3gico de curso <a href=\"https:\/\/uenf.br\/graduacao\/medicina-veterinaria\/wp-content\/uploads\/sites\/15\/2025\/08\/PPC-med-vet-oficial-def-9-28-3-2025.pdf\" target=\"_blank\" rel=\"noopener\">(PPC)<\/a><\/li>\n<li class=\"western\">Resolu\u00e7\u00e3o HV<\/li>\n<\/ul>\n","protected":false},"excerpt":{"rendered":"<p>Projeto Pedag\u00f3gico de curso (PPC) Resolu\u00e7\u00e3o HV<\/p>\n","protected":false},"author":24,"featured_media":0,"parent":0,"menu_order":0,"comment_status":"closed","ping_status":"closed","template":"","meta":{"footnotes":""},"class_list":["post-61","page","type-page","status-publish","hentry"],"_links":{"self":[{"href":"https:\/\/uenf.br\/graduacao\/medicina-veterinaria\/wp-json\/wp\/v2\/pages\/61","targetHints":{"allow":["GET"]}}],"collection":[{"href":"https:\/\/uenf.br\/graduacao\/medicina-veterinaria\/wp-json\/wp\/v2\/pages"}],"about":[{"href":"https:\/\/uenf.br\/graduacao\/medicina-veterinaria\/wp-json\/wp\/v2\/types\/page"}],"author":[{"embeddable":true,"href":"https:\/\/uenf.br\/graduacao\/medicina-veterinaria\/wp-json\/wp\/v2\/users\/24"}],"replies":[{"embeddable":true,"href":"https:\/\/uenf.br\/graduacao\/medicina-veterinaria\/wp-json\/wp\/v2\/comments?post=61"}],"version-history":[{"count":0,"href":"https:\/\/uenf.br\/graduacao\/medicina-veterinaria\/wp-json\/wp\/v2\/pages\/61\/revisions"}],"wp:attachment":[{"href":"https:\/\/uenf.br\/graduacao\/medicina-veterinaria\/wp-json\/wp\/v2\/media?parent=61"}],"curies":[{"name":"wp","href":"https:\/\/api.w.org\/{rel}","templated":true}]}}