{"id":69,"date":"2021-04-27T11:25:59","date_gmt":"2021-04-27T14:25:59","guid":{"rendered":"https:\/\/uenf.br\/graduacao\/medicina-veterinaria\/?page_id=69"},"modified":"2025-08-26T09:15:34","modified_gmt":"2025-08-26T12:15:34","slug":"colegiado","status":"publish","type":"page","link":"https:\/\/uenf.br\/graduacao\/medicina-veterinaria\/colegiado\/","title":{"rendered":"Colegiado e NDE do curso"},"content":{"rendered":"<h2><strong>Colegiado do Curso<\/strong><\/h2>\n<ul>\n<li>Wilder Hernando Ortiz Vega \u2013 Coordenador \/ Presidente<br \/>\n\u2022 \u00c2ngelo Jos\u00e9 Burla -aburla@uenf.br &#8211; Representante do LRMGA<br \/>\n\u2022 Marcio Manhaes Folly \u2013 follyma@uenf.br \u2013 Representante do LSA<br \/>\n\u2022 Ana B\u00e1rbara Freitas Rodrigues Godinho \u2013 anaanatomiaanimal@gmail.com \u2013 Representante do LMPA<br \/>\n\u2022 Antonio Peixoto Albernaz\u2013 albernaz@uenf.br \u2013 Representante do LCCA<\/li>\n<\/ul>\n<h2><strong>N\u00facleo Docente Estruturante\u00a0<\/strong><\/h2>\n<p>O N\u00facleo Docente Estruturante (NDE) \u00e9 um n\u00facleo, de car\u00e1ter consultivo, para acompanhamento do nosso curso de Medicina Veterin\u00e1ria. Al\u00e9m disso, ele ser\u00e1 atuante no processo de concep\u00e7\u00e3o, consolida\u00e7\u00e3o e cont\u00ednua atualiza\u00e7\u00e3o do projeto pedag\u00f3gico do curso (PPC), visando a cont\u00ednua promo\u00e7\u00e3o de sua qualidade.<\/p>\n<p class=\"Texto_Justificado_Recuo_Primeira_Linha\">I. Coordenador Curso. Presidente. Wilder Hernando Ortiz Vega (LRMGA\/CCTA) .<\/p>\n<p class=\"Texto_Justificado_Recuo_Primeira_Linha\">II. Um (1) representante do Colegiado do Curso. Prof. Angelo Jos\u00e9 Burla Dias (LRMGA\/CCTA)<\/p>\n<p class=\"Texto_Justificado_Recuo_Primeira_Linha\">III. Um (1) docente ex-coordenador do curso . Profa. Ana B\u00e1rbara Freitas Rodrigues Godinho (LMPA\/CCTA)<\/p>\n<p class=\"Texto_Justificado_Recuo_Primeira_Linha\">IV. Um (1) docente externo abrangendo \u00e1reas do conhecimento do ciclo b\u00e1sico do curso. Prof. Luis Guilherme Mansor Basso (LCFIS\/CCT)<\/p>\n<p class=\"Texto_Justificado_Recuo_Primeira_Linha\">V.\u00a0Um (1) docente externo abrangendo \u00e1reas do conhecimento do ciclo profissionalizante do curso. Profa. Karoll Andrea Torres Cordido (LZO\/CCTA)<\/p>\n<p class=\"Texto_Justificado_Recuo_Primeira_Linha\">VI. Um (1) docente de relev\u00e2ncia para o curso. Profa. Maria Clara Caldas Bussiere (LRMGA\/CCTA).<\/p>\n","protected":false},"excerpt":{"rendered":"<p>Colegiado do Curso Wilder Hernando Ortiz Vega \u2013 Coordenador \/ Presidente \u2022 \u00c2ngelo Jos\u00e9 Burla -aburla@uenf.br &#8211; Representante do LRMGA&#8230;<\/p>\n","protected":false},"author":24,"featured_media":0,"parent":0,"menu_order":0,"comment_status":"closed","ping_status":"closed","template":"","meta":{"footnotes":""},"class_list":["post-69","page","type-page","status-publish","hentry"],"_links":{"self":[{"href":"https:\/\/uenf.br\/graduacao\/medicina-veterinaria\/wp-json\/wp\/v2\/pages\/69","targetHints":{"allow":["GET"]}}],"collection":[{"href":"https:\/\/uenf.br\/graduacao\/medicina-veterinaria\/wp-json\/wp\/v2\/pages"}],"about":[{"href":"https:\/\/uenf.br\/graduacao\/medicina-veterinaria\/wp-json\/wp\/v2\/types\/page"}],"author":[{"embeddable":true,"href":"https:\/\/uenf.br\/graduacao\/medicina-veterinaria\/wp-json\/wp\/v2\/users\/24"}],"replies":[{"embeddable":true,"href":"https:\/\/uenf.br\/graduacao\/medicina-veterinaria\/wp-json\/wp\/v2\/comments?post=69"}],"version-history":[{"count":0,"href":"https:\/\/uenf.br\/graduacao\/medicina-veterinaria\/wp-json\/wp\/v2\/pages\/69\/revisions"}],"wp:attachment":[{"href":"https:\/\/uenf.br\/graduacao\/medicina-veterinaria\/wp-json\/wp\/v2\/media?parent=69"}],"curies":[{"name":"wp","href":"https:\/\/api.w.org\/{rel}","templated":true}]}}