{"id":145,"date":"2014-09-23T19:03:21","date_gmt":"2014-09-23T22:03:21","guid":{"rendered":"https:\/\/uenf.br\/graduacao\/pibid\/?page_id=145"},"modified":"2019-08-28T10:08:14","modified_gmt":"2019-08-28T13:08:14","slug":"escolas-parceiras","status":"publish","type":"page","link":"https:\/\/uenf.br\/graduacao\/pibid\/apresentacao\/escolas-parceiras\/","title":{"rendered":"Escolas parceiras"},"content":{"rendered":"<p><span style=\"color: #000080\"><strong>Centro Integrado de Educa\u00e7\u00e3o P\u00fablica Brizol\u00e3o 057 Nilo Pe\u00e7anha<\/strong><\/span><\/p>\n<p>\u00c1rea de atua\u00e7\u00e3o do Pibid:<strong>\u00a0<\/strong><\/p>\n<p><strong>Biologia &#8211;\u00a0<\/strong>Supervisora: <em>Ada\u00edsa Paes\u00a0Viana<\/em><\/p>\n<p>&nbsp;<\/p>\n<p><span style=\"color: #000080\"><strong>Col\u00e9gio Estadual Benta Pereira<\/strong><\/span><\/p>\n<p>\u00c1rea de atua\u00e7\u00e3o do Pibid:<\/p>\n<p><strong>Biologia &#8211;\u00a0<\/strong>Supervisora: <em>Ros\u00e2ngela Nascimento da Silva<\/em><\/p>\n<p>&nbsp;<\/p>\n<p><span style=\"color: #000080\"><strong>Col\u00e9gio Estadual Jo\u00e3o Pessoa<\/strong><\/span><\/p>\n<p>\u00c1reas de atua\u00e7\u00e3o do Pibid:<\/p>\n<p><strong>F\u00edsica &#8211;\u00a0<\/strong>Supervisoras:\u00a0<em>Rosa Maria de Alvarenga Leandro Oliveira<\/em><\/p>\n<p>Gianna Castro de Azevedo Maciel<\/p>\n<p><strong>Qu\u00edmica &#8211;\u00a0<\/strong>Supervisora: <em>Aline Escocard Siqueira<\/em><\/p>\n<p>&nbsp;<\/p>\n<p><span style=\"color: #000080\"><strong>Col\u00e9gio Estadual Jos\u00e9 Francisco Salles<\/strong><\/span><\/p>\n<p>\u00c1rea de atua\u00e7\u00e3o do Pibid:<\/p>\n<p><strong>Qu\u00edmica &#8211;\u00a0<\/strong>Supervisora: <em>Josimary dos Santos Cordeiro Soares<\/em><\/p>\n<p>&nbsp;<\/p>\n<p><span style=\"color: #000080\"><strong>Col\u00e9gio Estadual Nilo Pe\u00e7anha<\/strong><\/span><\/p>\n<p>\u00c1reas de atua\u00e7\u00e3o do Pibid:<\/p>\n<p><strong>F\u00edsica &#8211;\u00a0<\/strong>Supervisora: <em>Edwana Gon\u00e7alves Teixeira e Silva<\/em><\/p>\n<p><strong>Matem\u00e1tica &#8211;\u00a0<\/strong>Supervisora: <em>Janete Caldas Terra<\/em><\/p>\n<p><strong>\u00a0Qu\u00edmica &#8211;\u00a0<\/strong>Supervisora: <em>Amanda Monteiro Pinto Barreto<\/em><\/p>\n<p>&nbsp;<\/p>\n<p><span style=\"color: #000080\"><strong>Col\u00e9gio Estadual Thiers Cardoso<\/strong><\/span><\/p>\n<p>\u00c1rea de atua\u00e7\u00e3o do Pibid:<\/p>\n<p><strong>Matem\u00e1tica &#8211;\u00a0<\/strong>Supervisora: <em>Fernanda Caroline Lessa Pereira<\/em><\/p>\n<p>&nbsp;<\/p>\n<p><span style=\"color: #000080\"><strong>Escola Estadual Admardo Alves Torres<\/strong><\/span><\/p>\n<p>\u00c1rea de atua\u00e7\u00e3o do Pibid:<\/p>\n<p><strong>Biologia &#8211;\u00a0<\/strong>Supervisor: <em>Frederico Correa dos Santos<\/em><\/p>\n<p>&nbsp;<\/p>\n<p><span style=\"color: #000080\"><strong>Escola Municipal Francisco de Assis<\/strong><\/span><\/p>\n<p>\u00c1rea de atua\u00e7\u00e3o do Pibid:<\/p>\n<p><strong>Pedagogia &#8211;\u00a0<\/strong>Supervisora: <em>H\u00e9llen Carvalho Bastos da Silva<\/em><\/p>\n<p>&nbsp;<\/p>\n<p><span style=\"color: #000080\"><strong>Escola Municipal Jos\u00e9 do Patroc\u00ednio<\/strong><\/span><\/p>\n<p>\u00c1rea de atua\u00e7\u00e3o do Pibid:<\/p>\n<p><strong>Pedagogia &#8211;\u00a0<\/strong>Supervisora: <em>M\u00e1rcia Dias Sardinha Figueiredo<\/em><\/p>\n<p>&nbsp;<\/p>\n<p><span style=\"color: #000080\"><strong>Escola Municipal Maria L\u00facia<\/strong><\/span><\/p>\n<p>\u00c1rea de atua\u00e7\u00e3o do Pibid:<\/p>\n<p><strong>Pedagogia &#8211;\u00a0<\/strong>Supervisora: <em>Iara Carvalho dos Santos Batista<\/em><\/p>\n<p>&nbsp;<\/p>\n<p><span style=\"color: #000080\"><strong>Escola Municipal Pequeno Jornaleiro<\/strong><\/span><\/p>\n<p>\u00c1rea de atua\u00e7\u00e3o do Pibid:<\/p>\n<p><strong>Pedagogia &#8211;\u00a0<\/strong>Supervisora: <em>Bruna Lomba Dias Viana Rodrigues<\/em><\/p>\n<p>&nbsp;<\/p>\n","protected":false},"excerpt":{"rendered":"<p>Centro Integrado de Educa\u00e7\u00e3o P\u00fablica Brizol\u00e3o 057 Nilo Pe\u00e7anha \u00c1rea de atua\u00e7\u00e3o do Pibid:\u00a0 Biologia &#8211;\u00a0Supervisora: Ada\u00edsa Paes\u00a0Viana &nbsp; Col\u00e9gio&#8230;<\/p>\n","protected":false},"author":5,"featured_media":0,"parent":2,"menu_order":0,"comment_status":"open","ping_status":"closed","template":"","meta":{"footnotes":""},"class_list":["post-145","page","type-page","status-publish","hentry"],"_links":{"self":[{"href":"https:\/\/uenf.br\/graduacao\/pibid\/wp-json\/wp\/v2\/pages\/145","targetHints":{"allow":["GET"]}}],"collection":[{"href":"https:\/\/uenf.br\/graduacao\/pibid\/wp-json\/wp\/v2\/pages"}],"about":[{"href":"https:\/\/uenf.br\/graduacao\/pibid\/wp-json\/wp\/v2\/types\/page"}],"author":[{"embeddable":true,"href":"https:\/\/uenf.br\/graduacao\/pibid\/wp-json\/wp\/v2\/users\/5"}],"replies":[{"embeddable":true,"href":"https:\/\/uenf.br\/graduacao\/pibid\/wp-json\/wp\/v2\/comments?post=145"}],"version-history":[{"count":0,"href":"https:\/\/uenf.br\/graduacao\/pibid\/wp-json\/wp\/v2\/pages\/145\/revisions"}],"up":[{"embeddable":true,"href":"https:\/\/uenf.br\/graduacao\/pibid\/wp-json\/wp\/v2\/pages\/2"}],"wp:attachment":[{"href":"https:\/\/uenf.br\/graduacao\/pibid\/wp-json\/wp\/v2\/media?parent=145"}],"curies":[{"name":"wp","href":"https:\/\/api.w.org\/{rel}","templated":true}]}}