{"id":18,"date":"2014-06-26T18:34:48","date_gmt":"2014-06-26T21:34:48","guid":{"rendered":"https:\/\/uenf.br\/graduacao\/pibid\/?page_id=18"},"modified":"2019-08-28T10:09:57","modified_gmt":"2019-08-28T13:09:57","slug":"formularios","status":"publish","type":"page","link":"https:\/\/uenf.br\/graduacao\/pibid\/formularios\/","title":{"rendered":"Formul\u00e1rios"},"content":{"rendered":"<p>Formul\u00e1rios\u00a0Pibid:<\/p>\n<p><a href=\"https:\/\/uenf.br\/graduacao\/pibid\/formularios\/formularios-para-estudantes\/\" target=\"_blank\" rel=\"noopener noreferrer\">Formul\u00e1rios para estudantes<\/a><\/p>\n<p><a href=\"https:\/\/uenf.br\/graduacao\/pibid\/formularios-para-supervisores\/\">Formul\u00e1rios para supervisores<\/a><\/p>\n<p><a href=\"https:\/\/uenf.br\/graduacao\/pibid\/formularios-para-coordenadores\/%20\">Formul\u00e1rios para coordenadores<\/a><\/p>\n<p>&nbsp;<\/p>\n","protected":false},"excerpt":{"rendered":"<p>Formul\u00e1rios\u00a0Pibid: Formul\u00e1rios para estudantes Formul\u00e1rios para supervisores Formul\u00e1rios para coordenadores &nbsp;<\/p>\n","protected":false},"author":5,"featured_media":0,"parent":0,"menu_order":2,"comment_status":"open","ping_status":"closed","template":"","meta":{"footnotes":""},"class_list":["post-18","page","type-page","status-publish","hentry"],"_links":{"self":[{"href":"https:\/\/uenf.br\/graduacao\/pibid\/wp-json\/wp\/v2\/pages\/18","targetHints":{"allow":["GET"]}}],"collection":[{"href":"https:\/\/uenf.br\/graduacao\/pibid\/wp-json\/wp\/v2\/pages"}],"about":[{"href":"https:\/\/uenf.br\/graduacao\/pibid\/wp-json\/wp\/v2\/types\/page"}],"author":[{"embeddable":true,"href":"https:\/\/uenf.br\/graduacao\/pibid\/wp-json\/wp\/v2\/users\/5"}],"replies":[{"embeddable":true,"href":"https:\/\/uenf.br\/graduacao\/pibid\/wp-json\/wp\/v2\/comments?post=18"}],"version-history":[{"count":0,"href":"https:\/\/uenf.br\/graduacao\/pibid\/wp-json\/wp\/v2\/pages\/18\/revisions"}],"wp:attachment":[{"href":"https:\/\/uenf.br\/graduacao\/pibid\/wp-json\/wp\/v2\/media?parent=18"}],"curies":[{"name":"wp","href":"https:\/\/api.w.org\/{rel}","templated":true}]}}