{"id":223,"date":"2014-09-23T20:54:48","date_gmt":"2014-09-23T23:54:48","guid":{"rendered":"https:\/\/uenf.br\/graduacao\/pibid\/?page_id=223"},"modified":"2019-08-28T10:08:39","modified_gmt":"2019-08-28T13:08:39","slug":"areas","status":"publish","type":"page","link":"https:\/\/uenf.br\/graduacao\/pibid\/areas\/","title":{"rendered":"\u00c1reas"},"content":{"rendered":"<p><a href=\"https:\/\/uenf.br\/graduacao\/pibid\/biologia\/%20\u200e\">Biologia<\/a><\/p>\n<p><a href=\"https:\/\/uenf.br\/graduacao\/pibid\/areas\/fisica\/\">F\u00edsica<\/a><\/p>\n<p><a href=\"https:\/\/uenf.br\/graduacao\/pibid\/areas\/matematica\/\">Matem\u00e1tica<\/a><\/p>\n<p><a href=\"https:\/\/uenf.br\/graduacao\/pibid\/areas\/pedagogia\/\">Pedagogia<\/a><\/p>\n<p><a href=\"https:\/\/uenf.br\/graduacao\/pibid\/areas\/quimica\/%20\u200e\">Qu\u00edmica<\/a><\/p>\n","protected":false},"excerpt":{"rendered":"<p>Biologia F\u00edsica Matem\u00e1tica Pedagogia Qu\u00edmica<\/p>\n","protected":false},"author":5,"featured_media":0,"parent":0,"menu_order":0,"comment_status":"open","ping_status":"closed","template":"","meta":{"footnotes":""},"class_list":["post-223","page","type-page","status-publish","hentry"],"_links":{"self":[{"href":"https:\/\/uenf.br\/graduacao\/pibid\/wp-json\/wp\/v2\/pages\/223","targetHints":{"allow":["GET"]}}],"collection":[{"href":"https:\/\/uenf.br\/graduacao\/pibid\/wp-json\/wp\/v2\/pages"}],"about":[{"href":"https:\/\/uenf.br\/graduacao\/pibid\/wp-json\/wp\/v2\/types\/page"}],"author":[{"embeddable":true,"href":"https:\/\/uenf.br\/graduacao\/pibid\/wp-json\/wp\/v2\/users\/5"}],"replies":[{"embeddable":true,"href":"https:\/\/uenf.br\/graduacao\/pibid\/wp-json\/wp\/v2\/comments?post=223"}],"version-history":[{"count":0,"href":"https:\/\/uenf.br\/graduacao\/pibid\/wp-json\/wp\/v2\/pages\/223\/revisions"}],"wp:attachment":[{"href":"https:\/\/uenf.br\/graduacao\/pibid\/wp-json\/wp\/v2\/media?parent=223"}],"curies":[{"name":"wp","href":"https:\/\/api.w.org\/{rel}","templated":true}]}}