{"id":225,"date":"2014-09-23T20:55:07","date_gmt":"2014-09-23T23:55:07","guid":{"rendered":"https:\/\/uenf.br\/graduacao\/pibid\/?page_id=225"},"modified":"2019-08-28T10:08:45","modified_gmt":"2019-08-28T13:08:45","slug":"biologia","status":"publish","type":"page","link":"https:\/\/uenf.br\/graduacao\/pibid\/areas\/biologia\/","title":{"rendered":"Biologia"},"content":{"rendered":"<p><span style=\"color: #ff0000\"><strong>Atividades desenvolvidas:\u00a0<\/strong><\/span><\/p>\n<ul>\n<li><span style=\"color: #000000\"><strong>Col\u00e9gio Estadual Benta Pereira e Ciep Nilo Pe\u00e7anha<\/strong><\/span><\/li>\n<\/ul>\n<p style=\"text-align: left\">&#8211; Visita pedag\u00f3gica ao zool\u00f3gico do Rio de Janeiro\u00a0\u2192 Demonstra\u00e7\u00e3o da diversidade da fauna brasileira, bem como classifica\u00e7\u00e3o dos seres vivos do reino animal de filo a esp\u00e9cie, com o aux\u00edlio dos nomes cient\u00edficos encontrados nas placas de identifica\u00e7\u00e3o. Al\u00e9m disso, os bolsistas tiveram a oportunidade de guiar esta visita pedag\u00f3gica com os professores, aprendendo a lidar com os alunos em uma aula de campo.<\/p>\n<p style=\"text-align: left\">&#8211; Semana Nacional de Ci\u00eancia e Tecnologia (EMCITEC)\u00a0\u2192 Palestras sobre DSTs, Alimenta\u00e7\u00e3o, Benef\u00edcios do Esporte e Microscopia; exposi\u00e7\u00f5es &#8220;Praticando Ci\u00eancias&#8221;, com a realiza\u00e7\u00e3o de experimentos como extra\u00e7\u00e3o de DNA; concursos de par\u00f3dias sobre assuntos relacionados \u00e0s disciplinas de Ci\u00eancias e Biologia; visita \u00e0 UENF e apresenta\u00e7\u00e3o de filmes;<\/p>\n<p style=\"text-align: left\">&#8211; Participa\u00e7\u00e3o de professores e bolsistas em curso e oficina de capacita\u00e7\u00e3o via parceria UENF-NAPES \u2192 Visando \u00e0 capacita\u00e7\u00e3o para identifica\u00e7\u00e3o e utiliza\u00e7\u00e3o de metodologias de ensino para alunos com altas habilidades\/superdota\u00e7\u00e3o. O curso foi ministrado pelo NAAH\/S do Rio de Janeiro no Liceu de Humanidades de Campos.<\/p>\n<p>&#8211; Apoio dos bolsistas PIBID na sele\u00e7\u00e3o e utiliza\u00e7\u00e3o de videos educativos \u2192 Complementa\u00e7\u00e3o, fixa\u00e7\u00e3o de conte\u00fado e media\u00e7\u00e3o de debates sobre os assuntos abordados.<\/p>\n<p>&#8211; Visita \u00e0 Universidade Estadual do Norte Fluminense \u2192 Laborat\u00f3rios do Centro de Bioci\u00eancias e Biotecnologia, Espa\u00e7o da Ci\u00eancia e sala de cinema, onde foram exibidos filmes cient\u00edficos em 3D.<\/p>\n<p>&#8211; Apoio na manuten\u00e7\u00e3o e utiliza\u00e7\u00e3o dos laborat\u00f3rios de ensino de ci\u00eancias, sele\u00e7\u00e3o, organiza\u00e7\u00e3o e colabora\u00e7\u00e3o nas aulas pr\u00e1ticas ministradas da 6<sup>a<\/sup> a 9<sup>a<\/sup> s\u00e9rie.<\/p>\n<p>&#8211; Realiza\u00e7\u00e3o de din\u00e2micas de grupo para fixa\u00e7\u00e3o de conte\u00fado das aulas te\u00f3ricas e utiliza\u00e7\u00e3o de material did\u00e1tico como modelos anat\u00f4micos.<\/p>\n<p>&#8211; Montagem de herb\u00e1rio \u2192 Cole\u00e7\u00e3o de plantas nativas prensadas e secas, classificadas e catalogadas. Nestes cat\u00e1logos constam a classifica\u00e7\u00e3o da planta, o local e data da coleta, al\u00e9m do nome da pessoa que a coletou.<\/p>\n<p>&#8211; Montagem de inset\u00e1rios \u2192\u00a0Os inset\u00e1rios foram montados com um exemplar de cada ordem com a finalidade de permitir o estudo de insetos sem a necessidade de capturas frequentes. Foram seguidas todas as normas \u00e9ticas deliberadas para este procedimento.<\/p>\n<p>&#8211; Montagem de terr\u00e1rios \u2192 Ensino de\u00a0como plantar e manter esp\u00e9cies vegetais, estudo do ciclo da \u00e1gua, do ciclo do carbono, da aera\u00e7\u00e3o e permeabilidade do solo, compara\u00e7\u00e3o entre ecossistemas secos e \u00famidos, abertos e fechados e estudo de diferen\u00e7as de faixas de comprimento de onda com base na diferen\u00e7a de cores das plantas.<\/p>\n<p>&nbsp;<\/p>\n","protected":false},"excerpt":{"rendered":"<p>Atividades desenvolvidas:\u00a0 Col\u00e9gio Estadual Benta Pereira e Ciep Nilo Pe\u00e7anha &#8211; Visita pedag\u00f3gica ao zool\u00f3gico do Rio de Janeiro\u00a0\u2192 Demonstra\u00e7\u00e3o&#8230;<\/p>\n","protected":false},"author":5,"featured_media":0,"parent":223,"menu_order":0,"comment_status":"open","ping_status":"closed","template":"","meta":{"footnotes":""},"class_list":["post-225","page","type-page","status-publish","hentry"],"_links":{"self":[{"href":"https:\/\/uenf.br\/graduacao\/pibid\/wp-json\/wp\/v2\/pages\/225","targetHints":{"allow":["GET"]}}],"collection":[{"href":"https:\/\/uenf.br\/graduacao\/pibid\/wp-json\/wp\/v2\/pages"}],"about":[{"href":"https:\/\/uenf.br\/graduacao\/pibid\/wp-json\/wp\/v2\/types\/page"}],"author":[{"embeddable":true,"href":"https:\/\/uenf.br\/graduacao\/pibid\/wp-json\/wp\/v2\/users\/5"}],"replies":[{"embeddable":true,"href":"https:\/\/uenf.br\/graduacao\/pibid\/wp-json\/wp\/v2\/comments?post=225"}],"version-history":[{"count":0,"href":"https:\/\/uenf.br\/graduacao\/pibid\/wp-json\/wp\/v2\/pages\/225\/revisions"}],"up":[{"embeddable":true,"href":"https:\/\/uenf.br\/graduacao\/pibid\/wp-json\/wp\/v2\/pages\/223"}],"wp:attachment":[{"href":"https:\/\/uenf.br\/graduacao\/pibid\/wp-json\/wp\/v2\/media?parent=225"}],"curies":[{"name":"wp","href":"https:\/\/api.w.org\/{rel}","templated":true}]}}