{"id":237,"date":"2014-09-23T20:57:05","date_gmt":"2014-09-23T23:57:05","guid":{"rendered":"https:\/\/uenf.br\/graduacao\/pibid\/?page_id=237"},"modified":"2019-08-28T10:09:11","modified_gmt":"2019-08-28T13:09:11","slug":"quimica","status":"publish","type":"page","link":"https:\/\/uenf.br\/graduacao\/pibid\/areas\/quimica\/","title":{"rendered":"Qu\u00edmica"},"content":{"rendered":"<p><span style=\"color: #ff0000\"><strong>Atividades desenvolvidas:<\/strong><\/span><\/p>\n<div>\n<p>&#8211; Oficinas para a confec\u00e7\u00e3o de jogos educativos, modelos moleculares, objetos de aprendizagem, etc. \u2192 \u00c9 realizada, semanalmente, no laborat\u00f3rio de ensino de qu\u00edmica da UENF, a confec\u00e7\u00e3o de material pedag\u00f3gico que, posteriormente, \u00e9 levado para os col\u00e9gios de aplica\u00e7\u00e3o.<\/p>\n<p>&#8211; Maratonas\/gincanas\u00a0\u2192 Os conte\u00fados de qu\u00edmica s\u00e3o trabalhados e avaliados durante um bimestre de forma diferenciada, culminando com a competi\u00e7\u00e3o, brincadeiras e comemora\u00e7\u00f5es.<\/p>\n<p>&#8211; Monitorias \u2192 Os bolsistas do Pibid, nos hor\u00e1rios vagos, atendem os alunos, com a finalidade de tirar d\u00favidas dos conte\u00fados que est\u00e3o sendo trabalhados em sala de aula pelo professor regente.<\/p>\n<p>&#8211; Feiras de ci\u00eancias tem\u00e1ticas \u2192 A partir da escolha de um tema central, s\u00e3o desenvolvidas as pesquisas e confeccionados os trabalhos que s\u00e3o apresentados em um evento denominado &#8220;Feira de ci\u00eancias&#8221;. No ano de 2014 realizamos as seguintes feiras tem\u00e1ticas: &#8220;A QU\u00cdMICA RUMO \u00c0 COPA 2014&#8221; e &#8220;FEIRA DE RECICLAGEM DO PAPEL&#8221;.<\/p>\n<p>&#8211; Dramatiza\u00e7\u00e3o \u2192 S\u00e3o realizadas esquetes &#8211; pequenas pe\u00e7as teatrais &#8211; envolvendo conte\u00fados de qu\u00edmica, recheadas com humor. As esquetes s\u00e3o apresentadas pelos bolsistas do Pibid, geralmente envolvendo alguns alunos do col\u00e9gio.<\/p>\n<p>&#8211; Concursos de par\u00f3dias e de poesias \u2192 Os conte\u00fados de qu\u00edmica s\u00e3o trabalhados de forma l\u00fadica, envolvendo a m\u00fasica e a poesia. Os grupos de alunos se apresentam para as outras turmas e para uma banca examinadora. As melhores produ\u00e7\u00f5es s\u00e3o premiadas.<\/p>\n<p>&#8211; Experimenta\u00e7\u00e3o \u2192 Com o aux\u00edlio dos bolsistas do Pibid, os alunos utilizam os laborat\u00f3rios &#8211; quando dispon\u00edveis no col\u00e9gio de aplica\u00e7\u00e3o &#8211; ou levam a experimenta\u00e7\u00e3o para a sala de aula, na forma de experimento demonstrativo.<\/p>\n<p>&#8211; Recursos multim\u00eddia \u2192 S\u00e3o trabalhados v\u00eddeos educativos em sala de aula.<\/p>\n<p>&#8211; Jogos educativos \u00a0e modelos moleculares \u2192 Alguns conte\u00fados de qu\u00edmica s\u00e3o trabalhados com material concreto, como jogos e modelos moleculares.<\/p>\n<\/div>\n<p>&nbsp;<\/p>\n","protected":false},"excerpt":{"rendered":"<p>Atividades desenvolvidas: &#8211; Oficinas para a confec\u00e7\u00e3o de jogos educativos, modelos moleculares, objetos de aprendizagem, etc. \u2192 \u00c9 realizada, semanalmente,&#8230;<\/p>\n","protected":false},"author":5,"featured_media":0,"parent":223,"menu_order":0,"comment_status":"open","ping_status":"closed","template":"","meta":{"footnotes":""},"class_list":["post-237","page","type-page","status-publish","hentry"],"_links":{"self":[{"href":"https:\/\/uenf.br\/graduacao\/pibid\/wp-json\/wp\/v2\/pages\/237","targetHints":{"allow":["GET"]}}],"collection":[{"href":"https:\/\/uenf.br\/graduacao\/pibid\/wp-json\/wp\/v2\/pages"}],"about":[{"href":"https:\/\/uenf.br\/graduacao\/pibid\/wp-json\/wp\/v2\/types\/page"}],"author":[{"embeddable":true,"href":"https:\/\/uenf.br\/graduacao\/pibid\/wp-json\/wp\/v2\/users\/5"}],"replies":[{"embeddable":true,"href":"https:\/\/uenf.br\/graduacao\/pibid\/wp-json\/wp\/v2\/comments?post=237"}],"version-history":[{"count":0,"href":"https:\/\/uenf.br\/graduacao\/pibid\/wp-json\/wp\/v2\/pages\/237\/revisions"}],"up":[{"embeddable":true,"href":"https:\/\/uenf.br\/graduacao\/pibid\/wp-json\/wp\/v2\/pages\/223"}],"wp:attachment":[{"href":"https:\/\/uenf.br\/graduacao\/pibid\/wp-json\/wp\/v2\/media?parent=237"}],"curies":[{"name":"wp","href":"https:\/\/api.w.org\/{rel}","templated":true}]}}