{"id":243,"date":"2014-09-23T20:59:47","date_gmt":"2014-09-23T23:59:47","guid":{"rendered":"https:\/\/uenf.br\/graduacao\/pibid\/?page_id=243"},"modified":"2019-08-28T10:09:41","modified_gmt":"2019-08-28T13:09:41","slug":"realizados","status":"publish","type":"page","link":"https:\/\/uenf.br\/graduacao\/pibid\/eventos\/realizados\/","title":{"rendered":"Realizados"},"content":{"rendered":"<p><strong>&#8211; II Semin\u00e1rio Regional do PIBID &#8211; Regi\u00e3o Sudeste\/I Semin\u00e1rio Estadual do PIBID &#8211; Rio de Janeiro<\/strong><\/p>\n<p><em>16 a 18 de novembro de 2017<\/em><\/p>\n<p>Centro de Tecnologia da Universidade Federal do Rio de Janeiro (UFRJ)<\/p>\n<p>\u200bO II Semin\u00e1rio Regional do PIBID &#8211; Regi\u00e3o Sudeste\/I Semin\u00e1rio Estadual do PIBID &#8211; Rio de Janeiro tem por objetivo refletir sobre as a\u00e7\u00f5es realizadas pelos projetos PIBID das IES da Regi\u00e3o Sudeste ao longo dos quatro anos de vig\u00eancia dos editais do PIBID e PIBID Diversidade. Esse \u00e9 um momento de avalia\u00e7\u00e3o do PIBID, de forma a nos preparar para a continuidade do programa atrav\u00e9s da articula\u00e7\u00e3o entre os grupos das diversas IES em prol da defesa dos princ\u00edpios estruturantes do PIBID, em especial a promo\u00e7\u00e3o\u00a0da forma\u00e7\u00e3o docente para a Educa\u00e7\u00e3o B\u00e1sica.<\/p>\n<p>Mais informa\u00e7\u00f5es no <a href=\"https:\/\/iisempibidse.wixsite.com\/iisempibidse\" target=\"_blank\" rel=\"noopener noreferrer\">site do evento<\/a><\/p>\n<p><strong>&#8211; Semana Acad\u00eamica da Uenf &#8211; Encontro das Licenciaturas &#8211;\u00a02015<\/strong><\/p>\n<p>04 de novembro de 2015<\/p>\n<p><a href=\"https:\/\/uenf.br\/graduacao\/pibid\/wp-content\/uploads\/sites\/13\/2014\/09\/Encontro-das-Licenciaturas-2015-Programa\u00e7\u00e3o-e-Resumos.pdf\">Encontro das Licenciaturas 2015 <\/a><a href=\"https:\/\/uenf.br\/graduacao\/pibid\/wp-content\/uploads\/sites\/13\/2014\/09\/Encontro-das-Licenciaturas-2015-Programa\u00e7\u00e3o-e-Resumos.pdf\">&#8211;<\/a><a href=\"https:\/\/uenf.br\/graduacao\/pibid\/wp-content\/uploads\/sites\/13\/2014\/09\/Encontro-das-Licenciaturas-2015-Programa\u00e7\u00e3o-e-Resumos.pdf\"> Programa\u00e7\u00e3o e Resumos<\/a><\/p>\n<p style=\"text-align: left\"><em><a href=\"https:\/\/uenf.br\/graduacao\/pibid\/wp-content\/uploads\/sites\/13\/2014\/09\/Melhores-Pain\u00e9is.pdf\">Melhores Pain\u00e9is<\/a><\/em><\/p>\n<p>&nbsp;<\/p>\n<p><strong>&#8211; F\u00f3rum Pibid Uenf &#8211;\u00a02015<\/strong><\/p>\n<p>12 de agosto de 2015<\/p>\n<p><a href=\"https:\/\/uenf.br\/graduacao\/pibid\/wp-content\/uploads\/sites\/13\/2014\/09\/Forum_Pibid-2015.pdf\">Programa\u00e7\u00e3o<\/a><\/p>\n<p>&nbsp;<\/p>\n<p><strong>&#8211; Semana Acad\u00eamica da Uenf &#8211; Encontro das Licenciaturas &#8211; 2014<\/strong><\/p>\n<p>05 de novembro de 2014<\/p>\n<p><a href=\"https:\/\/uenf.br\/graduacao\/pibid\/wp-content\/uploads\/sites\/13\/2014\/09\/FOLDER_OK.pdf\">Encontro das Licenciaturas 2014 &#8211; Programa\u00e7\u00e3o<\/a><\/p>\n<p><a href=\"https:\/\/uenf.br\/graduacao\/pibid\/wp-content\/uploads\/sites\/13\/2014\/09\/Encontro-das-Licenciaturas-Pibid-2014-Melhores-pain\u00e9is.pdf\"><em>Melhores pain\u00e9is<\/em><\/a><\/p>\n<p>&nbsp;<\/p>\n<p><strong>&#8211; Semana da Ci\u00eancia e Tecnologia &#8211;\u00a02014<\/strong><\/p>\n<p><span style=\"font: 13px\/19.5px Verdana, Arial, Helvetica;text-align: left;color: #000000;text-indent: 0px;letter-spacing: normal;float: none;background-color: #ffffff\">13 a 17 de outubro de 2014<\/span><\/p>\n<p><a href=\"http:\/\/mostraextensao.wordpress.com\/\" target=\"_blank\" rel=\"noopener noreferrer\">Mostra de Extens\u00e3o UENF, IFF e UFF<\/a>:\u00a0\u00a0<a href=\"https:\/\/uenf.br\/graduacao\/pibid\/wp-content\/uploads\/sites\/13\/2014\/09\/Mostra-de-extens\u00e3o.pdf\">Programa\u00e7\u00e3o<\/a><\/p>\n<p><a href=\"https:\/\/uenf.br\/eventos\/mostrapos\/\" target=\"_blank\" rel=\"noopener noreferrer\">Mostra de P\u00f3s-gradua\u00e7\u00e3o UENF<\/a>:\u00a0<a href=\"https:\/\/uenf.br\/graduacao\/pibid\/wp-content\/uploads\/sites\/13\/2014\/09\/Mostra-de-P\u00f3s.pdf\">Programa\u00e7\u00e3o<\/a><\/p>\n<p>&nbsp;<\/p>\n<p><strong>&#8211; F\u00f3rum Pibid Uenf\u00a0&#8211; 2014<\/strong><\/p>\n<p>22 a 25 de julho de 2014<\/p>\n<p><a href=\"https:\/\/uenf.br\/graduacao\/pibid\/wp-content\/uploads\/sites\/13\/2014\/09\/Forum_Pibid1.pdf\">Programa\u00e7\u00e3o<\/a><\/p>\n","protected":false},"excerpt":{"rendered":"<p>&#8211; II Semin\u00e1rio Regional do PIBID &#8211; Regi\u00e3o Sudeste\/I Semin\u00e1rio Estadual do PIBID &#8211; Rio de Janeiro 16 a 18&#8230;<\/p>\n","protected":false},"author":5,"featured_media":0,"parent":240,"menu_order":0,"comment_status":"open","ping_status":"closed","template":"","meta":{"footnotes":""},"class_list":["post-243","page","type-page","status-publish","hentry"],"_links":{"self":[{"href":"https:\/\/uenf.br\/graduacao\/pibid\/wp-json\/wp\/v2\/pages\/243","targetHints":{"allow":["GET"]}}],"collection":[{"href":"https:\/\/uenf.br\/graduacao\/pibid\/wp-json\/wp\/v2\/pages"}],"about":[{"href":"https:\/\/uenf.br\/graduacao\/pibid\/wp-json\/wp\/v2\/types\/page"}],"author":[{"embeddable":true,"href":"https:\/\/uenf.br\/graduacao\/pibid\/wp-json\/wp\/v2\/users\/5"}],"replies":[{"embeddable":true,"href":"https:\/\/uenf.br\/graduacao\/pibid\/wp-json\/wp\/v2\/comments?post=243"}],"version-history":[{"count":0,"href":"https:\/\/uenf.br\/graduacao\/pibid\/wp-json\/wp\/v2\/pages\/243\/revisions"}],"up":[{"embeddable":true,"href":"https:\/\/uenf.br\/graduacao\/pibid\/wp-json\/wp\/v2\/pages\/240"}],"wp:attachment":[{"href":"https:\/\/uenf.br\/graduacao\/pibid\/wp-json\/wp\/v2\/media?parent=243"}],"curies":[{"name":"wp","href":"https:\/\/api.w.org\/{rel}","templated":true}]}}