{"id":285,"date":"2014-10-02T20:56:36","date_gmt":"2014-10-02T23:56:36","guid":{"rendered":"https:\/\/uenf.br\/graduacao\/pibid\/?page_id=285"},"modified":"2019-08-28T10:08:27","modified_gmt":"2019-08-28T13:08:27","slug":"cap","status":"publish","type":"page","link":"https:\/\/uenf.br\/graduacao\/pibid\/apresentacao\/cap\/","title":{"rendered":"CAP"},"content":{"rendered":"<p><span style=\"color: #000080\"><strong>Comiss\u00e3o de Acompanhamento do Pibid<\/strong><\/span><\/p>\n<p>&nbsp;<\/p>\n<p><strong>Coordenadora Institucional<\/strong><\/p>\n<p><em>Eliana Crispim Fran\u00e7a Luquetti<\/em> &#8211; <a href=\"http:\/\/buscatextual.cnpq.br\/buscatextual\/visualizacv.do?id=K4761422J4\" target=\"_blank\" rel=\"noopener noreferrer\">Lattes<\/a><\/p>\n<p>elina@uenf.br<\/p>\n<p>22-2739-7296<\/p>\n<p>&nbsp;<\/p>\n<p><strong>Coordenadores de \u00c1rea<\/strong><\/p>\n<p><strong>Biologia<\/strong><\/p>\n<p><em>Ronaldo Novelli<\/em> &#8211; <a href=\"http:\/\/buscatextual.cnpq.br\/buscatextual\/visualizacv.do?id=K4785599H7\" target=\"_blank\" rel=\"noopener noreferrer\">Lattes<\/a><\/p>\n<p>novelli@uenf.br<\/p>\n<p>22-2748-6485<\/p>\n<p>&nbsp;<\/p>\n<p><strong>F\u00edsica<\/strong><\/p>\n<p><em>Roberto Da Trindade Faria Junior<\/em>\u00a0&#8211;\u00a0<a href=\"http:\/\/buscatextual.cnpq.br\/buscatextual\/visualizacv.do?id=K4791461P9\" target=\"_blank\" rel=\"noopener noreferrer\">Lattes<\/a><\/p>\n<p><a href=\"mailto:rfaria@uenf.br\">rfaria@uenf.br<\/a><\/p>\n<p>(22) 2739-7227<\/p>\n<p>&nbsp;<\/p>\n<p><strong>Matem\u00e1tica<\/strong><\/p>\n<p><em>Paulo C\u00e9sar Beggio<\/em> &#8211; <a href=\"http:\/\/buscatextual.cnpq.br\/buscatextual\/visualizacv.do?id=K4728602Y8\" target=\"_blank\" rel=\"noopener noreferrer\">Lattes<\/a><\/p>\n<p>beggio@uenf.br<\/p>\n<p>22-2739-7840<\/p>\n<p>&nbsp;<\/p>\n<p><strong>Pedagogia<\/strong><\/p>\n<p><em>Gerson Tavares do Carmo<\/em>\u00a0&#8211;\u00a0<a href=\"http:\/\/buscatextual.cnpq.br\/buscatextual\/visualizacv.do?id=K4798067T0\" target=\"_blank\" rel=\"noopener noreferrer\">Lattes<\/a><\/p>\n<p>gtavares33@yahoo.com.br<\/p>\n<p>(22) 2748-6460<\/p>\n<p>&nbsp;<\/p>\n<p><em>Carlos Henrique Medeiros de Souza<\/em>\u00a0&#8211;\u00a0<a href=\"http:\/\/buscatextual.cnpq.br\/buscatextual\/visualizacv.do?id=K4700526E7\" target=\"_blank\" rel=\"noopener noreferrer\">Lattes<\/a><\/p>\n<p>chmsouza@uenf.br<\/p>\n<p>(22) 2739-7179<\/p>\n<p>&nbsp;<\/p>\n<p><strong>Qu\u00edmica<\/strong><\/p>\n<p><em>Rosana Aparecida Giacomini<\/em> &#8211; <a href=\"http:\/\/buscatextual.cnpq.br\/buscatextual\/visualizacv.do?id=K4727950Y1\" target=\"_blank\" rel=\"noopener noreferrer\">Lattes<\/a><\/p>\n<p>rosanag@uenf.br<\/p>\n<p>22-2748-6506<\/p>\n<p>&nbsp;<\/p>\n<p><strong>Representantes dos Professores Supervisores<\/strong><\/p>\n<p><em><a href=\"https:\/\/uenf.br\/graduacao\/pibid\/wp-content\/uploads\/sites\/13\/2014\/10\/rosa_MARIA_OK.jpg\"><img loading=\"lazy\" decoding=\"async\" class=\"alignleft wp-image-292\" src=\"https:\/\/uenf.br\/graduacao\/pibid\/wp-content\/uploads\/sites\/13\/2014\/10\/rosa_MARIA_OK.jpg\" alt=\"rosa_MARIA_OK\" width=\"96\" height=\"117\" \/><\/a><\/em><strong>Titular<\/strong><\/p>\n<p><em>Rosa Maria de Alvarenga Leandro Oliveira<\/em>\u00a0&#8211; <a href=\"http:\/\/buscatextual.cnpq.br\/buscatextual\/visualizacv.do?id=K4202886Y3\" target=\"_blank\" rel=\"noopener noreferrer\">Lattes<\/a><\/p>\n<p>rosauenf@gmail.com<\/p>\n<p>&nbsp;<\/p>\n<p>&nbsp;<\/p>\n<p><strong><span style=\"text-align: left;color: #326c99;line-height: 15px;text-indent: 0px;letter-spacing: normal;font-family: Tahoma, Geneva, sans-serif;font-size: 11px;font-style: normal;font-variant: normal;float: none;background-color: #ffffff\">\u00a0<a href=\"https:\/\/uenf.br\/graduacao\/pibid\/wp-content\/uploads\/sites\/13\/2014\/10\/josi_OK.jpg\"><img loading=\"lazy\" decoding=\"async\" class=\"alignleft wp-image-303\" src=\"https:\/\/uenf.br\/graduacao\/pibid\/wp-content\/uploads\/sites\/13\/2014\/10\/josi_OK.jpg\" alt=\"josi_OK\" width=\"107\" height=\"110\" srcset=\"https:\/\/uenf.br\/graduacao\/pibid\/wp-content\/uploads\/sites\/13\/2014\/10\/josi_OK.jpg 1716w, https:\/\/uenf.br\/graduacao\/pibid\/wp-content\/uploads\/sites\/13\/2014\/10\/josi_OK-293x300.jpg 293w, https:\/\/uenf.br\/graduacao\/pibid\/wp-content\/uploads\/sites\/13\/2014\/10\/josi_OK-768x787.jpg 768w, https:\/\/uenf.br\/graduacao\/pibid\/wp-content\/uploads\/sites\/13\/2014\/10\/josi_OK-1000x1024.jpg 1000w\" sizes=\"auto, (max-width: 107px) 100vw, 107px\" \/><\/a><\/span>Suplente<\/strong><\/p>\n<p><em>Josimary dos Santos Cordeiro Soares<\/em> &#8211; <a href=\"http:\/\/buscatextual.cnpq.br\/buscatextual\/visualizacv.do?id=K4385536Z5\" target=\"_blank\" rel=\"noopener noreferrer\">Lattes<\/a><\/p>\n<p>josimarysc@yahoo.com.br<\/p>\n<p>&nbsp;<\/p>\n<p>&nbsp;<\/p>\n<p><strong>Segundo suplente<\/strong><\/p>\n<p><em>Frederico Corr\u00eaa dos Santos<\/em> &#8211; <a href=\"http:\/\/buscatextual.cnpq.br\/buscatextual\/visualizacv.do?id=K4421306A6\" target=\"_blank\" rel=\"noopener noreferrer\">Lattes<\/a><\/p>\n<p>fredsantos1985@hotmail.com<\/p>\n<p>&nbsp;<\/p>\n<p><strong>Representantes dos Estudantes<\/strong><\/p>\n<p><strong>Titular<\/strong><\/p>\n<p><em>Fab\u00edola Teixeira Rocha<\/em><\/p>\n<p>rochafabiolam@gmail.com<\/p>\n<p>&nbsp;<\/p>\n<p><strong>Suplente<\/strong><\/p>\n<p><em>Kariny de Souza Tripari<\/em><\/p>\n<p>kariny.tripari@gmail.com<\/p>\n<p>&nbsp;<\/p>\n","protected":false},"excerpt":{"rendered":"<p>Comiss\u00e3o de Acompanhamento do Pibid &nbsp; Coordenadora Institucional Eliana Crispim Fran\u00e7a Luquetti &#8211; Lattes elina@uenf.br 22-2739-7296 &nbsp; Coordenadores de \u00c1rea&#8230;<\/p>\n","protected":false},"author":5,"featured_media":0,"parent":2,"menu_order":4,"comment_status":"open","ping_status":"closed","template":"","meta":{"footnotes":""},"class_list":["post-285","page","type-page","status-publish","hentry"],"_links":{"self":[{"href":"https:\/\/uenf.br\/graduacao\/pibid\/wp-json\/wp\/v2\/pages\/285","targetHints":{"allow":["GET"]}}],"collection":[{"href":"https:\/\/uenf.br\/graduacao\/pibid\/wp-json\/wp\/v2\/pages"}],"about":[{"href":"https:\/\/uenf.br\/graduacao\/pibid\/wp-json\/wp\/v2\/types\/page"}],"author":[{"embeddable":true,"href":"https:\/\/uenf.br\/graduacao\/pibid\/wp-json\/wp\/v2\/users\/5"}],"replies":[{"embeddable":true,"href":"https:\/\/uenf.br\/graduacao\/pibid\/wp-json\/wp\/v2\/comments?post=285"}],"version-history":[{"count":0,"href":"https:\/\/uenf.br\/graduacao\/pibid\/wp-json\/wp\/v2\/pages\/285\/revisions"}],"up":[{"embeddable":true,"href":"https:\/\/uenf.br\/graduacao\/pibid\/wp-json\/wp\/v2\/pages\/2"}],"wp:attachment":[{"href":"https:\/\/uenf.br\/graduacao\/pibid\/wp-json\/wp\/v2\/media?parent=285"}],"curies":[{"name":"wp","href":"https:\/\/api.w.org\/{rel}","templated":true}]}}