{"id":378,"date":"2015-03-13T17:23:07","date_gmt":"2015-03-13T20:23:07","guid":{"rendered":"https:\/\/uenf.br\/graduacao\/pibid\/?page_id=378"},"modified":"2019-08-28T10:09:48","modified_gmt":"2019-08-28T13:09:48","slug":"livro-pibid","status":"publish","type":"page","link":"https:\/\/uenf.br\/graduacao\/pibid\/livro-pibid\/","title":{"rendered":"Livro Pibid"},"content":{"rendered":"<h2 style=\"text-align: center\"><span style=\"color: #00ccff\"><strong>LIVRO 1<\/strong><\/span><\/h2>\n<p style=\"text-align: center\"><a href=\"https:\/\/uenf.br\/graduacao\/pibid\/wp-content\/uploads\/sites\/13\/2015\/03\/A\u00e7\u00f5es-Investigativas-na-Forma\u00e7\u00e3o-de-Professores.pdf\">A\u00e7\u00f5es Investigativas na Forma\u00e7\u00e3o de Professores: Experi\u00eancias do PIBID\/UENF<\/a><\/p>\n<p>&nbsp;<\/p>\n<hr \/>\n<h2 style=\"text-align: center\"><span style=\"color: #00ccff\"><strong>LIVRO 2<\/strong><\/span><\/h2>\n<p style=\"text-align: center\"><a href=\"https:\/\/uenf.br\/graduacao\/pibid\/wp-content\/uploads\/sites\/13\/2018\/03\/eBook-PIBID-2018-A\u00e7\u00f5es-interdisciplinares.pdf\">A\u00e7\u00f5es interdisciplinares do PIBID\/UENF: Os desdobramentos na forma\u00e7\u00e3o docente<\/a><\/p>\n","protected":false},"excerpt":{"rendered":"<p>LIVRO 1 A\u00e7\u00f5es Investigativas na Forma\u00e7\u00e3o de Professores: Experi\u00eancias do PIBID\/UENF &nbsp; LIVRO 2 A\u00e7\u00f5es interdisciplinares do PIBID\/UENF: Os desdobramentos&#8230;<\/p>\n","protected":false},"author":5,"featured_media":0,"parent":0,"menu_order":0,"comment_status":"open","ping_status":"closed","template":"","meta":{"footnotes":""},"class_list":["post-378","page","type-page","status-publish","hentry"],"_links":{"self":[{"href":"https:\/\/uenf.br\/graduacao\/pibid\/wp-json\/wp\/v2\/pages\/378","targetHints":{"allow":["GET"]}}],"collection":[{"href":"https:\/\/uenf.br\/graduacao\/pibid\/wp-json\/wp\/v2\/pages"}],"about":[{"href":"https:\/\/uenf.br\/graduacao\/pibid\/wp-json\/wp\/v2\/types\/page"}],"author":[{"embeddable":true,"href":"https:\/\/uenf.br\/graduacao\/pibid\/wp-json\/wp\/v2\/users\/5"}],"replies":[{"embeddable":true,"href":"https:\/\/uenf.br\/graduacao\/pibid\/wp-json\/wp\/v2\/comments?post=378"}],"version-history":[{"count":0,"href":"https:\/\/uenf.br\/graduacao\/pibid\/wp-json\/wp\/v2\/pages\/378\/revisions"}],"wp:attachment":[{"href":"https:\/\/uenf.br\/graduacao\/pibid\/wp-json\/wp\/v2\/media?parent=378"}],"curies":[{"name":"wp","href":"https:\/\/api.w.org\/{rel}","templated":true}]}}