{"id":47,"date":"2014-09-12T19:10:03","date_gmt":"2014-09-12T22:10:03","guid":{"rendered":"https:\/\/uenf.br\/graduacao\/pibid\/?page_id=47"},"modified":"2019-08-28T10:10:19","modified_gmt":"2019-08-28T13:10:19","slug":"formularios-para-coordenadores","status":"publish","type":"page","link":"https:\/\/uenf.br\/graduacao\/pibid\/formularios\/formularios-para-coordenadores\/","title":{"rendered":"Coordenadores"},"content":{"rendered":"<p><a href=\"https:\/\/uenf.br\/graduacao\/pibid\/wp-content\/uploads\/sites\/13\/2014\/09\/Formul\u00e1rio-PIBID-Exclus\u00e3o1.doc\">Formul\u00e1rio PIBID Exclus\u00e3o<\/a><\/p>\n<p><a href=\"https:\/\/uenf.br\/graduacao\/pibid\/wp-content\/uploads\/sites\/13\/2014\/09\/Formul\u00e1rio-PIBID-Inclus\u00e3o.doc\">Formul\u00e1rio PIBID Inclus\u00e3o<\/a><\/p>\n<p><a href=\"https:\/\/uenf.br\/graduacao\/pibid\/wp-content\/uploads\/sites\/13\/2014\/06\/Termo_compromisso_coordenador_area.doc\">Termo de compromisso do coordenador<\/a><\/p>\n<p><a href=\"https:\/\/uenf.br\/graduacao\/pibid\/wp-content\/uploads\/sites\/13\/2014\/09\/Relat\u00f3rio-Coordena\u00e7\u00e3o-de-\u00c1rea-Pibid.doc\">Relat\u00f3rio Coordena\u00e7\u00e3o de \u00c1rea Pibid<\/a><\/p>\n<p>&nbsp;<\/p>\n","protected":false},"excerpt":{"rendered":"<p>Formul\u00e1rio PIBID Exclus\u00e3o Formul\u00e1rio PIBID Inclus\u00e3o Termo de compromisso do coordenador Relat\u00f3rio Coordena\u00e7\u00e3o de \u00c1rea Pibid &nbsp;<\/p>\n","protected":false},"author":5,"featured_media":0,"parent":18,"menu_order":0,"comment_status":"open","ping_status":"closed","template":"","meta":{"footnotes":""},"class_list":["post-47","page","type-page","status-publish","hentry"],"_links":{"self":[{"href":"https:\/\/uenf.br\/graduacao\/pibid\/wp-json\/wp\/v2\/pages\/47","targetHints":{"allow":["GET"]}}],"collection":[{"href":"https:\/\/uenf.br\/graduacao\/pibid\/wp-json\/wp\/v2\/pages"}],"about":[{"href":"https:\/\/uenf.br\/graduacao\/pibid\/wp-json\/wp\/v2\/types\/page"}],"author":[{"embeddable":true,"href":"https:\/\/uenf.br\/graduacao\/pibid\/wp-json\/wp\/v2\/users\/5"}],"replies":[{"embeddable":true,"href":"https:\/\/uenf.br\/graduacao\/pibid\/wp-json\/wp\/v2\/comments?post=47"}],"version-history":[{"count":0,"href":"https:\/\/uenf.br\/graduacao\/pibid\/wp-json\/wp\/v2\/pages\/47\/revisions"}],"up":[{"embeddable":true,"href":"https:\/\/uenf.br\/graduacao\/pibid\/wp-json\/wp\/v2\/pages\/18"}],"wp:attachment":[{"href":"https:\/\/uenf.br\/graduacao\/pibid\/wp-json\/wp\/v2\/media?parent=47"}],"curies":[{"name":"wp","href":"https:\/\/api.w.org\/{rel}","templated":true}]}}