{"id":2,"date":"2025-01-30T10:00:21","date_gmt":"2025-01-30T13:00:21","guid":{"rendered":"https:\/\/uenf.br\/graduacao\/zootecnia\/?page_id=2"},"modified":"2025-03-24T10:49:07","modified_gmt":"2025-03-24T13:49:07","slug":"apresentacao","status":"publish","type":"page","link":"https:\/\/uenf.br\/graduacao\/zootecnia\/","title":{"rendered":"Apresenta\u00e7\u00e3o"},"content":{"rendered":"<p>O curso de gradua\u00e7\u00e3o em Zootecnia da Universidade Estadual do Norte Fluminense Darcy Ribeiro (UENF) \u00e9 reconhecido como um dos melhores do Brasil, atualmente com nota 4 no Conceito Preliminar de Curso (CPC) do Minist\u00e9rio da Educa\u00e7\u00e3o.<\/p>\n<p>A UENF, fundada em 1993, destaca-se como uma institui\u00e7\u00e3o de excel\u00eancia acad\u00eamica, figurando entre as 100 melhores universidades da Am\u00e9rica Latina. O curso de Zootecnia, oferecido pelo Centro de Ci\u00eancias e Tecnologias Agropecu\u00e1rias (CCTA), beneficia-se da infraestrutura moderna e bem equipada da universidade, incluindo laborat\u00f3rios de ponta, Unidade de Apoio \u00e0 Pesquisa em Zootecnia, setor de transporte, centro de conven\u00e7\u00f5es, restaurante universit\u00e1rio, atividades esportivas, Hospital Veterin\u00e1rio e etc.<\/p>\n<p><img loading=\"lazy\" decoding=\"async\" class=\"alignleft size-medium wp-image-98\" src=\"https:\/\/uenf.br\/graduacao\/zootecnia\/wp-content\/uploads\/sites\/20\/2025\/03\/WhatsApp-Image-2025-03-24-at-10.16.59-300x225.jpeg\" alt=\"\" width=\"300\" height=\"225\" srcset=\"https:\/\/uenf.br\/graduacao\/zootecnia\/wp-content\/uploads\/sites\/20\/2025\/03\/WhatsApp-Image-2025-03-24-at-10.16.59-300x225.jpeg 300w, https:\/\/uenf.br\/graduacao\/zootecnia\/wp-content\/uploads\/sites\/20\/2025\/03\/WhatsApp-Image-2025-03-24-at-10.16.59-1024x768.jpeg 1024w, https:\/\/uenf.br\/graduacao\/zootecnia\/wp-content\/uploads\/sites\/20\/2025\/03\/WhatsApp-Image-2025-03-24-at-10.16.59-768x576.jpeg 768w, https:\/\/uenf.br\/graduacao\/zootecnia\/wp-content\/uploads\/sites\/20\/2025\/03\/WhatsApp-Image-2025-03-24-at-10.16.59-1536x1152.jpeg 1536w, https:\/\/uenf.br\/graduacao\/zootecnia\/wp-content\/uploads\/sites\/20\/2025\/03\/WhatsApp-Image-2025-03-24-at-10.16.59.jpeg 1600w\" sizes=\"auto, (max-width: 300px) 100vw, 300px\" \/><\/p>\n<p>O corpo docente do curso \u00e9 composto integralmente por professores Doutores, refletindo o compromisso da UENF com a qualidade do ensino, da pesquisa e extens\u00e3o. Essa caracter\u00edstica contribui de forma significativa para a forma\u00e7\u00e3o de profissionais altamente qualificados e para o desenvolvimento de pesquisas inovadoras na \u00e1rea de Zootecnia.<\/p>\n<p>O curr\u00edculo do curso \u00e9 abrangente, cobrindo \u00e1reas essenciais como morfologia, fisiologia, nutri\u00e7\u00e3o e melhoramento gen\u00e9tico animal, forma\u00e7\u00e3o e manejo de pastagens e outros alimentos para os rebanhos. Todas essas \u00e1reas citadas comp\u00f5em a ci\u00eancia da produ\u00e7\u00e3o animal. Al\u00e9m disso, abrange tamb\u00e9m a gest\u00e3o agropecu\u00e1ria atrav\u00e9s da elabora\u00e7\u00e3o e avalia\u00e7\u00e3o econ\u00f4mica de projetos de implanta\u00e7\u00e3o ou moderniza\u00e7\u00e3o de sistemas de produ\u00e7\u00e3o animal e a escritura\u00e7\u00e3o zoot\u00e9cnica dos rebanhos. Outras \u00e1reas de grande relev\u00e2ncia, principalmente devido ao atual cen\u00e1rio clim\u00e1tico mundial s\u00e3o a Bioclimatologia Animal e Ambi\u00eancia e a gest\u00e3o de estercos produzidos pelos animais. Em Bioclimatologia Animal e Ambi\u00eancia o profissional se preocupa em atender \u00e0s necessidades t\u00e9rmicas dos animais dom\u00e9sticos e ou silvestres criados em cativeiro, elaborando projetos para a constru\u00e7\u00e3o ou adapta\u00e7\u00e3o de instala\u00e7\u00f5es zoot\u00e9cnicas. Quanto \u00e0 destina\u00e7\u00e3o do esterco produzido nos criat\u00f3rios, o <a href=\"https:\/\/uenf.br\/graduacao\/zootecnia\/remuneracao-do-zootecnista\/\">Zootecnista<\/a> ir\u00e1 utilizar c\u00e1lculos matem\u00e1ticos elaborados para se u uso em lavouras ou pastagens, na dose necess\u00e1ria para a substitui\u00e7\u00e3o dos adubos qu\u00edmicos na nutri\u00e7\u00e3o das plantas. Isso significa sustentabilidade e prote\u00e7\u00e3o do meio ambiente.<\/p>\n<p>&nbsp;<\/p>\n<p>Al\u00e9m das aulas te\u00f3ricas, os alunos t\u00eam acesso a diversas atividades pr\u00e1ticas, est\u00e1gios e projetos de pesquisa, proporcionando uma forma\u00e7\u00e3o completa e alinhada \u00e0s demandas do mercado de trabalho. A UENF tamb\u00e9m oferece programas de bolsas e apoio estudantil, facilitando a perman\u00eancia e o desenvolvimento acad\u00eamico dos estudantes. Ademais, a universidade promove uma forte integra\u00e7\u00e3o entre ensino, pesquisa e extens\u00e3o, permitindo que os alunos de Zootecnia e os demais cursos participem de projetos inovadores e tenham contato direto com o setor produtivo.<\/p>\n<p>A excel\u00eancia do curso de Zootecnia da UENF \u00e9 reconhecida nacionalmente. Em avalia\u00e7\u00f5es anteriores do ENADE (Exame Nacional de Desempenho dos Estudantes), o curso j\u00e1 obteve nota m\u00e1xima, consolidando sua posi\u00e7\u00e3o entre os melhores do pa\u00eds. O compromisso com a qualidade e a inova\u00e7\u00e3o faz do curso de Zootecnia da UENF uma escolha de destaque para estudantes que buscam uma forma\u00e7\u00e3o s\u00f3lida e oportunidades promissoras no campo da produ\u00e7\u00e3o animal e do agroneg\u00f3cio.<\/p>\n","protected":false},"excerpt":{"rendered":"<p>O curso de gradua\u00e7\u00e3o em Zootecnia da Universidade Estadual do Norte Fluminense Darcy Ribeiro (UENF) \u00e9 reconhecido como um dos&#8230;<\/p>\n","protected":false},"author":23,"featured_media":0,"parent":0,"menu_order":10,"comment_status":"closed","ping_status":"closed","template":"","meta":{"footnotes":""},"class_list":["post-2","page","type-page","status-publish","hentry"],"_links":{"self":[{"href":"https:\/\/uenf.br\/graduacao\/zootecnia\/wp-json\/wp\/v2\/pages\/2","targetHints":{"allow":["GET"]}}],"collection":[{"href":"https:\/\/uenf.br\/graduacao\/zootecnia\/wp-json\/wp\/v2\/pages"}],"about":[{"href":"https:\/\/uenf.br\/graduacao\/zootecnia\/wp-json\/wp\/v2\/types\/page"}],"author":[{"embeddable":true,"href":"https:\/\/uenf.br\/graduacao\/zootecnia\/wp-json\/wp\/v2\/users\/23"}],"replies":[{"embeddable":true,"href":"https:\/\/uenf.br\/graduacao\/zootecnia\/wp-json\/wp\/v2\/comments?post=2"}],"version-history":[{"count":0,"href":"https:\/\/uenf.br\/graduacao\/zootecnia\/wp-json\/wp\/v2\/pages\/2\/revisions"}],"wp:attachment":[{"href":"https:\/\/uenf.br\/graduacao\/zootecnia\/wp-json\/wp\/v2\/media?parent=2"}],"curies":[{"name":"wp","href":"https:\/\/api.w.org\/{rel}","templated":true}]}}