{"id":29,"date":"2025-01-28T11:38:33","date_gmt":"2025-01-28T14:38:33","guid":{"rendered":"https:\/\/uenf.br\/graduacao\/zootecnia\/?page_id=29"},"modified":"2025-03-24T11:17:32","modified_gmt":"2025-03-24T14:17:32","slug":"o-zootecnista-e-suas-atribuicoes","status":"publish","type":"page","link":"https:\/\/uenf.br\/graduacao\/zootecnia\/o-zootecnista-e-suas-atribuicoes\/","title":{"rendered":"O Zootecnista e suas Atribui\u00e7\u00f5es"},"content":{"rendered":"<p><strong>O Zootecnista \u00e9 um profissional especializado na produ\u00e7\u00e3o animal e aplica seus conhecimentos cient\u00edficos e t\u00e9cnicos para solucionar problemas e otimizar processos produtivos em sua \u00e1rea de atua\u00e7\u00e3o.<\/strong><\/p>\n<p>O Zootecnista possui uma ampla gama de atribui\u00e7\u00f5es relacionadas \u00e0 produ\u00e7\u00e3o animal:<\/p>\n<p>Planejamento, dire\u00e7\u00e3o e execu\u00e7\u00e3o de atividades relacionadas \u00e0 cria\u00e7\u00e3o de animais dom\u00e9sticos, selvagens e aqu\u00e1ticos.<\/p>\n<p>Nutri\u00e7\u00e3o animal: desenvolve programas de nutri\u00e7\u00e3o, formula ra\u00e7\u00f5es ou dietas balanceadas, visando o aumento da produtividade e o bem-estar animal.<\/p>\n<p>Melhoramento gen\u00e9tico: atua no desenvolvimento de programas de melhoramento gen\u00e9tico para aumentar a produtividade e a qualidade dos produtos de origem animal.<\/p>\n<p>Bem-estar animal: promove pr\u00e1ticas que garantam o bem-estar dos animais, seguindo as Cinco Liberdades estabelecidas pelo Farm Animal Welfare Council.<\/p>\n<p>Sustentabilidade: trabalha para garantir a sustentabilidade da produ\u00e7\u00e3o animal, considerando aspectos ambientais e econ\u00f4micos, tais como o aproveitamento de estercos e outros materiais que servem como adubo org\u00e2nico e tamb\u00e9m a implanta\u00e7\u00e3o de sistemas de Integra\u00e7\u00e3o entre lavoura pecu\u00e1ria e floresta (ILPF).<\/p>\n<p>Planejamento e execu\u00e7\u00e3o de projetos: \u00e9 respons\u00e1vel por planejar e executar projetos nas \u00e1reas de produ\u00e7\u00e3o animal.<\/p>\n<p>Gest\u00e3o de recursos: trabalha para otimizar o uso de recursos em propriedades rurais e nas cadeias produtivas de prote\u00ednas de origem animal.<\/p>\n<p>Aplica\u00e7\u00e3o de tecnologia: utiliza tecnologias avan\u00e7adas para melhorar a efici\u00eancia dos sistemas de produ\u00e7\u00e3o.<\/p>\n<p>Pesquisa e desenvolvimento: trabalha em atividades de pesquisa e desenvolvimento para inovar em seu campo de atua\u00e7\u00e3o.<\/p>\n<p>Em suma, o <a href=\"https:\/\/uenf.br\/graduacao\/zootecnia\/\">zootecnista<\/a> pode ser considerado um &#8220;engenheiro da produ\u00e7\u00e3o animal&#8221;, aplicando princ\u00edpios cient\u00edficos e t\u00e9cnicos para otimizar a cria\u00e7\u00e3o e o manejo de animais, assim como um engenheiro aplica seus conhecimentos para resolver problemas e melhorar processos em sua \u00e1rea de atua\u00e7\u00e3o.<\/p>\n<p><a href=\"https:\/\/uenf.br\/graduacao\/zootecnia\/remuneracao-do-zootecnista\/\">Veja a tabela de remunera\u00e7\u00e3o<\/a><\/p>\n","protected":false},"excerpt":{"rendered":"<p>O Zootecnista \u00e9 um profissional especializado na produ\u00e7\u00e3o animal e aplica seus conhecimentos cient\u00edficos e t\u00e9cnicos para solucionar problemas e&#8230;<\/p>\n","protected":false},"author":39,"featured_media":0,"parent":0,"menu_order":20,"comment_status":"closed","ping_status":"closed","template":"","meta":{"footnotes":""},"class_list":["post-29","page","type-page","status-publish","hentry"],"_links":{"self":[{"href":"https:\/\/uenf.br\/graduacao\/zootecnia\/wp-json\/wp\/v2\/pages\/29","targetHints":{"allow":["GET"]}}],"collection":[{"href":"https:\/\/uenf.br\/graduacao\/zootecnia\/wp-json\/wp\/v2\/pages"}],"about":[{"href":"https:\/\/uenf.br\/graduacao\/zootecnia\/wp-json\/wp\/v2\/types\/page"}],"author":[{"embeddable":true,"href":"https:\/\/uenf.br\/graduacao\/zootecnia\/wp-json\/wp\/v2\/users\/39"}],"replies":[{"embeddable":true,"href":"https:\/\/uenf.br\/graduacao\/zootecnia\/wp-json\/wp\/v2\/comments?post=29"}],"version-history":[{"count":0,"href":"https:\/\/uenf.br\/graduacao\/zootecnia\/wp-json\/wp\/v2\/pages\/29\/revisions"}],"wp:attachment":[{"href":"https:\/\/uenf.br\/graduacao\/zootecnia\/wp-json\/wp\/v2\/media?parent=29"}],"curies":[{"name":"wp","href":"https:\/\/api.w.org\/{rel}","templated":true}]}}