{"id":45,"date":"2025-01-30T10:34:01","date_gmt":"2025-01-30T13:34:01","guid":{"rendered":"https:\/\/uenf.br\/graduacao\/zootecnia\/?page_id=45"},"modified":"2025-02-04T16:27:55","modified_gmt":"2025-02-04T19:27:55","slug":"remuneracao-do-zootecnista","status":"publish","type":"page","link":"https:\/\/uenf.br\/graduacao\/zootecnia\/remuneracao-do-zootecnista\/","title":{"rendered":"Remunera\u00e7\u00e3o do Zootecnista"},"content":{"rendered":"<h2 class=\"hover:duration-80 duration-800 mb-2 mt-6 w-fit cursor-pointer text-lg underline decoration-super\/50 decoration-1 underline-offset-[3px] transition-all first:mt-3 hover:text-super hover:decoration-super\/80 hover:underline-offset-[5px] motion-reduce:transition-none dark:decoration-superDark\/35 dark:hover:text-superDark dark:hover:decoration-superDark\/80\" data-state=\"closed\">Remunera\u00e7\u00e3o do Zootecnista no Brasil<\/h2>\n<p><span class=\"\">O Zootecnista \u00e9 fundamental para o desenvolvimento da pecu\u00e1ria e da produ\u00e7\u00e3o animal no Brasil. As <a href=\"https:\/\/uenf.br\/graduacao\/zootecnia\/o-zootecnista-e-suas-atribuicoes\/\">atribui\u00e7\u00f5es<\/a><\/span><span class=\"\"> do Zootecnista permitem ao profissional atuar em fazendas e criat\u00f3rios diversos, ind\u00fastria de alimentos para os animais dom\u00e9sticos, cadeia produtiva de alimentos de origem animal, zool\u00f3gicos e parques naturais, entre outros setores ligados \u00e0 \u00e1rea. A remunera\u00e7\u00e3o desses profissionais varia significativamente conforme a regi\u00e3o, setor de atua\u00e7\u00e3o e n\u00edvel de experi\u00eancia.<\/span><\/p>\n<h2 class=\"hover:duration-80 duration-800 mb-2 mt-6 w-fit cursor-pointer text-lg underline decoration-super\/50 decoration-1 underline-offset-[3px] transition-all first:mt-3 hover:text-super hover:decoration-super\/80 hover:underline-offset-[5px] motion-reduce:transition-none dark:decoration-superDark\/35 dark:hover:text-superDark dark:hover:decoration-superDark\/80\" data-state=\"closed\">Sal\u00e1rio M\u00e9dio<\/h2>\n<p><span class=\"\">De acordo com as informa\u00e7\u00f5es mais recentes, o sal\u00e1rio m\u00e9dio de um Zootecnista no Brasil \u00e9 de aproximadamente R$ 2.828,55<\/span><span class=\"\"><span class=\"whitespace-nowrap\"><a class=\" mr-[2px] citation ml-xs inline\" href=\"https:\/\/querobolsa.com.br\/cursos-e-faculdades\/zootecnia\/quanto-ganha-zootecnista-salario\" target=\"_blank\" rel=\"nofollow noopener\" data-state=\"closed\" aria-label=\"Quanto ganha um Zootecnista? Sal\u00e1rio atualizado em 2025\"><span class=\"relative align-middle undefined -top-px default font-sans text-base text-textMain dark:text-textMainDark selection:bg-super\/50 selection:text-textMain dark:selection:bg-superDuper\/10 dark:selection:text-superDark\"><span class=\"hover:bg-super dark:hover:bg-superDark dark:hover:text-backgroundDark min-w-[1rem] rounded-[0.3125rem] px-[0.3rem] text-center align-middle font-mono text-[0.6rem] tabular-nums hover:text-white py-[0.1875rem] border-borderMain\/50 ring-borderMain\/50 divide-borderMain\/50 dark:divide-borderMainDark\/50 dark:ring-borderMainDark\/50 dark:border-borderMainDark\/50 bg-offsetPlus dark:bg-offsetPlusDark\">1<\/span><\/span><\/a>.<\/span><\/span><span class=\"\"> No entanto, essa m\u00e9dia pode variar bastante dependendo da especializa\u00e7\u00e3o e do local de trabalho, podendo chegar at\u00e9 a R$ 8.264,89. Por\u00e9m, isso \u00e9 uma m\u00e9dia e em algumas \u00e1reas, como a ind\u00fastria aliment\u00edcia e consultoria, os sal\u00e1rios podem ser ainda mais altos.<\/span><\/p>\n<h2 class=\"hover:duration-80 duration-800 mb-2 mt-6 w-fit cursor-pointer text-lg underline decoration-super\/50 decoration-1 underline-offset-[3px] transition-all first:mt-3 hover:text-super hover:decoration-super\/80 hover:underline-offset-[5px] motion-reduce:transition-none dark:decoration-superDark\/35 dark:hover:text-superDark dark:hover:decoration-superDark\/80\" data-state=\"closed\">Tabela de Remunera\u00e7\u00e3o por \u00c1rea de Atua\u00e7\u00e3o<\/h2>\n<p><span class=\"\">A tabela abaixo apresenta uma vis\u00e3o geral dos sal\u00e1rios m\u00e9dios de um Zootecnista conforme a \u00e1rea em que atua:<\/span><\/p>\n<div class=\"w-full overflow-x-auto md:max-w-[90vw] border-borderMain\/50 ring-borderMain\/50 divide-borderMain\/50 dark:divide-borderMainDark\/50 dark:ring-borderMainDark\/50 dark:border-borderMainDark\/50 bg-transparent\">\n<table class=\"border-borderMain dark:border-borderMainDark my-[1em] w-full table-auto border\">\n<thead class=\"bg-offset dark:bg-offsetDark\">\n<tr>\n<th class=\"px-sm py-sm break-normal align-top\"><strong>\u00c1rea de Atua\u00e7\u00e3o<\/strong><\/th>\n<th class=\"px-sm py-sm break-normal align-top\"><strong>Sal\u00e1rio M\u00e9dio (R$)<\/strong><\/th>\n<\/tr>\n<\/thead>\n<tbody>\n<tr>\n<td class=\"border-borderMain px-sm dark:border-borderMainDark min-w-[48px] break-normal border\">Ind\u00fastria (produtos animais)<\/td>\n<td class=\"border-borderMain px-sm dark:border-borderMainDark min-w-[48px] break-normal border\">R$ 7.000 &#8211; R$ 15.000<\/td>\n<\/tr>\n<tr>\n<td class=\"border-borderMain px-sm dark:border-borderMainDark min-w-[48px] break-normal border\">Consultoria<\/td>\n<td class=\"border-borderMain px-sm dark:border-borderMainDark min-w-[48px] break-normal border\">R$ 10.000 por projeto<\/td>\n<\/tr>\n<tr>\n<td class=\"border-borderMain px-sm dark:border-borderMainDark min-w-[48px] break-normal border\">Setor P\u00fablico<\/td>\n<td class=\"border-borderMain px-sm dark:border-borderMainDark min-w-[48px] break-normal border\">R$ 1.700 &#8211; R$ 12.539<\/td>\n<\/tr>\n<tr>\n<td class=\"border-borderMain px-sm dark:border-borderMainDark min-w-[48px] break-normal border\">Ensino e Pesquisa<\/td>\n<td class=\"border-borderMain px-sm dark:border-borderMainDark min-w-[48px] break-normal border\">R$ 2.130 &#8211; R$ 8.422<\/td>\n<\/tr>\n<tr>\n<td class=\"border-borderMain px-sm dark:border-borderMainDark min-w-[48px] break-normal border\">Pecu\u00e1ria (geral)<\/td>\n<td class=\"border-borderMain px-sm dark:border-borderMainDark min-w-[48px] break-normal border\">R$ 4.907,92<\/td>\n<\/tr>\n<\/tbody>\n<\/table>\n<div class=\"py-xs -mt-[0.5em] flex justify-end\">\n<div>\n<div class=\"flex items-center min-w-0 justify-center gap-xs\"><\/div>\n<\/div>\n<\/div>\n<\/div>\n<h2 class=\"hover:duration-80 duration-800 mb-2 mt-6 w-fit cursor-pointer text-lg underline decoration-super\/50 decoration-1 underline-offset-[3px] transition-all first:mt-3 hover:text-super hover:decoration-super\/80 hover:underline-offset-[5px] motion-reduce:transition-none dark:decoration-superDark\/35 dark:hover:text-superDark dark:hover:decoration-superDark\/80\" data-state=\"closed\">Considera\u00e7\u00f5es sobre a Remunera\u00e7\u00e3o<\/h2>\n<ol class=\"marker:text-textOff list-decimal pl-8\">\n<li><span class=\"\"><span class=\"hover:duration-80 duration-800 cursor-pointer underline decoration-super\/50 decoration-1 underline-offset-[2px] transition-all first:mt-3 hover:text-super hover:decoration-super\/80 hover:underline-offset-[5px] motion-reduce:transition-none dark:decoration-superDark\/35 dark:hover:text-superDark dark:hover:decoration-superDark\/80\" data-state=\"closed\"><strong>Ind\u00fastria<\/strong><\/span>: Os Zootecnistas que trabalham em ind\u00fastrias ligadas \u00e0 produ\u00e7\u00e3o animal geralmente recebem os melhores sal\u00e1rios, com valores que podem ultrapassar R$ 15.000 em cargos de gest\u00e3o.<\/span><\/li>\n<li><span class=\"\"><span class=\"hover:duration-80 duration-800 cursor-pointer underline decoration-super\/50 decoration-1 underline-offset-[2px] transition-all first:mt-3 hover:text-super hover:decoration-super\/80 hover:underline-offset-[5px] motion-reduce:transition-none dark:decoration-superDark\/35 dark:hover:text-superDark dark:hover:decoration-superDark\/80\" data-state=\"closed\"><strong>Consultoria<\/strong><\/span>: Profissionais aut\u00f4nomos ou contratados para consultorias podem ter ganhos significativos, especialmente quando prestam servi\u00e7os para grandes organiza\u00e7\u00f5es internacionais.<\/span><\/li>\n<li><span class=\"\"><span class=\"hover:duration-80 duration-800 cursor-pointer underline decoration-super\/50 decoration-1 underline-offset-[2px] transition-all first:mt-3 hover:text-super hover:decoration-super\/80 hover:underline-offset-[5px] motion-reduce:transition-none dark:decoration-superDark\/35 dark:hover:text-superDark dark:hover:decoration-superDark\/80\" data-state=\"closed\"><strong>Setor P\u00fablico<\/strong><\/span>: A remunera\u00e7\u00e3o varia bastante, dependendo do porte da institui\u00e7\u00e3o p\u00fablica e da forma\u00e7\u00e3o do profissional.<\/span><\/li>\n<li><span class=\"\"><span class=\"hover:duration-80 duration-800 cursor-pointer underline decoration-super\/50 decoration-1 underline-offset-[2px] transition-all first:mt-3 hover:text-super hover:decoration-super\/80 hover:underline-offset-[5px] motion-reduce:transition-none dark:decoration-superDark\/35 dark:hover:text-superDark dark:hover:decoration-superDark\/80\" data-state=\"closed\"><strong>Ensino e Pesquisa<\/strong><\/span>: Os sal\u00e1rios para professores universit\u00e1rios e pesquisadores tamb\u00e9m variam amplamente, com oportunidades em institui\u00e7\u00f5es p\u00fablicas frequentemente oferecendo melhores remunera\u00e7\u00f5es.<\/span><\/li>\n<li><span class=\"\"><span class=\"hover:duration-80 duration-800 cursor-pointer underline decoration-super\/50 decoration-1 underline-offset-[2px] transition-all first:mt-3 hover:text-super hover:decoration-super\/80 hover:underline-offset-[5px] motion-reduce:transition-none dark:decoration-superDark\/35 dark:hover:text-superDark dark:hover:decoration-superDark\/80\" data-state=\"closed\"><strong>Piso Salarial<\/strong><\/span>: Recentemente, o Senado aprovou um projeto que estabelece o piso salarial para Zootecnistas em seis sal\u00e1rios m\u00ednimos, equivalente a aproximadamente R$ 8.472,00<a class=\"citation ml-xs inline\" href=\"https:\/\/www.metropoles.com\/brasil\/senado-aprova-piso-salarial-de-seis-salarios-minimos-para-zootecnistas\" target=\"_blank\" rel=\"nofollow noopener\" data-state=\"closed\" aria-label=\"Senado aprova piso salarial de seis sal\u00e1rios m\u00ednimos para ...\"><span class=\"relative align-middle undefined -top-px default font-sans text-base text-textMain dark:text-textMainDark selection:bg-super\/50 selection:text-textMain dark:selection:bg-superDuper\/10 dark:selection:text-superDark\"><span class=\"hover:bg-super dark:hover:bg-superDark dark:hover:text-backgroundDark min-w-[1rem] rounded-[0.3125rem] px-[0.3rem] text-center align-middle font-mono text-[0.6rem] tabular-nums hover:text-white py-[0.1875rem] border-borderMain\/50 ring-borderMain\/50 divide-borderMain\/50 dark:divide-borderMainDark\/50 dark:ring-borderMainDark\/50 dark:border-borderMainDark\/50 bg-offsetPlus dark:bg-offsetPlusDark\">5<\/span><\/span><\/a><span class=\"whitespace-nowrap\"><a class=\" mr-[2px] citation ml-xs inline\" href=\"https:\/\/www12.senado.leg.br\/noticias\/materias\/2024\/10\/30\/piso-salarial-dos-zootecnistas-vai-a-camara\" target=\"_blank\" rel=\"nofollow noopener\" data-state=\"closed\" aria-label=\"Piso salarial dos zootecnistas vai \u00e0 C\u00e2mara - Senado Federal\"><span class=\"relative align-middle undefined -top-px default font-sans text-base text-textMain dark:text-textMainDark selection:bg-super\/50 selection:text-textMain dark:selection:bg-superDuper\/10 dark:selection:text-superDark\"><span class=\"hover:bg-super dark:hover:bg-superDark dark:hover:text-backgroundDark min-w-[1rem] rounded-[0.3125rem] px-[0.3rem] text-center align-middle font-mono text-[0.6rem] tabular-nums hover:text-white py-[0.1875rem] border-borderMain\/50 ring-borderMain\/50 divide-borderMain\/50 dark:divide-borderMainDark\/50 dark:ring-borderMainDark\/50 dark:border-borderMainDark\/50 bg-offsetPlus dark:bg-offsetPlusDark\">7<\/span><\/span><\/a>.<\/span><\/span><\/li>\n<\/ol>\n<h2>Refer\u00eancias<\/h2>\n<ol class=\"marker:text-textOff list-decimal pl-8\">\n<li><span class=\"\"><a class=\"break-word hover:text-super hover:decoration-super dark:hover:text-superDark dark:hover:decoration-superDark underline decoration-from-font underline-offset-1 transition-all duration-300\" href=\"https:\/\/querobolsa.com.br\/cursos-e-faculdades\/zootecnia\/quanto-ganha-zootecnista-salario\" target=\"_blank\" rel=\"nofollow noopener\">Quanto ganha um Zootecnista? Sal\u00e1rio atualizado em 2025 &#8211; Quero Bolsa<\/a><\/span><\/li>\n<li><span class=\"\"><a class=\"break-word hover:text-super hover:decoration-super dark:hover:text-superDark dark:hover:decoration-superDark underline decoration-from-font underline-offset-1 transition-all duration-300\" href=\"https:\/\/br.indeed.com\/conselho-de-carreira\/pagamento-salario\/salario-zootecnista\" target=\"_blank\" rel=\"nofollow noopener\">Qual \u00e9 o sal\u00e1rio de zootecnista | Indeed.com Brasil<\/a><\/span><\/li>\n<li><span class=\"\"><a class=\"break-word hover:text-super hover:decoration-super dark:hover:text-superDark dark:hover:decoration-superDark underline decoration-from-font underline-offset-1 transition-all duration-300\" href=\"https:\/\/www.guiadacarreira.com.br\/blog\/quanto-ganha-um-zootecnista\" target=\"_blank\" rel=\"nofollow noopener\">Quanto ganha um Zootecnista? &#8211; Guia da carreira<\/a><\/span><\/li>\n<li><span class=\"\"><a class=\"break-word hover:text-super hover:decoration-super dark:hover:text-superDark dark:hover:decoration-superDark underline decoration-from-font underline-offset-1 transition-all duration-300\" href=\"https:\/\/www.salario.com.br\/profissao\/zootecnista-cbo-223310\/\" target=\"_blank\" rel=\"nofollow noopener\">Zootecnista &#8211; Sal\u00e1rio Brasil &#8211; Salario.com.br<\/a><\/span><\/li>\n<li><span class=\"\"><a class=\"break-word hover:text-super hover:decoration-super dark:hover:text-superDark dark:hover:decoration-superDark underline decoration-from-font underline-offset-1 transition-all duration-300\" href=\"https:\/\/www12.senado.leg.br\/noticias\/materias\/2024\/10\/30\/piso-salarial-dos-zootecnistas-vai-a-camara\" target=\"_blank\" rel=\"nofollow noopener\">Piso salarial dos zootecnistas vai \u00e0 C\u00e2mara &#8211; Senado Federal<\/a><\/span><\/li>\n<\/ol>\n","protected":false},"excerpt":{"rendered":"<p>Remunera\u00e7\u00e3o do Zootecnista no Brasil O Zootecnista \u00e9 fundamental para o desenvolvimento da pecu\u00e1ria e da produ\u00e7\u00e3o animal no Brasil&#8230;.<\/p>\n","protected":false},"author":1,"featured_media":0,"parent":0,"menu_order":30,"comment_status":"closed","ping_status":"closed","template":"","meta":{"footnotes":""},"class_list":["post-45","page","type-page","status-publish","hentry"],"_links":{"self":[{"href":"https:\/\/uenf.br\/graduacao\/zootecnia\/wp-json\/wp\/v2\/pages\/45","targetHints":{"allow":["GET"]}}],"collection":[{"href":"https:\/\/uenf.br\/graduacao\/zootecnia\/wp-json\/wp\/v2\/pages"}],"about":[{"href":"https:\/\/uenf.br\/graduacao\/zootecnia\/wp-json\/wp\/v2\/types\/page"}],"author":[{"embeddable":true,"href":"https:\/\/uenf.br\/graduacao\/zootecnia\/wp-json\/wp\/v2\/users\/1"}],"replies":[{"embeddable":true,"href":"https:\/\/uenf.br\/graduacao\/zootecnia\/wp-json\/wp\/v2\/comments?post=45"}],"version-history":[{"count":0,"href":"https:\/\/uenf.br\/graduacao\/zootecnia\/wp-json\/wp\/v2\/pages\/45\/revisions"}],"wp:attachment":[{"href":"https:\/\/uenf.br\/graduacao\/zootecnia\/wp-json\/wp\/v2\/media?parent=45"}],"curies":[{"name":"wp","href":"https:\/\/api.w.org\/{rel}","templated":true}]}}