{"id":72,"date":"2025-02-04T11:24:20","date_gmt":"2025-02-04T14:24:20","guid":{"rendered":"https:\/\/uenf.br\/graduacao\/zootecnia\/?page_id=72"},"modified":"2025-10-01T11:11:48","modified_gmt":"2025-10-01T14:11:48","slug":"coordenacao-de-graduacao-em-zootecnia-ccta","status":"publish","type":"page","link":"https:\/\/uenf.br\/graduacao\/zootecnia\/coordenacao-de-graduacao-em-zootecnia-ccta\/","title":{"rendered":"Coordena\u00e7\u00e3o de Gradua\u00e7\u00e3o em Zootecnia\/CCTA"},"content":{"rendered":"<p>A Coordena\u00e7\u00e3o de Gradua\u00e7\u00e3o em Zootecnia do Centro de Ci\u00eancias e Tecnologias Agropecu\u00e1rias funciona no t\u00e9rreo do CCTA, pr\u00e9dio P1. No local funciona tamb\u00e9m as Coordena\u00e7\u00f5es de Gradua\u00e7\u00e3o em Agronomia e em Medicina Veterin\u00e1ria. As tr\u00eas Coordena\u00e7\u00f5es contam com o trabalho de duas Auxiliares T\u00e9cnico Administrativas e com equipamentos tais como desktops e impressoras, al\u00e9m de amplo espa\u00e7o para atendimento aos Discentes e Docentes dos tr\u00eas cursos.<\/p>\n<p><img loading=\"lazy\" decoding=\"async\" class=\"alignleft size-medium wp-image-97\" src=\"https:\/\/uenf.br\/graduacao\/zootecnia\/wp-content\/uploads\/sites\/20\/2025\/03\/WhatsApp-Image-2025-03-24-at-10.17.03-300x225.jpeg\" alt=\"\" width=\"300\" height=\"225\" srcset=\"https:\/\/uenf.br\/graduacao\/zootecnia\/wp-content\/uploads\/sites\/20\/2025\/03\/WhatsApp-Image-2025-03-24-at-10.17.03-300x225.jpeg 300w, https:\/\/uenf.br\/graduacao\/zootecnia\/wp-content\/uploads\/sites\/20\/2025\/03\/WhatsApp-Image-2025-03-24-at-10.17.03-1024x768.jpeg 1024w, https:\/\/uenf.br\/graduacao\/zootecnia\/wp-content\/uploads\/sites\/20\/2025\/03\/WhatsApp-Image-2025-03-24-at-10.17.03-768x576.jpeg 768w, https:\/\/uenf.br\/graduacao\/zootecnia\/wp-content\/uploads\/sites\/20\/2025\/03\/WhatsApp-Image-2025-03-24-at-10.17.03-1536x1152.jpeg 1536w, https:\/\/uenf.br\/graduacao\/zootecnia\/wp-content\/uploads\/sites\/20\/2025\/03\/WhatsApp-Image-2025-03-24-at-10.17.03.jpeg 1600w\" sizes=\"auto, (max-width: 300px) 100vw, 300px\" \/><\/p>\n<p><a href=\"https:\/\/uenf.br\/graduacao\/como-ingressar-na-uenf\/\" target=\"_blank\" rel=\"noopener\">Formas de Ingresso na UENF<\/a><\/p>\n<p><a href=\"https:\/\/uenf.br\/graduacao\/sobre\/normas\/\" target=\"_blank\" rel=\"noopener\">Normas da Gradua\u00e7\u00e3o<\/a><\/p>\n<p><a href=\"https:\/\/uenf.br\/graduacao\/zootecnia\/wp-content\/uploads\/sites\/20\/2025\/02\/Projeto-Pedagogico-de-Curso.docx\">Projeto Pedag\u00f3gico do Curso<\/a><\/p>\n<p><a href=\"https:\/\/uenf.br\/graduacao\/calendario-academico\/\">Calend\u00e1rio Acad\u00eamico<\/a><\/p>\n<p><a href=\"https:\/\/www.youtube.com\/@antoniogesualdijunior2096\" target=\"_blank\" rel=\"noopener\">Canal Zootecnia da UENF<\/a><\/p>\n<p><a style=\"color: #13aff0;\" href=\"https:\/\/uenf.br\/graduacao\/perguntas-e-respostas\/\">Perguntas Frequentes<\/a><\/p>\n","protected":false},"excerpt":{"rendered":"<p>A Coordena\u00e7\u00e3o de Gradua\u00e7\u00e3o em Zootecnia do Centro de Ci\u00eancias e Tecnologias Agropecu\u00e1rias funciona no t\u00e9rreo do CCTA, pr\u00e9dio P1&#8230;.<\/p>\n","protected":false},"author":39,"featured_media":0,"parent":0,"menu_order":60,"comment_status":"closed","ping_status":"closed","template":"","meta":{"footnotes":""},"class_list":["post-72","page","type-page","status-publish","hentry"],"_links":{"self":[{"href":"https:\/\/uenf.br\/graduacao\/zootecnia\/wp-json\/wp\/v2\/pages\/72","targetHints":{"allow":["GET"]}}],"collection":[{"href":"https:\/\/uenf.br\/graduacao\/zootecnia\/wp-json\/wp\/v2\/pages"}],"about":[{"href":"https:\/\/uenf.br\/graduacao\/zootecnia\/wp-json\/wp\/v2\/types\/page"}],"author":[{"embeddable":true,"href":"https:\/\/uenf.br\/graduacao\/zootecnia\/wp-json\/wp\/v2\/users\/39"}],"replies":[{"embeddable":true,"href":"https:\/\/uenf.br\/graduacao\/zootecnia\/wp-json\/wp\/v2\/comments?post=72"}],"version-history":[{"count":0,"href":"https:\/\/uenf.br\/graduacao\/zootecnia\/wp-json\/wp\/v2\/pages\/72\/revisions"}],"wp:attachment":[{"href":"https:\/\/uenf.br\/graduacao\/zootecnia\/wp-json\/wp\/v2\/media?parent=72"}],"curies":[{"name":"wp","href":"https:\/\/api.w.org\/{rel}","templated":true}]}}