{"id":166,"date":"2025-02-14T10:00:56","date_gmt":"2025-02-14T13:00:56","guid":{"rendered":"https:\/\/uenf.br\/posgraduacao\/agroecologia-e-desenvolvimentorural\/?page_id=166"},"modified":"2025-02-14T10:24:36","modified_gmt":"2025-02-14T13:24:36","slug":"cooperacao-e-intercambios","status":"publish","type":"page","link":"https:\/\/uenf.br\/posgraduacao\/agroecologia-e-desenvolvimentorural\/cooperacao-e-intercambios\/","title":{"rendered":"Coopera\u00e7\u00e3o e interc\u00e2mbios"},"content":{"rendered":"<h3><span style=\"color: #008000\">Coopera\u00e7\u00e3o<\/span><\/h3>\n<p>O MPADRS estabeleceu acordos e parcerias com empresas e institui\u00e7\u00f5es com defini\u00e7\u00e3o de atribui\u00e7\u00f5es e contrapartidas de ambas as partes.<\/p>\n<p>Entre as entidades cooperadoras est\u00e3o:<\/p>\n<p>1.<a href=\"https:\/\/www.rj.gov.br\/emater\/\">EMATER \u2013 RJ<\/a>;<br \/>\n2.<a href=\"https:\/\/www.instagram.com\/cultivadesenvolvimento\/\">Empresa Cultiva<\/a> (planejamento rural e assist\u00eancia t\u00e9cnica em agroecologia);<br \/>\n3.<a href=\"https:\/\/www.instagram.com\/iamanarede\/\">Instituto de Agroecologia e Meio Ambiente<\/a> \u2013 IAMA;<br \/>\n4.<a href=\"https:\/\/www.facebook.com\/people\/Feiras-Agroecol%C3%B3gicas-de-Campos-dos-Goytacazes\/100076852533517\/\">Feira Agroecol\u00f3gica Solid\u00e1ria de Campos<\/a> &#8211; FAS-Campos;<br \/>\n5.<a href=\"https:\/\/ctazm.org.br\/\">Centro de Tecnologia Alternativa da Zona da Mata<\/a> \u2013 CTA-ZM;<br \/>\n6.<a href=\"https:\/\/www.facebook.com\/p\/Territ%C3%B3rio-da-Cidadania-do-Norte-Fluminense-100027227156147\/?_rdr\">Colegiado Territorial do Norte Fluminense C\u00edcero Guedes<\/a>.<\/p>\n<p><img loading=\"lazy\" decoding=\"async\" class=\"alignnone size-medium wp-image-169\" src=\"http:\/\/uenf.br\/posgraduacao\/agroecologia-e-desenvolvimentorural\/wp-content\/uploads\/sites\/18\/2025\/02\/Emater-RJ-300x225.png\" alt=\"\" width=\"300\" height=\"225\" srcset=\"https:\/\/uenf.br\/posgraduacao\/agroecologia-e-desenvolvimentorural\/wp-content\/uploads\/sites\/18\/2025\/02\/Emater-RJ-300x225.png 300w, https:\/\/uenf.br\/posgraduacao\/agroecologia-e-desenvolvimentorural\/wp-content\/uploads\/sites\/18\/2025\/02\/Emater-RJ-768x576.png 768w, https:\/\/uenf.br\/posgraduacao\/agroecologia-e-desenvolvimentorural\/wp-content\/uploads\/sites\/18\/2025\/02\/Emater-RJ.png 960w\" sizes=\"auto, (max-width: 300px) 100vw, 300px\" \/><img loading=\"lazy\" decoding=\"async\" class=\"alignnone size-medium wp-image-170\" src=\"http:\/\/uenf.br\/posgraduacao\/agroecologia-e-desenvolvimentorural\/wp-content\/uploads\/sites\/18\/2025\/02\/CULTIVA-300x225.png\" alt=\"\" width=\"300\" height=\"225\" srcset=\"https:\/\/uenf.br\/posgraduacao\/agroecologia-e-desenvolvimentorural\/wp-content\/uploads\/sites\/18\/2025\/02\/CULTIVA-300x225.png 300w, https:\/\/uenf.br\/posgraduacao\/agroecologia-e-desenvolvimentorural\/wp-content\/uploads\/sites\/18\/2025\/02\/CULTIVA-768x576.png 768w, https:\/\/uenf.br\/posgraduacao\/agroecologia-e-desenvolvimentorural\/wp-content\/uploads\/sites\/18\/2025\/02\/CULTIVA.png 960w\" sizes=\"auto, (max-width: 300px) 100vw, 300px\" \/><img loading=\"lazy\" decoding=\"async\" class=\"alignnone size-medium wp-image-171\" src=\"http:\/\/uenf.br\/posgraduacao\/agroecologia-e-desenvolvimentorural\/wp-content\/uploads\/sites\/18\/2025\/02\/IAMA-300x225.png\" alt=\"\" width=\"300\" height=\"225\" srcset=\"https:\/\/uenf.br\/posgraduacao\/agroecologia-e-desenvolvimentorural\/wp-content\/uploads\/sites\/18\/2025\/02\/IAMA-300x225.png 300w, https:\/\/uenf.br\/posgraduacao\/agroecologia-e-desenvolvimentorural\/wp-content\/uploads\/sites\/18\/2025\/02\/IAMA-768x576.png 768w, https:\/\/uenf.br\/posgraduacao\/agroecologia-e-desenvolvimentorural\/wp-content\/uploads\/sites\/18\/2025\/02\/IAMA.png 960w\" sizes=\"auto, (max-width: 300px) 100vw, 300px\" \/><img loading=\"lazy\" decoding=\"async\" class=\"alignnone size-medium wp-image-172\" src=\"http:\/\/uenf.br\/posgraduacao\/agroecologia-e-desenvolvimentorural\/wp-content\/uploads\/sites\/18\/2025\/02\/FAS-300x225.png\" alt=\"\" width=\"300\" height=\"225\" srcset=\"https:\/\/uenf.br\/posgraduacao\/agroecologia-e-desenvolvimentorural\/wp-content\/uploads\/sites\/18\/2025\/02\/FAS-300x225.png 300w, https:\/\/uenf.br\/posgraduacao\/agroecologia-e-desenvolvimentorural\/wp-content\/uploads\/sites\/18\/2025\/02\/FAS-768x576.png 768w, https:\/\/uenf.br\/posgraduacao\/agroecologia-e-desenvolvimentorural\/wp-content\/uploads\/sites\/18\/2025\/02\/FAS.png 960w\" sizes=\"auto, (max-width: 300px) 100vw, 300px\" \/><img loading=\"lazy\" decoding=\"async\" class=\"alignnone size-medium wp-image-173\" src=\"http:\/\/uenf.br\/posgraduacao\/agroecologia-e-desenvolvimentorural\/wp-content\/uploads\/sites\/18\/2025\/02\/cta-300x225.png\" alt=\"\" width=\"300\" height=\"225\" srcset=\"https:\/\/uenf.br\/posgraduacao\/agroecologia-e-desenvolvimentorural\/wp-content\/uploads\/sites\/18\/2025\/02\/cta-300x225.png 300w, https:\/\/uenf.br\/posgraduacao\/agroecologia-e-desenvolvimentorural\/wp-content\/uploads\/sites\/18\/2025\/02\/cta-768x576.png 768w, https:\/\/uenf.br\/posgraduacao\/agroecologia-e-desenvolvimentorural\/wp-content\/uploads\/sites\/18\/2025\/02\/cta.png 960w\" sizes=\"auto, (max-width: 300px) 100vw, 300px\" \/><img loading=\"lazy\" decoding=\"async\" class=\"alignnone size-medium wp-image-174\" src=\"http:\/\/uenf.br\/posgraduacao\/agroecologia-e-desenvolvimentorural\/wp-content\/uploads\/sites\/18\/2025\/02\/TERRITORIO-300x225.png\" alt=\"\" width=\"300\" height=\"225\" srcset=\"https:\/\/uenf.br\/posgraduacao\/agroecologia-e-desenvolvimentorural\/wp-content\/uploads\/sites\/18\/2025\/02\/TERRITORIO-300x225.png 300w, https:\/\/uenf.br\/posgraduacao\/agroecologia-e-desenvolvimentorural\/wp-content\/uploads\/sites\/18\/2025\/02\/TERRITORIO-768x576.png 768w, https:\/\/uenf.br\/posgraduacao\/agroecologia-e-desenvolvimentorural\/wp-content\/uploads\/sites\/18\/2025\/02\/TERRITORIO.png 960w\" sizes=\"auto, (max-width: 300px) 100vw, 300px\" \/><\/p>\n<h3><span style=\"color: #008000\">Interc\u00e2mbios<\/span><\/h3>\n<p>As institui\u00e7\u00f5es com acordo de coopera\u00e7\u00e3o que possibilitam interc\u00e2mbios s\u00e3o:<\/p>\n<p>1.<a href=\"https:\/\/portal1.iff.edu.br\/\">Instituto Federal Fluminense<\/a> \u2013 IFF<br \/>\n2.<a href=\"https:\/\/www.ufv.br\/\">Universidade Federal de Vi\u00e7osa<\/a> \u2013 UFV<\/p>\n<p><img loading=\"lazy\" decoding=\"async\" class=\"alignnone size-medium wp-image-175\" src=\"http:\/\/uenf.br\/posgraduacao\/agroecologia-e-desenvolvimentorural\/wp-content\/uploads\/sites\/18\/2025\/02\/IFF-300x225.png\" alt=\"\" width=\"300\" height=\"225\" srcset=\"https:\/\/uenf.br\/posgraduacao\/agroecologia-e-desenvolvimentorural\/wp-content\/uploads\/sites\/18\/2025\/02\/IFF-300x225.png 300w, https:\/\/uenf.br\/posgraduacao\/agroecologia-e-desenvolvimentorural\/wp-content\/uploads\/sites\/18\/2025\/02\/IFF-768x576.png 768w, https:\/\/uenf.br\/posgraduacao\/agroecologia-e-desenvolvimentorural\/wp-content\/uploads\/sites\/18\/2025\/02\/IFF.png 960w\" sizes=\"auto, (max-width: 300px) 100vw, 300px\" \/><img loading=\"lazy\" decoding=\"async\" class=\"alignnone size-medium wp-image-176\" src=\"http:\/\/uenf.br\/posgraduacao\/agroecologia-e-desenvolvimentorural\/wp-content\/uploads\/sites\/18\/2025\/02\/UFV-300x225.png\" alt=\"\" width=\"300\" height=\"225\" srcset=\"https:\/\/uenf.br\/posgraduacao\/agroecologia-e-desenvolvimentorural\/wp-content\/uploads\/sites\/18\/2025\/02\/UFV-300x225.png 300w, https:\/\/uenf.br\/posgraduacao\/agroecologia-e-desenvolvimentorural\/wp-content\/uploads\/sites\/18\/2025\/02\/UFV-768x576.png 768w, https:\/\/uenf.br\/posgraduacao\/agroecologia-e-desenvolvimentorural\/wp-content\/uploads\/sites\/18\/2025\/02\/UFV.png 960w\" sizes=\"auto, (max-width: 300px) 100vw, 300px\" \/><\/p>\n","protected":false},"excerpt":{"rendered":"<p>Coopera\u00e7\u00e3o O MPADRS estabeleceu acordos e parcerias com empresas e institui\u00e7\u00f5es com defini\u00e7\u00e3o de atribui\u00e7\u00f5es e contrapartidas de ambas as&#8230;<\/p>\n","protected":false},"author":43,"featured_media":0,"parent":0,"menu_order":10,"comment_status":"closed","ping_status":"closed","template":"","meta":{"footnotes":""},"class_list":["post-166","page","type-page","status-publish","hentry"],"_links":{"self":[{"href":"https:\/\/uenf.br\/posgraduacao\/agroecologia-e-desenvolvimentorural\/wp-json\/wp\/v2\/pages\/166","targetHints":{"allow":["GET"]}}],"collection":[{"href":"https:\/\/uenf.br\/posgraduacao\/agroecologia-e-desenvolvimentorural\/wp-json\/wp\/v2\/pages"}],"about":[{"href":"https:\/\/uenf.br\/posgraduacao\/agroecologia-e-desenvolvimentorural\/wp-json\/wp\/v2\/types\/page"}],"author":[{"embeddable":true,"href":"https:\/\/uenf.br\/posgraduacao\/agroecologia-e-desenvolvimentorural\/wp-json\/wp\/v2\/users\/43"}],"replies":[{"embeddable":true,"href":"https:\/\/uenf.br\/posgraduacao\/agroecologia-e-desenvolvimentorural\/wp-json\/wp\/v2\/comments?post=166"}],"version-history":[{"count":0,"href":"https:\/\/uenf.br\/posgraduacao\/agroecologia-e-desenvolvimentorural\/wp-json\/wp\/v2\/pages\/166\/revisions"}],"wp:attachment":[{"href":"https:\/\/uenf.br\/posgraduacao\/agroecologia-e-desenvolvimentorural\/wp-json\/wp\/v2\/media?parent=166"}],"curies":[{"name":"wp","href":"https:\/\/api.w.org\/{rel}","templated":true}]}}