{"id":2,"date":"2022-03-07T10:13:28","date_gmt":"2022-03-07T13:13:28","guid":{"rendered":"https:\/\/uenf.br\/posgraduacao\/agroecologia-e-desenvolvimentoruralsustentavel\/?page_id=2"},"modified":"2025-10-08T17:25:31","modified_gmt":"2025-10-08T20:25:31","slug":"pagina-exemplo","status":"publish","type":"page","link":"https:\/\/uenf.br\/posgraduacao\/agroecologia-e-desenvolvimentorural\/apresentacao-1\/pagina-exemplo\/","title":{"rendered":"Programa de P\u00f3s-Gradua\u00e7\u00e3o em Agroecologia e Desenvolvimento Rural Sustent\u00e1vel"},"content":{"rendered":"\r\n<h1 style=\"text-align: center\"><strong><span style=\"color: #008000\">Programa de P\u00f3s-gradua\u00e7\u00e3o em Agroecologia e Desenvolvimento Rural Sustent\u00e1vel<\/span><\/strong><\/h1>\r\n<p>&nbsp;<\/p>\r\n<h3 style=\"text-align: center\"><span style=\"color: #0000ff\">Coordenador: F\u00e1bio Cunha Coelho<\/span><\/h3>\r\n<p><img loading=\"lazy\" decoding=\"async\" class=\"alignnone size-medium wp-image-305 aligncenter\" src=\"http:\/\/uenf.br\/posgraduacao\/agroecologia-e-desenvolvimentorural\/wp-content\/uploads\/sites\/18\/2025\/10\/Foto-Fabio-2-208x300.jpg\" alt=\"\" width=\"208\" height=\"300\" srcset=\"https:\/\/uenf.br\/posgraduacao\/agroecologia-e-desenvolvimentorural\/wp-content\/uploads\/sites\/18\/2025\/10\/Foto-Fabio-2-208x300.jpg 208w, https:\/\/uenf.br\/posgraduacao\/agroecologia-e-desenvolvimentorural\/wp-content\/uploads\/sites\/18\/2025\/10\/Foto-Fabio-2.jpg 252w\" sizes=\"auto, (max-width: 208px) 100vw, 208px\" \/><\/p>\r\n<p>&nbsp;<\/p>\r\n<h2 style=\"text-align: center\"><span style=\"color: #0000ff\">Comiss\u00e3o Coordenadora<\/span><\/h2>\r\n<p>&nbsp;<\/p>\r\n<h3 style=\"text-align: center\"><span style=\"color: #0000ff\">Karoll Andrea Alfonso Torres<\/span><\/h3>\r\n<h3 style=\"text-align: center\"><span style=\"color: #0000ff\">Luciano Pasqualoto Canellas<\/span><\/h3>\r\n<h3 style=\"text-align: center\"><span style=\"color: #0000ff\">Marize Bastos de Matos<\/span><\/h3>\r\n<h3 style=\"text-align: center\"><span style=\"color: #0000ff\">Omar Eduardo Bailez\u00a0<\/span><\/h3>\r\n<h3 style=\"text-align: center\"><span style=\"color: #0000ff\">Rodrigo da Costa Caetano<\/span><\/h3>\r\n<p>&nbsp;<\/p>\r\n<p>&nbsp;<\/p>\r\n<h2><span style=\"color: #008000\"><strong>NOT\u00cdCIAS<\/strong><\/span><\/h2>\r\n<p><a href=\"https:\/\/search.app\/V4UmCUxoqZ92Qafr8\">Iniciativa tem como foco a transi\u00e7\u00e3o agroecol\u00f3gica dos sistemas agroalimentares, a preserva\u00e7\u00e3o dos biomas e a sustentabilidade Source: Minist\u00e9rio do Desenvolvimento Agr\u00e1rio e Agricultura Familiar<\/a> https:\/\/search.app\/V4UmCUxoqZ92Qafr8<\/p>\r\n<h4>\u00a0<\/h4>\r\n<p>&nbsp;<\/p>\r\n","protected":false},"excerpt":{"rendered":"<p>Programa de P\u00f3s-gradua\u00e7\u00e3o em Agroecologia e Desenvolvimento Rural Sustent\u00e1vel &nbsp; Coordenador: F\u00e1bio Cunha Coelho &nbsp; Comiss\u00e3o Coordenadora &nbsp; Karoll Andrea&#8230;<\/p>\n","protected":false},"author":43,"featured_media":0,"parent":179,"menu_order":1,"comment_status":"closed","ping_status":"open","template":"","meta":{"footnotes":""},"class_list":["post-2","page","type-page","status-publish","hentry"],"_links":{"self":[{"href":"https:\/\/uenf.br\/posgraduacao\/agroecologia-e-desenvolvimentorural\/wp-json\/wp\/v2\/pages\/2","targetHints":{"allow":["GET"]}}],"collection":[{"href":"https:\/\/uenf.br\/posgraduacao\/agroecologia-e-desenvolvimentorural\/wp-json\/wp\/v2\/pages"}],"about":[{"href":"https:\/\/uenf.br\/posgraduacao\/agroecologia-e-desenvolvimentorural\/wp-json\/wp\/v2\/types\/page"}],"author":[{"embeddable":true,"href":"https:\/\/uenf.br\/posgraduacao\/agroecologia-e-desenvolvimentorural\/wp-json\/wp\/v2\/users\/43"}],"replies":[{"embeddable":true,"href":"https:\/\/uenf.br\/posgraduacao\/agroecologia-e-desenvolvimentorural\/wp-json\/wp\/v2\/comments?post=2"}],"version-history":[{"count":0,"href":"https:\/\/uenf.br\/posgraduacao\/agroecologia-e-desenvolvimentorural\/wp-json\/wp\/v2\/pages\/2\/revisions"}],"up":[{"embeddable":true,"href":"https:\/\/uenf.br\/posgraduacao\/agroecologia-e-desenvolvimentorural\/wp-json\/wp\/v2\/pages\/179"}],"wp:attachment":[{"href":"https:\/\/uenf.br\/posgraduacao\/agroecologia-e-desenvolvimentorural\/wp-json\/wp\/v2\/media?parent=2"}],"curies":[{"name":"wp","href":"https:\/\/api.w.org\/{rel}","templated":true}]}}