{"id":38,"date":"2022-04-19T10:42:45","date_gmt":"2022-04-19T13:42:45","guid":{"rendered":"https:\/\/uenf.br\/posgraduacao\/agroecologia-e-desenvolvimentorural\/?page_id=38"},"modified":"2025-09-29T09:48:00","modified_gmt":"2025-09-29T12:48:00","slug":"professores","status":"publish","type":"page","link":"https:\/\/uenf.br\/posgraduacao\/agroecologia-e-desenvolvimentorural\/professores\/","title":{"rendered":"Professores"},"content":{"rendered":"<p><strong>Os Docentes\u00a0 mais dialogam do que professam: o saber \u00e9 fruto do envolvimento coletivo.<\/strong><\/p>\n<p><img loading=\"lazy\" decoding=\"async\" class=\"wp-image-41 alignleft\" src=\"https:\/\/uenf.br\/posgraduacao\/agroecologia-e-desenvolvimentorural\/wp-content\/uploads\/sites\/18\/2022\/04\/Vaga-Chefe-de-Cozinha-300x200.jpg\" alt=\"\" width=\"349\" height=\"232\" srcset=\"https:\/\/uenf.br\/posgraduacao\/agroecologia-e-desenvolvimentorural\/wp-content\/uploads\/sites\/18\/2022\/04\/Vaga-Chefe-de-Cozinha-300x200.jpg 300w, https:\/\/uenf.br\/posgraduacao\/agroecologia-e-desenvolvimentorural\/wp-content\/uploads\/sites\/18\/2022\/04\/Vaga-Chefe-de-Cozinha-1024x682.jpg 1024w, https:\/\/uenf.br\/posgraduacao\/agroecologia-e-desenvolvimentorural\/wp-content\/uploads\/sites\/18\/2022\/04\/Vaga-Chefe-de-Cozinha-768x512.jpg 768w, https:\/\/uenf.br\/posgraduacao\/agroecologia-e-desenvolvimentorural\/wp-content\/uploads\/sites\/18\/2022\/04\/Vaga-Chefe-de-Cozinha.jpg 1280w\" sizes=\"auto, (max-width: 349px) 100vw, 349px\" \/><\/p>\n<p>Assim como se prepara uma refei\u00e7\u00e3o, em que ingredientes e sabores s\u00e3o arranjados de forma harm\u00f4nica, tamb\u00e9m a busca pela compreens\u00e3o dos diversos agroecossistemas combina diferentes saberes, sejam eles acad\u00eamicos ou populares. O di\u00e1logo de saberes \u00e9 fundamental nesta &#8220;culin\u00e1ria&#8221; pedag\u00f3gica. Os professores do MPADRS trabalham como facilitadores da jornada do aprender-fazendo, do caminho profundo da escuta, da valoriza\u00e7\u00e3o dos olhares pr\u00f3prios, do outro e do coletivo. Desta forma, h\u00e1 maior possibilidade de abranger t\u00e9cnicas de manejo, comercializa\u00e7\u00e3o etc. at\u00e9 aquelas como g\u00eanero, organiza\u00e7\u00e3o popular, lutas por terra, teto, trabalho, reforma agr\u00e1ria etc.<\/p>\n<p>Os docentes permanentes e colaboradores do MPADRS est\u00e3o em grupos segundo os m\u00f3dulos do pr\u00f3prio curso, no entanto, transitam e t\u00eam forte interconex\u00e3o entre os diferentes saberes.<\/p>\n<p><strong>M\u00f3dulo 1 &#8211;<\/strong> <strong>FUNDAMENTOS DA AGROECOLOGIA <\/strong><\/p>\n<p><a href=\"https:\/\/orcid.org\/0000-0001-6636-6468\">Cl\u00e1udia Sales Marinho<\/a> (CCTA-LFIT) &#8211; <a href=\"http:\/\/lattes.cnpq.br\/1285405965070222\">Lattes<\/a>;<\/p>\n<p><a href=\"http:\/\/orcid.org\/0000-0002-7037-8864\">F\u00e1bio Cunha Coelho<\/a> (CCTA-LFIT) <a href=\"http:\/\/lattes.cnpq.br\/3884120258319213\">Lattes<\/a>;<\/p>\n<p><a href=\"https:\/\/orcid.org\/0000-0002-1044-5041\">Geraldo de Amaral Gravina<\/a> (CCTA-LEAG) <a href=\"http:\/\/lattes.cnpq.br\/8271659856741715\">Lattes<\/a>;<\/p>\n<p><a href=\"https:\/\/orcid.org\/0000-0002-5928-0620\">Karoll Andrea Alfonso Torres<\/a> (CCTA-LZNA) <a href=\"http:\/\/lattes.cnpq.br\/0139671706722810\">Lattes<\/a>;<\/p>\n<p>Marcelo Trindade Nascimento (CBB-LCA) <a href=\"http:\/\/lattes.cnpq.br\/3704305950005564\">Lattes<\/a>;<\/p>\n<p><a href=\"https:\/\/orcid.org\/0000-0003-4589-9016\">Marize Bastos de Matos<\/a> (IFF-Cambuci) <a href=\"http:\/\/lattes.cnpq.br\/7247909510936183\">Lattes<\/a><b>;<\/b><\/p>\n<p>Poliana Batista de Aguilar (IFF-Cambuci) <a href=\"http:\/\/lattes.cnpq.br\/3687937499155208\">Lattes<\/a>;<\/p>\n<p><a href=\"https:\/\/orcid.org\/0000-0001-6740-1907\">Ricardo Ferreira Garcia<\/a> (CCTA &#8211; LEAG) <a href=\"http:\/\/lattes.cnpq.br\/9626640161947131\">Lattes<\/a>;<\/p>\n<p><strong>M\u00f3dulo 2 &#8211; MANEJO ECOL\u00d3GICO DE SOLOS<\/strong><\/p>\n<p><a href=\"https:\/\/orcid.org\/0000-0001-9790-6834\">Luciano Pasqualoto Canellas<\/a> (CCTA-LSOL) <a href=\"http:\/\/lattes.cnpq.br\/3241415945486691\">Lattes<\/a>.<\/p>\n<p><strong>M\u00f3dulo 3 &#8211;\u00a0<\/strong><strong>SA\u00daDE DOS SISTEMAS AGROECOL\u00d3GICOS<\/strong><\/p>\n<p><a href=\"https:\/\/orcid.org\/0000-0001-7214-9347\">Ana Maria Matoso Viana-Bailez<\/a> (CCTA-LEF) <a href=\"http:\/\/lattes.cnpq.br\/2873022302720839\">Lattes<\/a>;<\/p>\n<p>Omar Eduardo Bailez (CCTA-LEF) <a href=\"http:\/\/lattes.cnpq.br\/4948121531387275\">Lattes<\/a>;<\/p>\n<p><a href=\"https:\/\/orcid.org\/0000-0002-5027-2392\">Vicente Martins Gomes<\/a> (IFF-Cambuci) <a href=\"http:\/\/lattes.cnpq.br\/2942537631906100\">Lattes<\/a>.<\/p>\n<p><strong>M\u00f3dulo 4 &#8211; SOCIEDADE E DESENVOLVIMENTO DO CAMPO<\/strong><\/p>\n<p>Rodrigo da Costa Caetano (CCH-LEEA) <a href=\"http:\/\/lattes.cnpq.br\/3574363885377539\">Lattes<\/a>.<\/p>\n<p><strong>M\u00f3dulo 5 &#8211;\u00a0<\/strong><strong>ALIMENTOS E SEGURAN\u00c7A ALIMENTAR E NUTRICIONAL<\/strong><\/p>\n<p>Karoll A. A. Torres (CCTA-LZNA);<\/p>\n<p>Poliana B. Aguilar (IFF-Cambuci).<\/p>\n<p>&nbsp;<\/p>\n<p>O MPADRS tamb\u00e9m convida, eventualmente, docentes e profissionais de diferentes institui\u00e7\u00f5es e movimentos sociais, que dialogam com a agroecologia e o desenvolvimento rural sustent\u00e1vel.<\/p>\n<ol>\n<li>Adriana Jardim (UENF-CCTA-LCCA)<\/li>\n<li>Carlos R. Ruiz-Miranda (UENF-CBB-LCA)<\/li>\n<li>Claudia L. Prins (UENF-CCTA-LFIT)<\/li>\n<li>Cl\u00e1udio Roberto Marciano (UENF-CCTA-LSOL)<\/li>\n<li>Cristiane da Silva Stabenow (IFF \u2013 BJI)<\/li>\n<li>Deborah Guerra Barroso (UENF-CCTA-LFIT)<\/li>\n<li>Dora Maria Villela (UENF-CBB-LCA)<\/li>\n<li>Enilce Maria Coelho (IFF \u2013 Centro)<\/li>\n<li>Erika Vanessa Moreira (UFF &#8211; Campos)<\/li>\n<li>Ernany S. Costa (IFF \u2013 BJI)<\/li>\n<li>Gabriel A. Fraz\u00e3o (IFF -Cambuci)<\/li>\n<li>Gabriel Ramatis Pugliese Andrade (UENF-CCTA-LSOL)<\/li>\n<li>Geraldo Pereira Junior (IFF \u2013 BJI)<\/li>\n<li>Hilton Lopes Galv\u00e3o (IFF \u2013 BJI)<\/li>\n<li>Jaqueline T. Dalia (IFF -Cambuci)<\/li>\n<li>Juliana Gon\u00e7alvez Vidigal (IFF \u2013 BJI)<\/li>\n<li>K\u00e1tia Yuri Fausta Kawase(IFF \u2013 BJI)<\/li>\n<li>Lacir J. Soares (UENF-CCH-LESCE)<\/li>\n<li>Leonardo R. Miguel (UENF-CCH-LCL)<\/li>\n<li>Luana Pereira de Moraes (IFF \u2013 BJI)<\/li>\n<li>Maria Ang\u00e9lica V.C.Pereira (UENF-CCTA-LSA)<\/li>\n<li>Paula Aparecida Martins Borges Bastos (IFF \u2013 BJI)<\/li>\n<li>Paula S. Barbosa (Universidade Est\u00e1cio de S\u00e1)<\/li>\n<li>Ricardo\u00a0Andr\u00e9 Avelar de\u00a0N\u00f3brega (UENF-CCH &#8211; LEEA)<\/li>\n<li>Ricardo T. Galv\u00e3o (IFF-Cambuci)<\/li>\n<li>Rosemary Bastos (UENF-CCTA-LMGA)<\/li>\n<li>Silvio de J. Freitas (UENF-CCTA-LFIT)<\/li>\n<li>Simone Silva (UFF &#8211; Campos)<\/li>\n<li>Vanuza da Silva Pereira Ney (UFF &#8211; Campos)<\/li>\n<\/ol>\n","protected":false},"excerpt":{"rendered":"<p>Os Docentes\u00a0 mais dialogam do que professam: o saber \u00e9 fruto do envolvimento coletivo. Assim como se prepara uma refei\u00e7\u00e3o,&#8230;<\/p>\n","protected":false},"author":43,"featured_media":0,"parent":0,"menu_order":3,"comment_status":"closed","ping_status":"closed","template":"","meta":{"footnotes":""},"class_list":["post-38","page","type-page","status-publish","hentry"],"_links":{"self":[{"href":"https:\/\/uenf.br\/posgraduacao\/agroecologia-e-desenvolvimentorural\/wp-json\/wp\/v2\/pages\/38","targetHints":{"allow":["GET"]}}],"collection":[{"href":"https:\/\/uenf.br\/posgraduacao\/agroecologia-e-desenvolvimentorural\/wp-json\/wp\/v2\/pages"}],"about":[{"href":"https:\/\/uenf.br\/posgraduacao\/agroecologia-e-desenvolvimentorural\/wp-json\/wp\/v2\/types\/page"}],"author":[{"embeddable":true,"href":"https:\/\/uenf.br\/posgraduacao\/agroecologia-e-desenvolvimentorural\/wp-json\/wp\/v2\/users\/43"}],"replies":[{"embeddable":true,"href":"https:\/\/uenf.br\/posgraduacao\/agroecologia-e-desenvolvimentorural\/wp-json\/wp\/v2\/comments?post=38"}],"version-history":[{"count":0,"href":"https:\/\/uenf.br\/posgraduacao\/agroecologia-e-desenvolvimentorural\/wp-json\/wp\/v2\/pages\/38\/revisions"}],"wp:attachment":[{"href":"https:\/\/uenf.br\/posgraduacao\/agroecologia-e-desenvolvimentorural\/wp-json\/wp\/v2\/media?parent=38"}],"curies":[{"name":"wp","href":"https:\/\/api.w.org\/{rel}","templated":true}]}}