{"id":46,"date":"2022-04-19T10:44:34","date_gmt":"2022-04-19T13:44:34","guid":{"rendered":"https:\/\/uenf.br\/posgraduacao\/agroecologia-e-desenvolvimentorural\/?page_id=46"},"modified":"2025-12-15T14:13:06","modified_gmt":"2025-12-15T17:13:06","slug":"editais","status":"publish","type":"page","link":"https:\/\/uenf.br\/posgraduacao\/agroecologia-e-desenvolvimentorural\/editais\/","title":{"rendered":"Editais"},"content":{"rendered":"<h2><span style=\"color: #333399\">EDITAL de SELE\u00c7\u00c3O PARA INGRESSO NO PRIMEIRO SEMESTRE DE 2026<\/span><\/h2>\n<h2><span style=\"color: #ff0000\">15\/12\/2025<\/span><\/h2>\n<h2><span style=\"color: #ff0000\"><strong>Divulga\u00e7\u00e3o do resultado final.<\/strong><\/span><\/h2>\n<h2><span style=\"color: #ff0000\">Candidatos aprovados:<\/span><\/h2>\n<table width=\"549\">\n<tbody>\n<tr>\n<td width=\"190\"><strong>Candidato(a)<\/strong><\/td>\n<td width=\"104\"><strong>Prova escrita (Pr\u00e9-projeto com memorial)<\/strong><\/td>\n<td width=\"85\"><strong>Curriculum vitae<\/strong><\/td>\n<td width=\"85\"><strong>Prova oral<\/strong><\/td>\n<td width=\"85\"><strong>Nota Final<\/strong><\/td>\n<\/tr>\n<tr>\n<td width=\"190\"><strong>\u00a0<\/strong><\/td>\n<td width=\"104\"><strong>10<\/strong><\/td>\n<td width=\"85\"><strong>5<\/strong><\/td>\n<td width=\"85\"><strong>5<\/strong><\/td>\n<td width=\"85\"><strong>20<\/strong><\/td>\n<\/tr>\n<tr>\n<td width=\"190\">Heder Schuab Ferreira<\/td>\n<td width=\"104\">9,0<\/td>\n<td width=\"85\">3,0<\/td>\n<td width=\"85\">4,8<\/td>\n<td width=\"85\">16,8<\/td>\n<\/tr>\n<tr>\n<td width=\"190\">Bhrenda Gon\u00e7alves dos Santos<\/td>\n<td width=\"104\">8,7<\/td>\n<td width=\"85\">2,8<\/td>\n<td width=\"85\">3,9<\/td>\n<td width=\"85\">15,4<\/td>\n<\/tr>\n<tr>\n<td width=\"190\">Sara Ferreira Cabreira<\/td>\n<td width=\"104\">9,0<\/td>\n<td width=\"85\">1,3<\/td>\n<td width=\"85\">5,0<\/td>\n<td width=\"85\">15,3<\/td>\n<\/tr>\n<tr>\n<td width=\"190\">Heloyane Ferreira Viana Gualande<\/td>\n<td width=\"104\">9,0<\/td>\n<td width=\"85\">1,0<\/td>\n<td width=\"85\">4,9<\/td>\n<td width=\"85\">14,9<\/td>\n<\/tr>\n<tr>\n<td width=\"190\">Erica Gomes Martins<\/td>\n<td width=\"104\">7,7<\/td>\n<td width=\"85\">3,3<\/td>\n<td width=\"85\">3,9<\/td>\n<td width=\"85\">14,9<\/td>\n<\/tr>\n<tr>\n<td width=\"190\">Roberto Luiz Marciano Lage Junior<\/td>\n<td width=\"104\">8,3<\/td>\n<td width=\"85\">2,0<\/td>\n<td width=\"85\">4,0<\/td>\n<td width=\"85\">14,3<\/td>\n<\/tr>\n<tr>\n<td width=\"190\">Manoel da Concei\u00e7\u00e3o Ribeiro<\/td>\n<td width=\"104\">8,3<\/td>\n<td width=\"85\">0,8<\/td>\n<td width=\"85\">4,4<\/td>\n<td width=\"85\">13,5<\/td>\n<\/tr>\n<tr>\n<td width=\"190\">Jorge Luiz Monteiro de Souza<\/td>\n<td width=\"104\">7,0<\/td>\n<td width=\"85\">2,3<\/td>\n<td width=\"85\">4,1<\/td>\n<td width=\"85\">13,4<\/td>\n<\/tr>\n<tr>\n<td width=\"190\">Juarez de Andrade Soares<\/td>\n<td width=\"104\">7,1<\/td>\n<td width=\"85\">1,0<\/td>\n<td width=\"85\">3,3<\/td>\n<td width=\"85\">11,4<\/td>\n<\/tr>\n<tr>\n<td width=\"190\">Rog\u00e9rio Luiz dos Santos<\/td>\n<td width=\"104\">6,3<\/td>\n<td width=\"85\">0,3<\/td>\n<td width=\"85\">3,7<\/td>\n<td width=\"85\">10,3<\/td>\n<\/tr>\n<\/tbody>\n<\/table>\n<h2><span style=\"color: #0000ff\"><strong>14\/11\/2025<\/strong><\/span><\/h2>\n<h2><span style=\"color: #0000ff\"><strong>Divulga\u00e7\u00e3o das inscri\u00e7\u00f5es homologadas ap\u00f3s per\u00edodo de recursos:<\/strong><\/span><\/h2>\n<table width=\"682\">\n<tbody>\n<tr>\n<td width=\"212\"><strong>Candidato<\/strong><\/td>\n<td style=\"text-align: center\" width=\"219\"><strong>Inscri\u00e7\u00e3o<\/strong><\/td>\n<td style=\"text-align: center\" width=\"251\"><strong>Pend\u00eancia<\/strong><\/td>\n<\/tr>\n<tr>\n<td><span style=\"color: #008000\">Bhrenda Gon\u00e7alves dos Santos<\/span><\/td>\n<td style=\"text-align: center\"><span style=\"color: #008000\">HOMOLOGADA<\/span><\/td>\n<td style=\"text-align: center\">&#8211;<\/td>\n<\/tr>\n<tr>\n<td><span style=\"color: #008000\">Erica Gomes Martins<\/span><\/td>\n<td style=\"text-align: center\"><span style=\"color: #008000\">HOMOLOGADA<\/span><\/td>\n<td style=\"text-align: center\">&#8211;<\/td>\n<\/tr>\n<tr>\n<td><span style=\"color: #008000\">Heder Schuab Ferreira<\/span><\/td>\n<td style=\"text-align: center\"><span style=\"color: #008000\">HOMOLOGADA<\/span><\/td>\n<td style=\"text-align: center\">&#8211;<\/td>\n<\/tr>\n<tr>\n<td><span style=\"color: #008000\">Heloyane Ferreira Viana Gualande<\/span><\/td>\n<td style=\"text-align: center\"><span style=\"color: #008000\">HOMOLOGADA<\/span><\/td>\n<td style=\"text-align: center\">&#8211;<\/td>\n<\/tr>\n<tr>\n<td><span style=\"color: #008000\">Jorge Luiz Monteiro de Souza<\/span><\/td>\n<td style=\"text-align: center\"><span style=\"color: #008000\">HOMOLOGADA<\/span><\/td>\n<td style=\"text-align: center\">&#8211;<\/td>\n<\/tr>\n<tr>\n<td><span style=\"color: #008000\">Juarez de Andrade Soares<\/span><\/td>\n<td style=\"text-align: center\"><span style=\"color: #008000\">HOMOLOGADA<\/span><\/td>\n<td style=\"text-align: center\">&#8211;<\/td>\n<\/tr>\n<tr>\n<td><span style=\"color: #008000\">Manoel da Concei\u00e7\u00e3o Ribeiro<\/span><\/td>\n<td style=\"text-align: center\"><span style=\"color: #008000\">HOMOLOGADA<\/span><\/td>\n<td style=\"text-align: center\">&#8211;<\/td>\n<\/tr>\n<tr>\n<td><span style=\"color: #008000\">Roberto Luiz Marciano Lage Junior<\/span><\/td>\n<td style=\"text-align: center\"><span style=\"color: #008000\">HOMOLOGADA<\/span><\/td>\n<td style=\"text-align: center\">&#8211;<\/td>\n<\/tr>\n<tr>\n<td><span style=\"color: #008000\">Rog\u00e9rio Luiz dos Santos<\/span><\/td>\n<td style=\"text-align: center\"><span style=\"color: #008000\">HOMOLOGADA<\/span><\/td>\n<td style=\"text-align: center\">&#8211;<\/td>\n<\/tr>\n<tr>\n<td style=\"text-align: left\"><span style=\"color: #008000\">Sara Ferreira Cabreira<\/span><\/td>\n<td style=\"text-align: center\"><span style=\"color: #008000\">HOMOLOGADA<\/span><\/td>\n<td style=\"text-align: center\">&#8211;<\/td>\n<\/tr>\n<tr>\n<td colspan=\"3\" width=\"682\"><\/td>\n<\/tr>\n<\/tbody>\n<\/table>\n<p>&nbsp;<\/p>\n<hr \/>\n<h1><span style=\"color: #ff0000\">Cronograma:<\/span><\/h1>\n<table>\n<tbody>\n<tr>\n<td width=\"357\"><strong>Atividade<\/strong><\/td>\n<td width=\"219\"><strong>Per\u00edodo<\/strong><\/td>\n<\/tr>\n<tr>\n<td width=\"357\"><span style=\"color: #008000\">Resultado da homologa\u00e7\u00e3o das inscri\u00e7\u00f5es ap\u00f3s recursos<\/span><\/td>\n<td style=\"text-align: center\" width=\"219\"><span style=\"color: #008000\">14\/11\/2025<\/span><\/td>\n<\/tr>\n<tr>\n<td width=\"357\"><span style=\"color: #008000\">Divulga\u00e7\u00e3o do resultado da prova escrita e do curr\u00edculo<\/span><\/td>\n<td style=\"text-align: center\" width=\"219\"><span style=\"color: #008000\">At\u00e9 dia 27\/11\/2025<\/span><\/td>\n<\/tr>\n<tr>\n<td width=\"357\"><span style=\"color: #008000\">Resultado da homologa\u00e7\u00e3o dos recursos quanto \u00e0 prova escrita e avalia\u00e7\u00e3o do curr\u00edculo<\/span><\/td>\n<td width=\"219\">\n<p style=\"text-align: center\"><span style=\"color: #008000\">04\/12\/2025<\/span><\/p>\n<p>&nbsp;<\/td>\n<\/tr>\n<tr>\n<td width=\"357\"><span style=\"color: #008000\">Prova oral<\/span><\/td>\n<td style=\"text-align: center\" width=\"219\"><span style=\"color: #008000\">09\/12\/2025<\/span><\/td>\n<\/tr>\n<tr>\n<td width=\"357\"><span style=\"color: #008000\">Divulga\u00e7\u00e3o do resultado preliminar<\/span><\/td>\n<td style=\"text-align: center\" width=\"219\"><span style=\"color: #008000\">At\u00e9 dia 11\/12\/2025<\/span><\/td>\n<\/tr>\n<tr>\n<td width=\"357\"><span style=\"color: #008000\">Solicita\u00e7\u00e3o de recurso<\/span><\/td>\n<td style=\"text-align: center\" width=\"219\"><span style=\"color: #008000\">At\u00e9 24 horas depois da divulga\u00e7\u00e3o<\/span><\/td>\n<\/tr>\n<tr>\n<td width=\"357\"><span style=\"color: #008000\">Divulga\u00e7\u00e3o do resultado final<\/span><\/td>\n<td style=\"text-align: center\" width=\"219\"><span style=\"color: #008000\">At\u00e9 dia 16\/12\/2025<\/span><\/td>\n<\/tr>\n<\/tbody>\n<\/table>\n<p>&nbsp;<\/p>\n<p>&nbsp;<\/p>\n<p><strong>INSCRI\u00c7\u00d5ES PARA SELE\u00c7\u00c3O DE CANDIDATOS<\/strong> AO MESTRADO PROFISSIONAL EM AGROECOLOGIA E DESENVOLVIMENTO RURAL SUSTENT\u00c1VEL<\/p>\n<h4>Per\u00edodo de inscri\u00e7\u00f5es: 06\/10 \u00a0a\u00a0 \u00a005\/11\/2025<\/h4>\n<p><strong><span style=\"color: #ff0000\">Clique nos links a seguir, para maiores informa\u00e7\u00f5es e para obten\u00e7\u00e3o dos formul\u00e1rios para a inscri\u00e7\u00e3o.<\/span><\/strong><\/p>\n<p>Os documentos est\u00e3o em PDF. Para que voc\u00ea possa preench\u00ea-los ou utiliz\u00e1-los, antes, voc\u00ea precisar\u00e1 convert\u00ea-los para word e, posteriormente, ao envi\u00e1-los, deve novamente convert\u00ea-los para PDF.<\/p>\n<p><strong><span style=\"color: #ff0000\"><a style=\"color: #ff0000\" href=\"http:\/\/uenf.br\/posgraduacao\/agroecologia-e-desenvolvimentorural\/wp-content\/uploads\/sites\/18\/2025\/10\/Edital-de-selecao-2026-1-MPADRS-2.pdf\">Edital de sele\u00e7\u00e3o 2026 1 MPADRS (2)<\/a><\/span><\/strong><\/p>\n<p><a href=\"https:\/\/docs.google.com\/forms\/d\/e\/1FAIpQLSfpT0kBaq8-myNiJx-qwadEg1NnQS8aksUSP2LDE6IEJVSDFw\/viewform?usp=dialog\"><strong><span style=\"color: #ff0000\">Ficha de inscri\u00e7\u00e3o pelo GOOGLE FORMS<\/span><\/strong><\/a><\/p>\n<p><strong><span style=\"color: #ff0000\"><a style=\"color: #ff0000\" href=\"http:\/\/uenf.br\/posgraduacao\/agroecologia-e-desenvolvimentorural\/wp-content\/uploads\/sites\/18\/2025\/10\/Anexo-I-FORMULARIO-DE-INSCRICAO.pdf\">Anexo I &#8211; FORMUL\u00c1RIO DE INSCRI\u00c7\u00c3O<\/a><\/span><\/strong><\/p>\n<p><strong><span style=\"color: #ff0000\"><a style=\"color: #ff0000\" href=\"http:\/\/uenf.br\/posgraduacao\/agroecologia-e-desenvolvimentorural\/wp-content\/uploads\/sites\/18\/2025\/09\/Anexo-II-Formulario-de-autoavaliacao-do-curriculo.pdf\">Anexo II &#8211; Formul\u00e1rio de autoavalia\u00e7\u00e3o do curr\u00edculo<\/a><\/span><\/strong><\/p>\n<p><strong><span style=\"color: #ff0000\"><a style=\"color: #ff0000\" href=\"http:\/\/uenf.br\/posgraduacao\/agroecologia-e-desenvolvimentorural\/wp-content\/uploads\/sites\/18\/2025\/09\/Anexo-III-Prova-escrita-MODELO-DE-PRE-PROJETO.pdf\">Anexo III &#8211; Prova escrita &#8211; MODELO DE PR\u00c9-PROJETO<\/a> <\/span><\/strong><\/p>\n<p><strong><span style=\"color: #ff0000\"><a style=\"color: #ff0000\" href=\"http:\/\/uenf.br\/posgraduacao\/agroecologia-e-desenvolvimentorural\/wp-content\/uploads\/sites\/18\/2025\/09\/Anexo-IV-Criterios-para-avaliacao-da-prova-oral.pdf\">Anexo IV &#8211; Crit\u00e9rios para avalia\u00e7\u00e3o da prova oral<\/a><\/span><\/strong><\/p>\n<p><strong><span style=\"color: #ff0000\"><a style=\"color: #ff0000\" href=\"http:\/\/uenf.br\/posgraduacao\/agroecologia-e-desenvolvimentorural\/wp-content\/uploads\/sites\/18\/2025\/09\/Anexo-V-Candidatosas-com-vinculo-empregaticio-formal.pdf\">Anexo V &#8211; Candidatos(as) com v\u00ednculo empregat\u00edcio formal<\/a><\/span><\/strong><\/p>\n<p><strong><span style=\"color: #ff0000\"><a style=\"color: #ff0000\" href=\"http:\/\/uenf.br\/posgraduacao\/agroecologia-e-desenvolvimentorural\/wp-content\/uploads\/sites\/18\/2025\/09\/Anexo-VI-Candidatos-sem-vinculo-empregaticio-formal.pdf\">Anexo VI &#8211; Candidatos sem v\u00ednculo empregat\u00edcio formal<\/a> <\/span><\/strong><\/p>\n<p><strong><span style=\"color: #ff0000\"><a style=\"color: #ff0000\" href=\"http:\/\/uenf.br\/posgraduacao\/agroecologia-e-desenvolvimentorural\/wp-content\/uploads\/sites\/18\/2025\/09\/Anexo-VII-Lista-de-docentes-habilitados-a-orientacao-ou-co-orientacao-no-Programa.pdf\">Anexo VII &#8211; Lista de docentes habilitados \u00e0 orienta\u00e7\u00e3o ou co-orienta\u00e7\u00e3o no Programa<\/a><\/span><\/strong><\/p>\n<p><strong><span style=\"color: #ff0000\"><a style=\"color: #ff0000\" href=\"http:\/\/uenf.br\/posgraduacao\/agroecologia-e-desenvolvimentorural\/wp-content\/uploads\/sites\/18\/2025\/09\/Anexo-VIII-FORMULARIO-DE-INFORMACOES-SOCIOECONOMICAS.pdf\">Anexo VIII &#8211; FORMUL\u00c1RIO DE INFORMA\u00c7\u00d5ES SOCIOECON\u00d4MICAS<\/a><\/span><\/strong><\/p>\n<p><strong><span style=\"color: #ff0000\"><a style=\"color: #ff0000\" href=\"http:\/\/uenf.br\/posgraduacao\/agroecologia-e-desenvolvimentorural\/wp-content\/uploads\/sites\/18\/2025\/09\/Anexo-IX-OPCAO-DE-COTA-ESCOLHIDA-1.pdf\">Anexo IX &#8211; OP\u00c7\u00c3O DE COTA ESCOLHIDA 1<\/a> <\/span><\/strong><\/p>\n<p><strong><span style=\"color: #ff0000\"><a style=\"color: #ff0000\" href=\"http:\/\/uenf.br\/posgraduacao\/agroecologia-e-desenvolvimentorural\/wp-content\/uploads\/sites\/18\/2025\/09\/Anexo-X-OPCAO-DE-COTA-ESCOLHIDA-2.pdf\">Anexo X &#8211; OP\u00c7\u00c3O DE COTA ESCOLHIDA 2<\/a><\/span><\/strong><\/p>\n<p><strong><span style=\"color: #ff0000\"><a style=\"color: #ff0000\" href=\"http:\/\/uenf.br\/posgraduacao\/agroecologia-e-desenvolvimentorural\/wp-content\/uploads\/sites\/18\/2025\/09\/Anexo-XI-OPCAO-DE-COTA-ESCOLHIDA-3.pdf\">Anexo XI &#8211; OP\u00c7\u00c3O DE COTA ESCOLHIDA 3<\/a><\/span><\/strong><\/p>\n<p><strong><span style=\"color: #ff0000\"><a style=\"color: #ff0000\" href=\"http:\/\/uenf.br\/posgraduacao\/agroecologia-e-desenvolvimentorural\/wp-content\/uploads\/sites\/18\/2025\/09\/Formulario-para-recorrer.pdf\">Formul\u00e1rio-para-recorrer<\/a><\/span><\/strong><\/p>\n<p>&nbsp;<\/p>\n<p>&nbsp;<\/p>\n<p>&nbsp;<\/p>\n","protected":false},"excerpt":{"rendered":"<p>EDITAL de SELE\u00c7\u00c3O PARA INGRESSO NO PRIMEIRO SEMESTRE DE 2026 15\/12\/2025 Divulga\u00e7\u00e3o do resultado final. Candidatos aprovados: Candidato(a) Prova escrita&#8230;<\/p>\n","protected":false},"author":43,"featured_media":0,"parent":0,"menu_order":8,"comment_status":"closed","ping_status":"closed","template":"","meta":{"footnotes":""},"class_list":["post-46","page","type-page","status-publish","hentry"],"_links":{"self":[{"href":"https:\/\/uenf.br\/posgraduacao\/agroecologia-e-desenvolvimentorural\/wp-json\/wp\/v2\/pages\/46","targetHints":{"allow":["GET"]}}],"collection":[{"href":"https:\/\/uenf.br\/posgraduacao\/agroecologia-e-desenvolvimentorural\/wp-json\/wp\/v2\/pages"}],"about":[{"href":"https:\/\/uenf.br\/posgraduacao\/agroecologia-e-desenvolvimentorural\/wp-json\/wp\/v2\/types\/page"}],"author":[{"embeddable":true,"href":"https:\/\/uenf.br\/posgraduacao\/agroecologia-e-desenvolvimentorural\/wp-json\/wp\/v2\/users\/43"}],"replies":[{"embeddable":true,"href":"https:\/\/uenf.br\/posgraduacao\/agroecologia-e-desenvolvimentorural\/wp-json\/wp\/v2\/comments?post=46"}],"version-history":[{"count":0,"href":"https:\/\/uenf.br\/posgraduacao\/agroecologia-e-desenvolvimentorural\/wp-json\/wp\/v2\/pages\/46\/revisions"}],"wp:attachment":[{"href":"https:\/\/uenf.br\/posgraduacao\/agroecologia-e-desenvolvimentorural\/wp-json\/wp\/v2\/media?parent=46"}],"curies":[{"name":"wp","href":"https:\/\/api.w.org\/{rel}","templated":true}]}}