{"id":52,"date":"2022-04-19T10:48:56","date_gmt":"2022-04-19T13:48:56","guid":{"rendered":"https:\/\/uenf.br\/posgraduacao\/agroecologia-e-desenvolvimentorural\/?page_id=52"},"modified":"2025-10-03T17:01:43","modified_gmt":"2025-10-03T20:01:43","slug":"editais-em-ingles","status":"publish","type":"page","link":"https:\/\/uenf.br\/posgraduacao\/agroecologia-e-desenvolvimentorural\/en\/editais-em-ingles\/","title":{"rendered":"Editais em Ingl\u00eas"},"content":{"rendered":"<p style=\"text-align: center\">SELECTION NOTICE FOR ADMISSION IN THE FIRST SEMESTER OF 2026<\/p>\n<p style=\"text-align: center\">APPLICATIONS FOR SELECTION OF CANDIDATES FOR THE PROFESSIONAL MASTER&#8217;S DEGREE IN AGROECOLOGY AND SUSTAINABLE RURAL DEVELOPMENT<\/p>\n<p style=\"text-align: center\">Application period: October 6 to November 5, 2025<\/p>\n<p style=\"text-align: center\">Click on the following links for more information and to obtain the application forms.<\/p>\n<p>The documents are in PDF format. To fill them out or use them, you will first need to convert them to Word. Afterwards, when submitting them, you must convert them back to PDF.<\/p>\n<p>Selection Notice 2026 1 MPADRS\u00a0 <a href=\"http:\/\/uenf.br\/posgraduacao\/agroecologia-e-desenvolvimentorural\/wp-content\/uploads\/sites\/18\/2025\/09\/Edital-de-selecao-2026-1-MPADRS.pdf\">Edital de selecao 2026 1 MPADRS<\/a><br \/>\n\u00b7 Application via GOOGLE FORMS \u00a0\u00a0<a href=\"https:\/\/docs.google.com\/forms\/d\/e\/1FAIpQLSfpT0kBaq8-myNiJx-qwadEg1NnQS8aksUSP2LDE6IEJVSDFw\/viewform?usp=dialog\">https:\/\/docs.google.com\/forms\/d\/e\/1FAIpQLSfpT0kBaq8-myNiJx-qwadEg1NnQS8aksUSP2LDE6IEJVSDFw\/viewform?usp=dialog<\/a><\/p>\n<p>Annex I &#8211; APPLICATION FORM <a href=\"http:\/\/uenf.br\/posgraduacao\/agroecologia-e-desenvolvimentorural\/wp-content\/uploads\/sites\/18\/2025\/10\/Anexo-I-FORMULARIO-DE-INSCRICAO.pdf\">Anexo I &#8211; FORMUL\u00c1RIO DE INSCRI\u00c7\u00c3O<\/a><br \/>\n<a href=\"http:\/\/uenf.br\/posgraduacao\/agroecologia-e-desenvolvimentorural\/wp-content\/uploads\/sites\/18\/2025\/09\/Anexo-II-Formulario-de-autoavaliacao-do-curriculo.pdf\">Anexo II &#8211; Formul\u00e1rio de autoavalia\u00e7\u00e3o do curr\u00edculo\u00b7 Annex II &#8211; Curriculum Self-Assessment Form<br \/>\n<\/a><br \/>\n<a href=\"http:\/\/uenf.br\/posgraduacao\/agroecologia-e-desenvolvimentorural\/wp-content\/uploads\/sites\/18\/2025\/09\/Anexo-III-Prova-escrita-MODELO-DE-PRE-PROJETO.pdf\">Anexo III &#8211; Prova escrita &#8211; MODELO DE PR\u00c9-PROJETO\u00b7 Annex III &#8211; Written Exam &#8211; PRE-PROJECT TEMPLATE<br \/>\n<\/a><br \/>\n<a href=\"http:\/\/uenf.br\/posgraduacao\/agroecologia-e-desenvolvimentorural\/wp-content\/uploads\/sites\/18\/2025\/09\/Anexo-IV-Criterios-para-avaliacao-da-prova-oral.pdf\">Anexo IV &#8211; Crit\u00e9rios para avalia\u00e7\u00e3o da prova oral\u00b7 Annex IV &#8211; Criteria for evaluating the oral exam<br \/>\n<\/a><br \/>\n<a href=\"http:\/\/uenf.br\/posgraduacao\/agroecologia-e-desenvolvimentorural\/wp-content\/uploads\/sites\/18\/2025\/09\/Anexo-V-Candidatosas-com-vinculo-empregaticio-formal.pdf\">Anexo V &#8211; Candidatos(as) com v\u00ednculo empregat\u00edcio formal\u00b7 Annex V &#8211; Candidates with a formal employment contract<br \/>\n<\/a><br \/>\n<a href=\"http:\/\/uenf.br\/posgraduacao\/agroecologia-e-desenvolvimentorural\/wp-content\/uploads\/sites\/18\/2025\/09\/Anexo-VI-Candidatos-sem-vinculo-empregaticio-formal.pdf\">Anexo VI &#8211; Candidatos sem v\u00ednculo empregat\u00edcio formal\u00b7 Annex VI &#8211; Candidates without a formal employment contract<br \/>\n<\/a><br \/>\n<a href=\"http:\/\/uenf.br\/posgraduacao\/agroecologia-e-desenvolvimentorural\/wp-content\/uploads\/sites\/18\/2025\/09\/Anexo-VII-Lista-de-docentes-habilitados-a-orientacao-ou-co-orientacao-no-Programa.pdf\">Anexo VII &#8211; Lista de docentes habilitados \u00e0 orienta\u00e7\u00e3o ou co-orienta\u00e7\u00e3o no Programa\u00b7 Annex VII &#8211; List of faculty qualified for supervision or co-supervision in the Program<br \/>\n<\/a><br \/>\n<a href=\"http:\/\/uenf.br\/posgraduacao\/agroecologia-e-desenvolvimentorural\/wp-content\/uploads\/sites\/18\/2025\/09\/Anexo-VIII-FORMULARIO-DE-INFORMACOES-SOCIOECONOMICAS.pdf\">Anexo VIII &#8211; FORMUL\u00c1RIO DE INFORMA\u00c7\u00d5ES SOCIOECON\u00d4MICAS\u00b7 Annex VIII &#8211; SOCIOECONOMIC INFORMATION FORM<br \/>\n<\/a><br \/>\n<a href=\"http:\/\/uenf.br\/posgraduacao\/agroecologia-e-desenvolvimentorural\/wp-content\/uploads\/sites\/18\/2025\/09\/Anexo-IX-OPCAO-DE-COTA-ESCOLHIDA-1.pdf\">Anexo IX &#8211; OP\u00c7\u00c3O DE COTA ESCOLHIDA 1\u00b7 Annex IX &#8211; CHOSEN QUOTA OPTION 1<br \/>\n<\/a><br \/>\n<a href=\"http:\/\/uenf.br\/posgraduacao\/agroecologia-e-desenvolvimentorural\/wp-content\/uploads\/sites\/18\/2025\/09\/Anexo-X-OPCAO-DE-COTA-ESCOLHIDA-2.pdf\">Anexo X &#8211; OP\u00c7\u00c3O DE COTA ESCOLHIDA 2\u00b7 Annex X &#8211; CHOSEN QUOTA OPTION 2<br \/>\n<\/a><br \/>\n<a href=\"http:\/\/uenf.br\/posgraduacao\/agroecologia-e-desenvolvimentorural\/wp-content\/uploads\/sites\/18\/2025\/09\/Anexo-XI-OPCAO-DE-COTA-ESCOLHIDA-3.pdf\">Anexo XI &#8211; OP\u00c7\u00c3O DE COTA ESCOLHIDA 3\u00b7 Annex XI &#8211; CHOSEN QUOTA OPTION 3<br \/>\n<\/a><br \/>\n<a href=\"http:\/\/uenf.br\/posgraduacao\/agroecologia-e-desenvolvimentorural\/wp-content\/uploads\/sites\/18\/2025\/09\/Formuario-para-recorrer.pdf\">\u00b7 Form-to-appeal Formuario-para-recorrer<\/a><\/p>\n","protected":false},"excerpt":{"rendered":"<p>SELECTION NOTICE FOR ADMISSION IN THE FIRST SEMESTER OF 2026 APPLICATIONS FOR SELECTION OF CANDIDATES FOR THE PROFESSIONAL MASTER&#8217;S DEGREE&#8230;<\/p>\n","protected":false},"author":43,"featured_media":0,"parent":0,"menu_order":8,"comment_status":"closed","ping_status":"closed","template":"","meta":{"footnotes":""},"class_list":["post-52","page","type-page","status-publish","hentry"],"_links":{"self":[{"href":"https:\/\/uenf.br\/posgraduacao\/agroecologia-e-desenvolvimentorural\/wp-json\/wp\/v2\/pages\/52","targetHints":{"allow":["GET"]}}],"collection":[{"href":"https:\/\/uenf.br\/posgraduacao\/agroecologia-e-desenvolvimentorural\/wp-json\/wp\/v2\/pages"}],"about":[{"href":"https:\/\/uenf.br\/posgraduacao\/agroecologia-e-desenvolvimentorural\/wp-json\/wp\/v2\/types\/page"}],"author":[{"embeddable":true,"href":"https:\/\/uenf.br\/posgraduacao\/agroecologia-e-desenvolvimentorural\/wp-json\/wp\/v2\/users\/43"}],"replies":[{"embeddable":true,"href":"https:\/\/uenf.br\/posgraduacao\/agroecologia-e-desenvolvimentorural\/wp-json\/wp\/v2\/comments?post=52"}],"version-history":[{"count":0,"href":"https:\/\/uenf.br\/posgraduacao\/agroecologia-e-desenvolvimentorural\/wp-json\/wp\/v2\/pages\/52\/revisions"}],"wp:attachment":[{"href":"https:\/\/uenf.br\/posgraduacao\/agroecologia-e-desenvolvimentorural\/wp-json\/wp\/v2\/media?parent=52"}],"curies":[{"name":"wp","href":"https:\/\/api.w.org\/{rel}","templated":true}]}}