{"id":73,"date":"2022-07-11T22:50:58","date_gmt":"2022-07-12T01:50:58","guid":{"rendered":"https:\/\/uenf.br\/posgraduacao\/agroecologia-e-desenvolvimentorural\/?page_id=73"},"modified":"2025-10-03T16:53:35","modified_gmt":"2025-10-03T19:53:35","slug":"linha-de-pesquisa","status":"publish","type":"page","link":"https:\/\/uenf.br\/posgraduacao\/agroecologia-e-desenvolvimentorural\/linha-de-pesquisa\/","title":{"rendered":"Linhas de Pesquisa"},"content":{"rendered":"<p><img loading=\"lazy\" decoding=\"async\" class=\"alignnone wp-image-74\" src=\"https:\/\/uenf.br\/posgraduacao\/agroecologia-e-desenvolvimentorural\/wp-content\/uploads\/sites\/18\/2022\/07\/Neste-Perfil-Sempre-Tem-Boas-Dicas-De-Programacao-E-Dos-Melhores-Cafes-Do-Brasil-1-300x51.png\" alt=\"\" width=\"801\" height=\"136\" srcset=\"https:\/\/uenf.br\/posgraduacao\/agroecologia-e-desenvolvimentorural\/wp-content\/uploads\/sites\/18\/2022\/07\/Neste-Perfil-Sempre-Tem-Boas-Dicas-De-Programacao-E-Dos-Melhores-Cafes-Do-Brasil-1-300x51.png 300w, https:\/\/uenf.br\/posgraduacao\/agroecologia-e-desenvolvimentorural\/wp-content\/uploads\/sites\/18\/2022\/07\/Neste-Perfil-Sempre-Tem-Boas-Dicas-De-Programacao-E-Dos-Melhores-Cafes-Do-Brasil-1-1024x173.png 1024w, https:\/\/uenf.br\/posgraduacao\/agroecologia-e-desenvolvimentorural\/wp-content\/uploads\/sites\/18\/2022\/07\/Neste-Perfil-Sempre-Tem-Boas-Dicas-De-Programacao-E-Dos-Melhores-Cafes-Do-Brasil-1-768x130.png 768w, https:\/\/uenf.br\/posgraduacao\/agroecologia-e-desenvolvimentorural\/wp-content\/uploads\/sites\/18\/2022\/07\/Neste-Perfil-Sempre-Tem-Boas-Dicas-De-Programacao-E-Dos-Melhores-Cafes-Do-Brasil-1.png 1128w\" sizes=\"auto, (max-width: 801px) 100vw, 801px\" \/><\/p>\n<h4 style=\"text-align: center\"><span style=\"color: #0000ff\"><strong>\u00c1rea de concentra\u00e7\u00e3o: AGROECOLOGIA E DESENVOLVIMENTO RURAL SUSTENT\u00c1VEL<\/strong><\/span><\/h4>\n<p><span style=\"color: #000000\"><strong>As pesquisas realizadas dentro do Programa est\u00e3o distribu\u00eddas dentro de QUATRO LINHAS, sendo elas:<\/strong><\/span><\/p>\n<ol>\n<li><span style=\"color: #008000\"><strong>Fundamentos da Agroecologia<\/strong><\/span><\/li>\n<\/ol>\n<ul>\n<li>Teorias em Agroecologia (disciplina cient\u00edfica, pr\u00e1tica t\u00e9cnica, movimento social).<\/li>\n<li>Fundamentos da Ecologia aplicados a sistemas agroecol\u00f3gicos (Estrutura e funcionamento).<\/li>\n<li>Desenhos e modelos de produ\u00e7\u00e3o Agroecol\u00f3gica.<\/li>\n<li>Modelos de Pesquisa em Agroecologia.<\/li>\n<li>Sistemas de Avalia\u00e7\u00e3o de processos Agroecol\u00f3gicos.<\/li>\n<li>Mecaniza\u00e7\u00e3o na implanta\u00e7\u00e3o e condu\u00e7\u00e3o de agroecossistemas<\/li>\n<\/ul>\n<ol start=\"2\">\n<li><span style=\"color: #008000\"><strong>Manejo Ecol\u00f3gico dos Solos<\/strong><\/span><\/li>\n<\/ol>\n<ul>\n<li>\u00a0Supera\u00e7\u00e3o dos limitantes ed\u00e1ficos para produ\u00e7\u00e3o agroecol\u00f3gica.<\/li>\n<li>\u00a0Desenvolvimento de Insumos Biol\u00f3gicos.<\/li>\n<li>\u00a0Otimiza\u00e7\u00e3o de processos microbianos.<\/li>\n<li>Conhecimento tradicional e pedologia.<\/li>\n<li>Inform\u00e1tica aplicada ao manejo de solos.<\/li>\n<li>Uso de p\u00f3s de rocha.<\/li>\n<li>Aduba\u00e7\u00e3o verde; Aduba\u00e7\u00e3o Org\u00e2nica; Plantio consorciado e Policultivos.<\/li>\n<li>Manejo da \u00e1gua no sistema solo-planta.<\/li>\n<\/ul>\n<ol start=\"3\">\n<li><span style=\"color: #008000\"><strong>Sa\u00fade dos Sistemas Agroecol\u00f3gicos<\/strong><\/span><\/li>\n<\/ol>\n<ul>\n<li>Sanidade vegetal e animal.<\/li>\n<li>Ciclo das rela\u00e7\u00f5es pat\u00f3geno-hospedeiro.<\/li>\n<li>Potencial de utiliza\u00e7\u00e3o de plantas bioativas no redesenho de agroecossistemas. Identifica\u00e7\u00e3o de plantas bioativas.<\/li>\n<li>Homeopatia agropecu\u00e1ria<\/li>\n<li>Aspectos ambientais, sociais e econ\u00f4micos do manejo ecol\u00f3gico fitossanit\u00e1rio em agroecossistemas sustent\u00e1veis.<\/li>\n<li>M\u00e9todos f\u00edsicos e culturais para preven\u00e7\u00e3o e controle de fit\u00f3fagos e pat\u00f3genos.<\/li>\n<li>Rela\u00e7\u00f5es inseto praga- hospedeiro.<\/li>\n<li>Princ\u00edpios ecol\u00f3gicos para o manejo e monitoramento de popula\u00e7\u00f5es indesejadas em agroecossistemas.<\/li>\n<li>Alelopatia e inseticidas alternativos de origem vegetal, mineral e inorg\u00e2nicos.<\/li>\n<li>Manipula\u00e7\u00e3o do ambiente em cultivos agroecol\u00f3gicos.<\/li>\n<li>Trofobiose.<\/li>\n<\/ul>\n<ol start=\"4\">\n<li><span style=\"color: #008000\"><strong>Sociedade e Desenvolvimento e Seguran\u00e7a alimentar<\/strong><\/span><\/li>\n<\/ol>\n<ul>\n<li>Extens\u00e3o ou comunica\u00e7\u00e3o agroecol\u00f3gica.<\/li>\n<li>M\u00e9todos de pesquisa social em agroecologia.<\/li>\n<li>Tecnologias sociais e Economia solid\u00e1ria.<\/li>\n<li>Educa\u00e7\u00e3o do campo.<\/li>\n<li>Cultura de seguran\u00e7a e valoriza\u00e7\u00e3o da vida.<\/li>\n<li>Desenvolvimento rural.<\/li>\n<li>Plantas aliment\u00edcias n\u00e3o convencionais.<\/li>\n<li>Fomento \u00e0 culin\u00e1ria regional e ao alimento local.<\/li>\n<li>Seguran\u00e7a alimentar.<\/li>\n<li style=\"list-style-type: none\"><\/li>\n<\/ul>\n","protected":false},"excerpt":{"rendered":"<p>\u00c1rea de concentra\u00e7\u00e3o: AGROECOLOGIA E DESENVOLVIMENTO RURAL SUSTENT\u00c1VEL As pesquisas realizadas dentro do Programa est\u00e3o distribu\u00eddas dentro de QUATRO LINHAS,&#8230;<\/p>\n","protected":false},"author":43,"featured_media":0,"parent":0,"menu_order":5,"comment_status":"closed","ping_status":"closed","template":"","meta":{"footnotes":""},"class_list":["post-73","page","type-page","status-publish","hentry"],"_links":{"self":[{"href":"https:\/\/uenf.br\/posgraduacao\/agroecologia-e-desenvolvimentorural\/wp-json\/wp\/v2\/pages\/73","targetHints":{"allow":["GET"]}}],"collection":[{"href":"https:\/\/uenf.br\/posgraduacao\/agroecologia-e-desenvolvimentorural\/wp-json\/wp\/v2\/pages"}],"about":[{"href":"https:\/\/uenf.br\/posgraduacao\/agroecologia-e-desenvolvimentorural\/wp-json\/wp\/v2\/types\/page"}],"author":[{"embeddable":true,"href":"https:\/\/uenf.br\/posgraduacao\/agroecologia-e-desenvolvimentorural\/wp-json\/wp\/v2\/users\/43"}],"replies":[{"embeddable":true,"href":"https:\/\/uenf.br\/posgraduacao\/agroecologia-e-desenvolvimentorural\/wp-json\/wp\/v2\/comments?post=73"}],"version-history":[{"count":0,"href":"https:\/\/uenf.br\/posgraduacao\/agroecologia-e-desenvolvimentorural\/wp-json\/wp\/v2\/pages\/73\/revisions"}],"wp:attachment":[{"href":"https:\/\/uenf.br\/posgraduacao\/agroecologia-e-desenvolvimentorural\/wp-json\/wp\/v2\/media?parent=73"}],"curies":[{"name":"wp","href":"https:\/\/api.w.org\/{rel}","templated":true}]}}