{"id":87,"date":"2022-07-11T23:50:05","date_gmt":"2022-07-12T02:50:05","guid":{"rendered":"https:\/\/uenf.br\/posgraduacao\/agroecologia-e-desenvolvimentorural\/?page_id=87"},"modified":"2025-02-12T17:49:44","modified_gmt":"2025-02-12T20:49:44","slug":"missao-e-objetivo","status":"publish","type":"page","link":"https:\/\/uenf.br\/posgraduacao\/agroecologia-e-desenvolvimentorural\/missao-e-objetivo\/","title":{"rendered":"Miss\u00e3o e Objetivo"},"content":{"rendered":"<p><img loading=\"lazy\" decoding=\"async\" class=\"alignnone wp-image-89\" src=\"https:\/\/uenf.br\/posgraduacao\/agroecologia-e-desenvolvimentorural\/wp-content\/uploads\/sites\/18\/2022\/07\/Neste-Perfil-Sempre-Tem-Boas-Dicas-De-Programacao-E-Dos-Melhores-Cafes-Do-Brasil-3-300x51.png\" alt=\"\" width=\"729\" height=\"124\" srcset=\"https:\/\/uenf.br\/posgraduacao\/agroecologia-e-desenvolvimentorural\/wp-content\/uploads\/sites\/18\/2022\/07\/Neste-Perfil-Sempre-Tem-Boas-Dicas-De-Programacao-E-Dos-Melhores-Cafes-Do-Brasil-3-300x51.png 300w, https:\/\/uenf.br\/posgraduacao\/agroecologia-e-desenvolvimentorural\/wp-content\/uploads\/sites\/18\/2022\/07\/Neste-Perfil-Sempre-Tem-Boas-Dicas-De-Programacao-E-Dos-Melhores-Cafes-Do-Brasil-3-1024x173.png 1024w, https:\/\/uenf.br\/posgraduacao\/agroecologia-e-desenvolvimentorural\/wp-content\/uploads\/sites\/18\/2022\/07\/Neste-Perfil-Sempre-Tem-Boas-Dicas-De-Programacao-E-Dos-Melhores-Cafes-Do-Brasil-3-768x130.png 768w, https:\/\/uenf.br\/posgraduacao\/agroecologia-e-desenvolvimentorural\/wp-content\/uploads\/sites\/18\/2022\/07\/Neste-Perfil-Sempre-Tem-Boas-Dicas-De-Programacao-E-Dos-Melhores-Cafes-Do-Brasil-3.png 1128w\" sizes=\"auto, (max-width: 729px) 100vw, 729px\" \/><\/p>\n<h2><span style=\"color: #008000\"><strong>Miss\u00e3o:<\/strong><\/span><\/h2>\n<p>Potencializar o projeto de desenvolvimento rural sustent\u00e1vel do Rio de Janeiro, utilizando para isso as ferramentas cient\u00edficas e tecnol\u00f3gicas da Agroecologia.<\/p>\n<h2><span style=\"color: #008000\"><strong>Objetivo:<\/strong><\/span><\/h2>\n<p>Capacita\u00e7\u00e3o e qualifica\u00e7\u00e3o de profissionais que atuem na assist\u00eancia t\u00e9cnica, pesquisa e extens\u00e3o rural visando \u00e0 compreens\u00e3o da estrutura, do funcionamento e do manejo dos sistemas agroecol\u00f3gicos. Integra os conceitos e princ\u00edpios da ecologia e das ci\u00eancias sociais para que, com os crit\u00e9rios e par\u00e2metros da Agroecologia, e, a partir de uma abordagem multidisciplinar, possa qualificar os agentes de promo\u00e7\u00e3o do desenvolvimento rural sustent\u00e1vel.<\/p>\n<h2><span style=\"color: #008000\"><strong>Vis\u00e3o:<\/strong><\/span><\/h2>\n<p>O MPADRS apresenta uma vis\u00e3o poliss\u00eamica da ci\u00eancia em conex\u00e3o com os movimentos s\u00f3cio-pol\u00edticos que mobilizam diferentes redes de atores envolvidos na promo\u00e7\u00e3o do desenvolvimento sustent\u00e1vel da agricultura familiar. Para isso, adota a vis\u00e3o sist\u00eamica, a transdisciplinaridade, as abordagens participativas e a pesquisa-a\u00e7\u00e3o, incluindo a constru\u00e7\u00e3o do di\u00e1logo entre o saber campon\u00eas e o saber cient\u00edfico da academia.<\/p>\n<h2><strong><span style=\"color: #008000\">Valor gerado:<\/span><\/strong><\/h2>\n<p>A concep\u00e7\u00e3o reinante sobre a agricultura familiar e camponesa se mant\u00e9m como a de atrelamento subalterno ao agroneg\u00f3cio convencional no qual programas de pesquisa espec\u00edficos s\u00e3o conduzidos para organizar tecnologias e sistemas de produ\u00e7\u00e3o para aumentar a efici\u00eancia da agricultura familiar e incorporar pequenos produtores no agroneg\u00f3cio, garantindo melhoria na sua renda e bem-estar. A falta de desenvolvimento da agricultura familiar \u00e9 concebido como falhas na ado\u00e7\u00e3o dos pacotes tecnol\u00f3gicos dispon\u00edveis. O MPADRS apresenta um valor contraposto uma vez que h\u00e1 a convic\u00e7\u00e3o de que, al\u00e9m dos progressos cient\u00edficos especializados, \u00e9 necess\u00e1ria a abordagem interdisciplinar. N\u00e3o se deve ocultar o risco de um progresso cient\u00edfico ser considerado a \u00fanica abordagem poss\u00edvel para se entender um aspecto da vida, da sociedade e do mundo. Ao contr\u00e1rio, um investigador que avan\u00e7a frutuosamente na sua an\u00e1lise, mas est\u00e1 de igual modo disposto a reconhecer outras dimens\u00f5es da realidade que investiga, gra\u00e7as ao trabalho de outras ci\u00eancias e conhecimentos, abre-se para conhecer a realidade de maneira mais \u00edntegra e plena.<br \/>\nAs atividades cient\u00edficas no MPADRS ser\u00e3o realizadas dentro de um universo de valores historicamente situados enquanto os valores \u00e9ticos e sociais da ci\u00eancia agr\u00edcola dominante est\u00e3o em sua maioria baseados no controle, apropria\u00e7\u00e3o da natureza e progresso material. Por outro lado, por meio da agroecologia, agricultores familiares, povos ind\u00edgenas e comunidades tradicionais organizadas as pesquisas situam-se al\u00e9m das t\u00e9cnicas de manejo dos<br \/>\nagrossistemas encontrando valores no campo da justi\u00e7a social, da sustentabilidade e da soberania alimentar.<br \/>\nUm aspecto central do MPADRS \u00e9 propor um enfoque cient\u00edfico plural enraizado na valoriza\u00e7\u00e3o do conhecimento local que permite \u00e0 agroecologia n\u00e3o restringir seus problemas de investiga\u00e7\u00e3o \u00e0queles compat\u00edveis com os limites internos de um dado paradigma. Assim, o conjunto de valores sociais gerados no MPADRS fazem da agroecologia uma estrat\u00e9gia de pesquisa que perpassa pela sustentabilidade, soberania alimentar, justi\u00e7a social, feminismo e fortalecimento dos atores e das organiza\u00e7\u00f5es locais. S\u00e3o valores concorrentes com aqueles que orientam a abordagem que predomina na pesquisa agr\u00edcola institucionalizada.<br \/>\nA extens\u00e3o, o ensino e a pesquisa realizadas no MPADRS levam em considera\u00e7\u00e3o o contexto nos quais est\u00e3o imersos os objetos e fen\u00f4menos de estudo e seus atores sociais. Assim, o n\u00facleo dos valores cognitivos, justamente por ser esta uma estrat\u00e9gia de ensino, pesquisa e extens\u00e3o contextualizadas, levam em considera\u00e7\u00e3o o conhecimento local dos agricultores. Essas caracter\u00edsticas credenciam a explorar \u00e1reas do saber intencionalmente descobertas ou<br \/>\nmetodologicamente inalcan\u00e7\u00e1veis pelas estrat\u00e9gias descontextualizadas de pesquisa. Nesse sentido, a pesquisa em agroecologia visando o desenvolvimento rural sustent\u00e1vel n\u00e3o \u00e9 sin\u00f4nimo de \u2014 ou est\u00e1 restrita \u00e0 \u2014 pesquisa em sistemas org\u00e2nicos ou agroecol\u00f3gicos de produ\u00e7\u00e3o (ou aqueles em transi\u00e7\u00e3o), embora naturalmente inclua estes. Ela constitui uma estrat\u00e9gia de investiga\u00e7\u00e3o cient\u00edfica com potencial de ser aplicada ao estudo de quaisquer sistemas de produ\u00e7\u00e3o de alimentos, fibras e energia, e de gest\u00e3o dos recursos naturais.<\/p>\n<p>A pesquisa do MPADRS visando o desenvolvimento rural sustent\u00e1vel assenta-se sobre os seguintes valores:<br \/>\n(i)epistemol\u00f3gicos (refor\u00e7o m\u00fatuo de conhecimentos acad\u00eamicos e locais),\u00a0 \u00a0 \u00a0 \u00a0 \u00a0 \u00a0 \u00a0 \u00a0 \u00a0 \u00a0 \u00a0 \u00a0 \u00a0 \u00a0 \u00a0 \u00a0 \u00a0 \u00a0 \u00a0 \u00a0 \u00a0 \u00a0 \u00a0 \u00a0 \u00a0 \u00a0 \u00a0 \u00a0 \u00a0 \u00a0 \u00a0 \u00a0 \u00a0 \u00a0 \u00a0 \u00a0 (ii) metodol\u00f3gicos ( plural e participativa),\u00a0 \u00a0 \u00a0 \u00a0 \u00a0 \u00a0 \u00a0 \u00a0 \u00a0 \u00a0 \u00a0 \u00a0 \u00a0 \u00a0 \u00a0 \u00a0 \u00a0 \u00a0 \u00a0 \u00a0 \u00a0 \u00a0 \u00a0 \u00a0 \u00a0 \u00a0 \u00a0 \u00a0 \u00a0 \u00a0 \u00a0 \u00a0 \u00a0 \u00a0 \u00a0 \u00a0 \u00a0 \u00a0 \u00a0 \u00a0 \u00a0 \u00a0 \u00a0 \u00a0 \u00a0 \u00a0 \u00a0 \u00a0 \u00a0 \u00a0 \u00a0 \u00a0 \u00a0 \u00a0 (iii)sustentabilidade, soberania alimentar e justi\u00e7a social,<br \/>\n(iv)autonomia (n\u00e3o regida por interesses de governos ou financiadores) e<br \/>\n(v)fortalecimento de setores sociais que n\u00e3o t\u00eam suas perspectivas priorizadas pela ci\u00eancia institucional dominante.<\/p>\n<p>&nbsp;<\/p>\n","protected":false},"excerpt":{"rendered":"<p>Miss\u00e3o: Potencializar o projeto de desenvolvimento rural sustent\u00e1vel do Rio de Janeiro, utilizando para isso as ferramentas cient\u00edficas e tecnol\u00f3gicas&#8230;<\/p>\n","protected":false},"author":43,"featured_media":0,"parent":0,"menu_order":2,"comment_status":"closed","ping_status":"closed","template":"","meta":{"footnotes":""},"class_list":["post-87","page","type-page","status-publish","hentry"],"_links":{"self":[{"href":"https:\/\/uenf.br\/posgraduacao\/agroecologia-e-desenvolvimentorural\/wp-json\/wp\/v2\/pages\/87","targetHints":{"allow":["GET"]}}],"collection":[{"href":"https:\/\/uenf.br\/posgraduacao\/agroecologia-e-desenvolvimentorural\/wp-json\/wp\/v2\/pages"}],"about":[{"href":"https:\/\/uenf.br\/posgraduacao\/agroecologia-e-desenvolvimentorural\/wp-json\/wp\/v2\/types\/page"}],"author":[{"embeddable":true,"href":"https:\/\/uenf.br\/posgraduacao\/agroecologia-e-desenvolvimentorural\/wp-json\/wp\/v2\/users\/43"}],"replies":[{"embeddable":true,"href":"https:\/\/uenf.br\/posgraduacao\/agroecologia-e-desenvolvimentorural\/wp-json\/wp\/v2\/comments?post=87"}],"version-history":[{"count":0,"href":"https:\/\/uenf.br\/posgraduacao\/agroecologia-e-desenvolvimentorural\/wp-json\/wp\/v2\/pages\/87\/revisions"}],"wp:attachment":[{"href":"https:\/\/uenf.br\/posgraduacao\/agroecologia-e-desenvolvimentorural\/wp-json\/wp\/v2\/media?parent=87"}],"curies":[{"name":"wp","href":"https:\/\/api.w.org\/{rel}","templated":true}]}}